{"id":270,"date":"2023-12-18T15:32:52","date_gmt":"2023-12-18T15:32:52","guid":{"rendered":"https:\/\/duett.es\/?page_id=270"},"modified":"2025-06-09T13:23:50","modified_gmt":"2025-06-09T13:23:50","slug":"aviso-legal","status":"publish","type":"page","link":"https:\/\/duett.es\/es\/aviso-legal\/","title":{"rendered":"Aviso legal"},"content":{"rendered":"\n<p>Para dar cumplimiento con lo establecido en la Ley 34\/2002, de 11 de julio, de servicios de la sociedad de la informaci\u00f3n y de comercio electr\u00f3nico, a continuaci\u00f3n se indican los datos de informaci\u00f3n general de este sitio web.<\/p>\n<p><strong>Titular<\/strong>:<br \/>PLAY S.A.<\/p>\n<p><strong>Direcci\u00f3n<\/strong>:\u00a0<br \/>Pol. Ind. Riera de Caldes. Ronda Boada Vell, 6.<br \/>08184 Palau-solit\u00e0 i Plegamans. Barcelona (Spain)<\/p>\n<p><strong>Contacto<\/strong>:\u00a0\u00a0<br \/>Tel\u00e9fono: 93 864 80 27<br \/>Fax: 93 864 84 91<br \/>email: <a href=\"mailto:informacion@play.es\">informacion@play.es<\/a><\/p>\n<p><strong>Datos Registrales:<\/strong><br \/>Inscrita en el Registro Mercantil de Barcelona, el 27-12-66, libro 949, sec. 2\u00aa, tomo 1511, folio 11, hoja 12360, inscrip. 1\u00aa.<\/p>\n<p><strong>CIF<\/strong>: A08209538<\/p>\n<p>Sitio web: <a href=\"http:\/\/www.duett.es\">http:\/\/www.duett.es<\/a><\/p>\n","protected":false},"excerpt":{"rendered":"<p>Para dar cumplimiento con lo establecido en la Ley 34\/2002, de 11 de julio, de servicios de la sociedad de la informaci\u00f3n y de comercio electr\u00f3nico, a continuaci\u00f3n se indican &hellip;<\/p>\n","protected":false},"author":1,"featured_media":0,"parent":0,"menu_order":0,"comment_status":"closed","ping_status":"closed","template":"","meta":{"_acf_changed":false,"footnotes":""},"class_list":["post-270","page","type-page","status-publish","hentry"],"acf":[],"yoast_head":"<!-- This site is optimized with the Yoast SEO plugin v27.3 - https:\/\/yoast.com\/product\/yoast-seo-wordpress\/ -->\n<title>Aviso legal - Duett<\/title>\n<meta name=\"description\" content=\"Para dar cumplimiento con lo establecido en la Ley 34\/2002, de 11 de julio, de servicios de la sociedad de la informaci\u00f3n y de comercio electr\u00f3nico, a\" \/>\n<meta name=\"robots\" content=\"index, follow, max-snippet:-1, max-image-preview:large, max-video-preview:-1\" \/>\n<link rel=\"canonical\" href=\"https:\/\/duett.es\/es\/aviso-legal\/\" \/>\n<meta property=\"og:locale\" content=\"es_ES\" \/>\n<meta property=\"og:type\" content=\"article\" \/>\n<meta property=\"og:title\" content=\"Aviso legal - Duett\" \/>\n<meta property=\"og:description\" content=\"Para dar cumplimiento con lo establecido en la Ley 34\/2002, de 11 de julio, de servicios de la sociedad de la informaci\u00f3n y de comercio electr\u00f3nico, a\" \/>\n<meta property=\"og:url\" content=\"https:\/\/duett.es\/es\/aviso-legal\/\" \/>\n<meta property=\"og:site_name\" content=\"Duett\" \/>\n<meta property=\"article:modified_time\" content=\"2025-06-09T13:23:50+00:00\" \/>\n<meta name=\"twitter:card\" content=\"summary_large_image\" \/>\n<meta name=\"twitter:label1\" content=\"Tiempo de lectura\" \/>\n\t<meta name=\"twitter:data1\" content=\"1 minuto\" \/>\n<script type=\"application\/ld+json\" class=\"yoast-schema-graph\">{\"@context\":\"https:\\\/\\\/schema.org\",\"@graph\":[{\"@type\":\"WebPage\",\"@id\":\"https:\\\/\\\/duett.es\\\/es\\\/aviso-legal\\\/\",\"url\":\"https:\\\/\\\/duett.es\\\/es\\\/aviso-legal\\\/\",\"name\":\"Aviso legal - Duett\",\"isPartOf\":{\"@id\":\"https:\\\/\\\/duett.es\\\/es\\\/#website\"},\"datePublished\":\"2023-12-18T15:32:52+00:00\",\"dateModified\":\"2025-06-09T13:23:50+00:00\",\"description\":\"Para dar cumplimiento con lo establecido en la Ley 34\\\/2002, de 11 de julio, de servicios de la sociedad de la informaci\u00f3n y de comercio electr\u00f3nico, a\",\"breadcrumb\":{\"@id\":\"https:\\\/\\\/duett.es\\\/es\\\/aviso-legal\\\/#breadcrumb\"},\"inLanguage\":\"es\",\"potentialAction\":[{\"@type\":\"ReadAction\",\"target\":[\"https:\\\/\\\/duett.es\\\/es\\\/aviso-legal\\\/\"]}]},{\"@type\":\"BreadcrumbList\",\"@id\":\"https:\\\/\\\/duett.es\\\/es\\\/aviso-legal\\\/#breadcrumb\",\"itemListElement\":[{\"@type\":\"ListItem\",\"position\":1,\"name\":\"Portada\",\"item\":\"https:\\\/\\\/duett.es\\\/es\\\/\"},{\"@type\":\"ListItem\",\"position\":2,\"name\":\"Aviso legal\"}]},{\"@type\":\"WebSite\",\"@id\":\"https:\\\/\\\/duett.es\\\/es\\\/#website\",\"url\":\"https:\\\/\\\/duett.es\\\/es\\\/\",\"name\":\"Duett\",\"description\":\"\",\"publisher\":{\"@id\":\"https:\\\/\\\/duett.es\\\/es\\\/#organization\"},\"potentialAction\":[{\"@type\":\"SearchAction\",\"target\":{\"@type\":\"EntryPoint\",\"urlTemplate\":\"https:\\\/\\\/duett.es\\\/es\\\/?s={search_term_string}\"},\"query-input\":{\"@type\":\"PropertyValueSpecification\",\"valueRequired\":true,\"valueName\":\"search_term_string\"}}],\"inLanguage\":\"es\"},{\"@type\":\"Organization\",\"@id\":\"https:\\\/\\\/duett.es\\\/es\\\/#organization\",\"name\":\"Duett\",\"url\":\"https:\\\/\\\/duett.es\\\/es\\\/\",\"logo\":{\"@type\":\"ImageObject\",\"inLanguage\":\"es\",\"@id\":\"https:\\\/\\\/duett.es\\\/es\\\/#\\\/schema\\\/logo\\\/image\\\/\",\"url\":\"https:\\\/\\\/duett.es\\\/wp-content\\\/uploads\\\/logo-duett.svg\",\"contentUrl\":\"https:\\\/\\\/duett.es\\\/wp-content\\\/uploads\\\/logo-duett.svg\",\"width\":122,\"height\":34,\"caption\":\"Duett\"},\"image\":{\"@id\":\"https:\\\/\\\/duett.es\\\/es\\\/#\\\/schema\\\/logo\\\/image\\\/\"}}]}<\/script>\n<!-- \/ Yoast SEO plugin. -->","yoast_head_json":{"title":"Aviso legal - Duett","description":"Para dar cumplimiento con lo establecido en la Ley 34\/2002, de 11 de julio, de servicios de la sociedad de la informaci\u00f3n y de comercio electr\u00f3nico, a","robots":{"index":"index","follow":"follow","max-snippet":"max-snippet:-1","max-image-preview":"max-image-preview:large","max-video-preview":"max-video-preview:-1"},"canonical":"https:\/\/duett.es\/es\/aviso-legal\/","og_locale":"es_ES","og_type":"article","og_title":"Aviso legal - Duett","og_description":"Para dar cumplimiento con lo establecido en la Ley 34\/2002, de 11 de julio, de servicios de la sociedad de la informaci\u00f3n y de comercio electr\u00f3nico, a","og_url":"https:\/\/duett.es\/es\/aviso-legal\/","og_site_name":"Duett","article_modified_time":"2025-06-09T13:23:50+00:00","twitter_card":"summary_large_image","twitter_misc":{"Tiempo de lectura":"1 minuto"},"schema":{"@context":"https:\/\/schema.org","@graph":[{"@type":"WebPage","@id":"https:\/\/duett.es\/es\/aviso-legal\/","url":"https:\/\/duett.es\/es\/aviso-legal\/","name":"Aviso legal - Duett","isPartOf":{"@id":"https:\/\/duett.es\/es\/#website"},"datePublished":"2023-12-18T15:32:52+00:00","dateModified":"2025-06-09T13:23:50+00:00","description":"Para dar cumplimiento con lo establecido en la Ley 34\/2002, de 11 de julio, de servicios de la sociedad de la informaci\u00f3n y de comercio electr\u00f3nico, a","breadcrumb":{"@id":"https:\/\/duett.es\/es\/aviso-legal\/#breadcrumb"},"inLanguage":"es","potentialAction":[{"@type":"ReadAction","target":["https:\/\/duett.es\/es\/aviso-legal\/"]}]},{"@type":"BreadcrumbList","@id":"https:\/\/duett.es\/es\/aviso-legal\/#breadcrumb","itemListElement":[{"@type":"ListItem","position":1,"name":"Portada","item":"https:\/\/duett.es\/es\/"},{"@type":"ListItem","position":2,"name":"Aviso legal"}]},{"@type":"WebSite","@id":"https:\/\/duett.es\/es\/#website","url":"https:\/\/duett.es\/es\/","name":"Duett","description":"","publisher":{"@id":"https:\/\/duett.es\/es\/#organization"},"potentialAction":[{"@type":"SearchAction","target":{"@type":"EntryPoint","urlTemplate":"https:\/\/duett.es\/es\/?s={search_term_string}"},"query-input":{"@type":"PropertyValueSpecification","valueRequired":true,"valueName":"search_term_string"}}],"inLanguage":"es"},{"@type":"Organization","@id":"https:\/\/duett.es\/es\/#organization","name":"Duett","url":"https:\/\/duett.es\/es\/","logo":{"@type":"ImageObject","inLanguage":"es","@id":"https:\/\/duett.es\/es\/#\/schema\/logo\/image\/","url":"https:\/\/duett.es\/wp-content\/uploads\/logo-duett.svg","contentUrl":"https:\/\/duett.es\/wp-content\/uploads\/logo-duett.svg","width":122,"height":34,"caption":"Duett"},"image":{"@id":"https:\/\/duett.es\/es\/#\/schema\/logo\/image\/"}}]}},"_links":{"self":[{"href":"https:\/\/duett.es\/es\/wp-json\/wp\/v2\/pages\/270","targetHints":{"allow":["GET"]}}],"collection":[{"href":"https:\/\/duett.es\/es\/wp-json\/wp\/v2\/pages"}],"about":[{"href":"https:\/\/duett.es\/es\/wp-json\/wp\/v2\/types\/page"}],"author":[{"embeddable":true,"href":"https:\/\/duett.es\/es\/wp-json\/wp\/v2\/users\/1"}],"replies":[{"embeddable":true,"href":"https:\/\/duett.es\/es\/wp-json\/wp\/v2\/comments?post=270"}],"version-history":[{"count":0,"href":"https:\/\/duett.es\/es\/wp-json\/wp\/v2\/pages\/270\/revisions"}],"wp:attachment":[{"href":"https:\/\/duett.es\/es\/wp-json\/wp\/v2\/media?parent=270"}],"curies":[{"name":"wp","href":"https:\/\/api.w.org\/{rel}","templated":true}]}}