{"id":272,"date":"2023-12-18T15:33:19","date_gmt":"2023-12-18T15:33:19","guid":{"rendered":"https:\/\/duett.es\/?page_id=272"},"modified":"2025-06-10T06:57:49","modified_gmt":"2025-06-10T06:57:49","slug":"politica-de-cookies","status":"publish","type":"page","link":"https:\/\/duett.es\/es\/politica-de-cookies\/","title":{"rendered":"Pol\u00edtica de cookies"},"content":{"rendered":"\n<p>Para efectuar la comunicaci\u00f3n por la red con el equipo del USUARIO, prestarle los servicios solicitados, mejorar su experiencia de navegaci\u00f3n y ofrecerle informaci\u00f3n comercial personalizada, este Sitio Web utiliza mecanismos de implantaci\u00f3n de cookies y almacenamiento de direcciones IP.<\/p>\n\n\n\n<p>Una cookie es un fichero que se descarga en su ordenador al acceder a determinadas p\u00e1ginas web. Las cookies permiten a una p\u00e1gina web, entre otras cosas, almacenar y recuperar informaci\u00f3n sobre los h\u00e1bitos de navegaci\u00f3n de un usuario o de su equipo y, dependiendo de la informaci\u00f3n que contengan y de la forma en que se utilice su equipo, pueden servir para reconocerlo.<\/p>\n\n\n\n<p>No obstante, estos medios s\u00f3lo obtienen informaci\u00f3n relacionada con el n\u00famero de p\u00e1ginas visitas, la ciudad a la que est\u00e1 asignada la direcci\u00f3n IP desde la que se accede, el n\u00famero de nuevos usuarios, la frecuencia y reincidencia de las visitas, el tiempo de visita, el navegador o el operador o tipo de terminal desde el que se realiza la visita. En ning\u00fan caso se obtienen datos sobre el nombre, apellidos, direcci\u00f3n postal u otros datos an\u00e1logos del usuario que se ha conectado.<\/p>\n\n\n\n<p>Las cookies utilizadas en esta p\u00e1gina Web son las que genera Google Analitycs, siendo la denominaci\u00f3n y la concreta finalidad de cada una de ellas las siguientes:<\/p>\n\n\n\n<p>\u00b7 __utma: Caduca 2 a\u00f1os desde la \u00faltima actualizaci\u00f3n. Esta cookie genera un ID de usuario \u00fanico y registra la fecha, la primera y la \u00faltima vez que el usuario visti\u00f3 la web. Se utiliza para hacer recuento de cuantas veces visita el sitio un usuario \u00fanico.<\/p>\n\n\n\n<p>\u00b7 __utmb: Caduca a los 30 minutos de la \u00faltima actualizaci\u00f3n. Esta cookie registra la hora de llegada a la p\u00e1gina y caduca a los 30 minutos del \u00faltimo registro de p\u00e1gina vista. Se elimina autom\u00e1ticamente al cambiar de web o al cerrar el navegador. Sirve para calcular el tiempo que un usuario permanece en una p\u00e1gina.<\/p>\n\n\n\n<p>\u00b7 __utmc: Esta cookie tiene una finalidad similar a la anterior pero para las webs donde est\u00e1 instalado el antiguo c\u00f3digo de seguimiento urchin.js.<\/p>\n\n\n\n<p>\u00b7 __utmz: Caduca a los 6 meses.Esta cookie almacena el origen del visitante, el camino que ha seguido para acceder a la web ya sea acceso directo, desde un link en otra web, desde un enlace de correo electr\u00f3nico, empleando determinadas palabras clave en un motor de b\u00fasqueda, a trav\u00e9s de una campa\u00f1a de display, o por medio de un anuncio de AdWords. Esta cookie se utiliza para calcular el tr\u00e1fico que proviene de motores de b\u00fasqueda (org\u00e1nico y PPC), las campa\u00f1as publicitarias en display y la navegaci\u00f3n dentro de la misma web (enlaces internos). La cookie se actualiza en cada visita a la web.<\/p>\n\n\n\n<p>. texto: Esta cookie se encarga de determinar si ya se ha le\u00eddo la Pol\u00edtica de Cookies y se ha aceptado expresamente su uso; de este modo, la informaci\u00f3n sobre ellas no aparecer\u00e1 de nuevo en las sucesivas visitas a la Web.<\/p>\n\n\n\n<p>Puede usted permitir, bloquear o eliminar las cookies instaladas en su equipo mediante la configuraci\u00f3n de las opciones de su navegador. Puede encontrar informaci\u00f3n sobre c\u00f3mo hacerlo, en relaci\u00f3n con los navegadores m\u00e1s comunes, en los links que se incluyen a continuaci\u00f3n:<\/p>\n\n\n\n<ul class=\"wp-block-list\">\n<li>Explorer: <a href=\"http:\/\/windows.microsoft.com\/es-es\/windows7\/how-to-manage-cookies-in-internet-explorer-9\" target=\"_blank\" rel=\"noreferrer noopener\">http:\/\/windows.microsoft.com\/es-es\/windows7\/how-to-manage-cookies-in-internet-explorer-9<\/a><\/li>\n\n\n\n<li>Firefox: <a href=\"http:\/\/support.mozilla.org\/es\/products\/firefox\/cookies\" target=\"_blank\" rel=\"noreferrer noopener\">http:\/\/support.mozilla.org\/es\/products\/firefox\/cookies<\/a><\/li>\n\n\n\n<li>Chrome: <a href=\"http:\/\/support.google.com\/chrome\/bin\/answer.py?hl=es&amp;answer=95647\" target=\"_blank\" rel=\"noreferrer noopener\">http:\/\/support.google.com\/chrome\/bin\/answer.py?hl=es&amp;answer=95647<\/a><\/li>\n\n\n\n<li>Safari: <a href=\"http:\/\/support.apple.com\/kb\/ph5042\" target=\"_blank\" rel=\"noreferrer noopener\">http:\/\/support.apple.com\/kb\/ph5042<\/a><\/li>\n<\/ul>\n\n\n\n<p>Sin embargo, PLAY no se responsabiliza de que ello obstaculice el buen funcionamiento del Sitio Web y\/o la prestaci\u00f3n del servicio seleccionado, debido a que, en su mayor\u00eda, las cookies son necesarias para que se produzca la efectiva comunicaci\u00f3n entre el Sitio Web y el USUARIO o para la prestaci\u00f3n del servicio.<\/p>\n\n\n\n<p><strong>Seguridad y confidencialidad de los datos de car\u00e1cter personal<\/strong><\/p>\n\n\n\n<p>PLAY tiene implantadas las medidas t\u00e9cnicas y organizativas necesarias para garantizar la seguridad y confidencialidad de los datos de car\u00e1cter personal y evitar as\u00ed su alteraci\u00f3n, p\u00e9rdida, tratamiento o acceso no autorizados, de acuerdo con lo establecido en la Ley Org\u00e1nica 15\/1999 de 13 de diciembre, de Protecci\u00f3n de Datos de Car\u00e1cter Personal, y el Real Decreto 1720\/2007, de 21 de diciembre, por el que se aprueba su Reglamento de desarrollo.<\/p>\n\n\n\n<p>No obstante, el USUARIO debe ser consciente de que la seguridad de los sistemas inform\u00e1ticos nunca puede ser absoluta. Asimismo, debe tenerse en cuenta que, cuando se facilitan datos personales a trav\u00e9s de Internet, dicha informaci\u00f3n puede ser recogida sin su consentimiento y posteriormente tratada por terceros no autorizados en funci\u00f3n de los programas que tenga instalados en su ordenador, incluso sin su conocimiento (spyware, malware, troyanos, etc.). Es responsabilidad del USUARIO proteger sus datos personales, contrase\u00f1as y cualesquier otro dato protegido que contenga su ordenador. PLAY declina cualquier tipo de responsabilidad sobre lo que ocurre con la informaci\u00f3n que el USUARIO publica voluntariamente en el Sitio Web y que sea intervenida por terceras personas no autorizadas por el USUARIO ni por PLAY.<\/p>\n\n\n\n<p>De conformidad con lo dispuesto en la antedicha Ley Org\u00e1nica, PLAY le informa de la posibilidad de ejercer sus derechos de acceso, rectificaci\u00f3n, cancelaci\u00f3n y oposici\u00f3n mediante escrito que deber\u00e1 remitirse a la direcci\u00f3n de correo electr\u00f3nico <a href=\"mailto:protecciondedatos@play.es\">protecciondedatos@play.es<\/a>. Estos derechos ser\u00e1n atendidos sin perjuicio del deber de conservar ciertos datos en los t\u00e9rminos legales y hasta que prescriban las eventuales responsabilidades derivadas del tratamiento, o, en su caso, de la relaci\u00f3n contractual.<\/p>\n","protected":false},"excerpt":{"rendered":"<p>Para efectuar la comunicaci\u00f3n por la red con el equipo del USUARIO, prestarle los servicios solicitados, mejorar su experiencia de navegaci\u00f3n y ofrecerle informaci\u00f3n comercial personalizada, este Sitio Web utiliza &hellip;<\/p>\n","protected":false},"author":1,"featured_media":0,"parent":0,"menu_order":0,"comment_status":"closed","ping_status":"closed","template":"","meta":{"_acf_changed":false,"footnotes":""},"class_list":["post-272","page","type-page","status-publish","hentry"],"acf":[],"yoast_head":"<!-- This site is optimized with the Yoast SEO plugin v27.3 - https:\/\/yoast.com\/product\/yoast-seo-wordpress\/ -->\n<title>Pol\u00edtica de cookies - Duett<\/title>\n<meta name=\"description\" content=\"Para efectuar la comunicaci\u00f3n por la red con el equipo del USUARIO, prestarle los servicios solicitados, mejorar su experiencia de navegaci\u00f3n y ofrecerle\" \/>\n<meta name=\"robots\" content=\"index, follow, max-snippet:-1, max-image-preview:large, max-video-preview:-1\" \/>\n<link rel=\"canonical\" href=\"https:\/\/duett.es\/es\/politica-de-cookies\/\" \/>\n<meta property=\"og:locale\" content=\"es_ES\" \/>\n<meta property=\"og:type\" content=\"article\" \/>\n<meta property=\"og:title\" content=\"Pol\u00edtica de cookies - Duett\" \/>\n<meta property=\"og:description\" content=\"Para efectuar la comunicaci\u00f3n por la red con el equipo del USUARIO, prestarle los servicios solicitados, mejorar su experiencia de navegaci\u00f3n y ofrecerle\" \/>\n<meta property=\"og:url\" content=\"https:\/\/duett.es\/es\/politica-de-cookies\/\" \/>\n<meta property=\"og:site_name\" content=\"Duett\" \/>\n<meta property=\"article:modified_time\" content=\"2025-06-10T06:57:49+00:00\" \/>\n<meta name=\"twitter:card\" content=\"summary_large_image\" \/>\n<meta name=\"twitter:label1\" content=\"Tiempo de lectura\" \/>\n\t<meta name=\"twitter:data1\" content=\"4 minutos\" \/>\n<script type=\"application\/ld+json\" class=\"yoast-schema-graph\">{\"@context\":\"https:\\\/\\\/schema.org\",\"@graph\":[{\"@type\":\"WebPage\",\"@id\":\"https:\\\/\\\/duett.es\\\/es\\\/politica-de-cookies\\\/\",\"url\":\"https:\\\/\\\/duett.es\\\/es\\\/politica-de-cookies\\\/\",\"name\":\"Pol\u00edtica de cookies - Duett\",\"isPartOf\":{\"@id\":\"https:\\\/\\\/duett.es\\\/es\\\/#website\"},\"datePublished\":\"2023-12-18T15:33:19+00:00\",\"dateModified\":\"2025-06-10T06:57:49+00:00\",\"description\":\"Para efectuar la comunicaci\u00f3n por la red con el equipo del USUARIO, prestarle los servicios solicitados, mejorar su experiencia de navegaci\u00f3n y ofrecerle\",\"breadcrumb\":{\"@id\":\"https:\\\/\\\/duett.es\\\/es\\\/politica-de-cookies\\\/#breadcrumb\"},\"inLanguage\":\"es\",\"potentialAction\":[{\"@type\":\"ReadAction\",\"target\":[\"https:\\\/\\\/duett.es\\\/es\\\/politica-de-cookies\\\/\"]}]},{\"@type\":\"BreadcrumbList\",\"@id\":\"https:\\\/\\\/duett.es\\\/es\\\/politica-de-cookies\\\/#breadcrumb\",\"itemListElement\":[{\"@type\":\"ListItem\",\"position\":1,\"name\":\"Portada\",\"item\":\"https:\\\/\\\/duett.es\\\/es\\\/\"},{\"@type\":\"ListItem\",\"position\":2,\"name\":\"Pol\u00edtica de cookies\"}]},{\"@type\":\"WebSite\",\"@id\":\"https:\\\/\\\/duett.es\\\/es\\\/#website\",\"url\":\"https:\\\/\\\/duett.es\\\/es\\\/\",\"name\":\"Duett\",\"description\":\"\",\"publisher\":{\"@id\":\"https:\\\/\\\/duett.es\\\/es\\\/#organization\"},\"potentialAction\":[{\"@type\":\"SearchAction\",\"target\":{\"@type\":\"EntryPoint\",\"urlTemplate\":\"https:\\\/\\\/duett.es\\\/es\\\/?s={search_term_string}\"},\"query-input\":{\"@type\":\"PropertyValueSpecification\",\"valueRequired\":true,\"valueName\":\"search_term_string\"}}],\"inLanguage\":\"es\"},{\"@type\":\"Organization\",\"@id\":\"https:\\\/\\\/duett.es\\\/es\\\/#organization\",\"name\":\"Duett\",\"url\":\"https:\\\/\\\/duett.es\\\/es\\\/\",\"logo\":{\"@type\":\"ImageObject\",\"inLanguage\":\"es\",\"@id\":\"https:\\\/\\\/duett.es\\\/es\\\/#\\\/schema\\\/logo\\\/image\\\/\",\"url\":\"https:\\\/\\\/duett.es\\\/wp-content\\\/uploads\\\/logo-duett.svg\",\"contentUrl\":\"https:\\\/\\\/duett.es\\\/wp-content\\\/uploads\\\/logo-duett.svg\",\"width\":122,\"height\":34,\"caption\":\"Duett\"},\"image\":{\"@id\":\"https:\\\/\\\/duett.es\\\/es\\\/#\\\/schema\\\/logo\\\/image\\\/\"}}]}<\/script>\n<!-- \/ Yoast SEO plugin. -->","yoast_head_json":{"title":"Pol\u00edtica de cookies - Duett","description":"Para efectuar la comunicaci\u00f3n por la red con el equipo del USUARIO, prestarle los servicios solicitados, mejorar su experiencia de navegaci\u00f3n y ofrecerle","robots":{"index":"index","follow":"follow","max-snippet":"max-snippet:-1","max-image-preview":"max-image-preview:large","max-video-preview":"max-video-preview:-1"},"canonical":"https:\/\/duett.es\/es\/politica-de-cookies\/","og_locale":"es_ES","og_type":"article","og_title":"Pol\u00edtica de cookies - Duett","og_description":"Para efectuar la comunicaci\u00f3n por la red con el equipo del USUARIO, prestarle los servicios solicitados, mejorar su experiencia de navegaci\u00f3n y ofrecerle","og_url":"https:\/\/duett.es\/es\/politica-de-cookies\/","og_site_name":"Duett","article_modified_time":"2025-06-10T06:57:49+00:00","twitter_card":"summary_large_image","twitter_misc":{"Tiempo de lectura":"4 minutos"},"schema":{"@context":"https:\/\/schema.org","@graph":[{"@type":"WebPage","@id":"https:\/\/duett.es\/es\/politica-de-cookies\/","url":"https:\/\/duett.es\/es\/politica-de-cookies\/","name":"Pol\u00edtica de cookies - Duett","isPartOf":{"@id":"https:\/\/duett.es\/es\/#website"},"datePublished":"2023-12-18T15:33:19+00:00","dateModified":"2025-06-10T06:57:49+00:00","description":"Para efectuar la comunicaci\u00f3n por la red con el equipo del USUARIO, prestarle los servicios solicitados, mejorar su experiencia de navegaci\u00f3n y ofrecerle","breadcrumb":{"@id":"https:\/\/duett.es\/es\/politica-de-cookies\/#breadcrumb"},"inLanguage":"es","potentialAction":[{"@type":"ReadAction","target":["https:\/\/duett.es\/es\/politica-de-cookies\/"]}]},{"@type":"BreadcrumbList","@id":"https:\/\/duett.es\/es\/politica-de-cookies\/#breadcrumb","itemListElement":[{"@type":"ListItem","position":1,"name":"Portada","item":"https:\/\/duett.es\/es\/"},{"@type":"ListItem","position":2,"name":"Pol\u00edtica de cookies"}]},{"@type":"WebSite","@id":"https:\/\/duett.es\/es\/#website","url":"https:\/\/duett.es\/es\/","name":"Duett","description":"","publisher":{"@id":"https:\/\/duett.es\/es\/#organization"},"potentialAction":[{"@type":"SearchAction","target":{"@type":"EntryPoint","urlTemplate":"https:\/\/duett.es\/es\/?s={search_term_string}"},"query-input":{"@type":"PropertyValueSpecification","valueRequired":true,"valueName":"search_term_string"}}],"inLanguage":"es"},{"@type":"Organization","@id":"https:\/\/duett.es\/es\/#organization","name":"Duett","url":"https:\/\/duett.es\/es\/","logo":{"@type":"ImageObject","inLanguage":"es","@id":"https:\/\/duett.es\/es\/#\/schema\/logo\/image\/","url":"https:\/\/duett.es\/wp-content\/uploads\/logo-duett.svg","contentUrl":"https:\/\/duett.es\/wp-content\/uploads\/logo-duett.svg","width":122,"height":34,"caption":"Duett"},"image":{"@id":"https:\/\/duett.es\/es\/#\/schema\/logo\/image\/"}}]}},"_links":{"self":[{"href":"https:\/\/duett.es\/es\/wp-json\/wp\/v2\/pages\/272","targetHints":{"allow":["GET"]}}],"collection":[{"href":"https:\/\/duett.es\/es\/wp-json\/wp\/v2\/pages"}],"about":[{"href":"https:\/\/duett.es\/es\/wp-json\/wp\/v2\/types\/page"}],"author":[{"embeddable":true,"href":"https:\/\/duett.es\/es\/wp-json\/wp\/v2\/users\/1"}],"replies":[{"embeddable":true,"href":"https:\/\/duett.es\/es\/wp-json\/wp\/v2\/comments?post=272"}],"version-history":[{"count":0,"href":"https:\/\/duett.es\/es\/wp-json\/wp\/v2\/pages\/272\/revisions"}],"wp:attachment":[{"href":"https:\/\/duett.es\/es\/wp-json\/wp\/v2\/media?parent=272"}],"curies":[{"name":"wp","href":"https:\/\/api.w.org\/{rel}","templated":true}]}}