{"id":3,"date":"2022-03-30T09:27:15","date_gmt":"2022-03-30T09:27:15","guid":{"rendered":"https:\/\/duett.es\/?page_id=3"},"modified":"2025-06-10T06:57:55","modified_gmt":"2025-06-10T06:57:55","slug":"politica-de-privacidad","status":"publish","type":"page","link":"https:\/\/duett.es\/es\/politica-de-privacidad\/","title":{"rendered":"Pol\u00edtica de privacidad"},"content":{"rendered":"\n<p>El acceso a este Sitio Web implica la aceptaci\u00f3n expresa de las condiciones establecidas en la presente Pol\u00edtica de Privacidad. Si el interesado (en adelante, USUARIO) no acepta alguna de dichas condiciones, deber\u00e1 abstenerse de utilizar este Sitio Web.<\/p>\n\n\n\n<p><strong>POL\u00cdTICA DE PRIVACIDAD<\/strong><\/p>\n\n\n\n<p>La confidencialidad y la seguridad son valores primordiales para PLAY, S.A. y, en consecuencia, asumimos el compromiso de garantizar la privacidad del Usuario en todo momento y de no recabar informaci\u00f3n innecesaria. A continuaci\u00f3n, le proporcionamos toda la informaci\u00f3n necesaria sobre nuestra Pol\u00edtica de Privacidad en relaci\u00f3n con los Datos Personales que recabamos de usted, explic\u00e1ndole:<\/p>\n\n\n\n<ul class=\"wp-block-list\">\n<li>Qui\u00e9n es el responsable del tratamiento de sus datos.<\/li>\n\n\n\n<li>Para qu\u00e9 finalidades recabamos los datos que le solicitamos.<\/li>\n\n\n\n<li>Cu\u00e1l es la legitimaci\u00f3n para su tratamiento.<\/li>\n\n\n\n<li>Durante cu\u00e1nto tiempo los conservamos.<\/li>\n\n\n\n<li>A qu\u00e9 destinatarios se comunican sus datos.<\/li>\n\n\n\n<li>Cu\u00e1les son sus derechos.<\/li>\n<\/ul>\n\n\n\n<p><strong>1. RESPONSABLE DEL TRATAMIENTO<\/strong><\/p>\n\n\n\n<p>PLAY, S.A. (A08209538)<\/p>\n\n\n\n<p>Pol. Ind. Riera de Caldes. Ronda Boada Vell, 6.<\/p>\n\n\n\n<p>08184 Palau Solit\u00e0 i Plegamans, Barcelona, Espa\u00f1a<\/p>\n\n\n\n<p>Correo electr\u00f3nico: <a href=\"mailto:protecciondedatos@play.es\">protecciondedatos@play.es<\/a><\/p>\n\n\n\n<p>En adelante \u201cPlay\u201d, \u201cNosotros\u201d o el \u201cResponsable del Tratamiento\u201d.<\/p>\n\n\n\n<p><strong>2. DATOS PERSONALES<\/strong><\/p>\n\n\n\n<p>Datos Personales hace referencia a cualquier informaci\u00f3n o datos que pueda identificarlo directa o indirectamente. Los Datos Personales incluyen informaci\u00f3n tal como el nombre o la direcci\u00f3n de correo electr\u00f3nico. Tambi\u00e9n podr\u00eda incluir identificadores num\u00e9ricos como la direcci\u00f3n IP de su ordenador, as\u00ed como la informaci\u00f3n que obtenemos a trav\u00e9s de cookies.<\/p>\n\n\n\n<p>Esta Pol\u00edtica de Privacidad cubre todos los datos personales recopilados y utilizados por Play.<\/p>\n\n\n\n<p>Por el presente, el Usuario (usted) garantiza que los Datos Personales proporcionados son ciertos y exactos y se compromete a notificar cualquier cambio o modificaci\u00f3n de los mismos. Cualquier p\u00e9rdida o da\u00f1o causado a la Plataforma, al Responsable del Tratamiento o a cualquier tercero mediante la comunicaci\u00f3n de la informaci\u00f3n err\u00f3nea, inexacta o incompleta en los formularios, ser\u00e1 responsabilidad exclusiva del usuario.<\/p>\n\n\n\n<p>Podemos recabar o recibir sus datos a trav\u00e9s de nuestra Plataforma y formularios, entre otros. En algunos casos, usted nos facilita sus Datos Personales directamente (por ejemplo, cuando rellena el formulario de registro en la cuenta de usuario), o en otros casos los recabamos nosotros (por ejemplo, usando cookies para comprender c\u00f3mo usa nuestro sitio web).<\/p>\n\n\n\n<p><strong>3. FINALIDADES, LEGITIMACI\u00d3N Y CONSERVACI\u00d3N<\/strong> del tratamiento de los datos enviados a trav\u00e9s de:<\/p>\n\n\n\n<ul class=\"wp-block-list\">\n<li><strong>FORMULARIO NEWSLETTER<\/strong><\/li>\n<\/ul>\n\n\n\n<p>&#8211; Finalidad: Enviarle nuestro bolet\u00edn comercial, as\u00ed como comunicaciones informativas y publicitarias sobre nuestros productos o servicios que sean de su inter\u00e9s, incluso por medios electr\u00f3nicos (Correo electr\u00f3nico, SMS, WhatsApp).<\/p>\n\n\n\n<p>&#8211; Legitimaci\u00f3n: Su consentimiento al suscribirse a nuestros env\u00edos comerciales y\/o newsletters.<\/p>\n\n\n\n<p>&#8211; Conservaci\u00f3n: Hasta que el interesado revoque el consentimiento y solicite la baja del servicio.<\/p>\n\n\n\n<ul class=\"wp-block-list\">\n<li><strong>FORMULARIO DE REGISTRO EN LA CUENTA DE USUARIO<\/strong><\/li>\n<\/ul>\n\n\n\n<p>&#8211; Finalidad: Gestionar y desarrollar el registro en nuestra Plataforma. Identificarle como usuario de nuestra Plataforma y darle acceso a las diferentes funcionalidades, productos y servicios que est\u00e1n a su disposici\u00f3n como usuario registrado. Ejecuci\u00f3n del contrato de compraventa o de servicios que haya contratado con Nosotros en la Plataforma. Contactar con usted en relaci\u00f3n con actualizaciones o comunicaciones informativas relacionadas con las funcionalidades, productos o servicios contratados. Gestionar el pago de los productos adquiridos. Gestionar posibles devoluciones una vez haya realizado la compra. Gestionar la facturaci\u00f3n y poner a su disposici\u00f3n tickets y facturas de las compras que haya realizado mediante la Plataforma.<\/p>\n\n\n\n<p>&#8211; Legitimaci\u00f3n: Su consentimiento expreso, el inter\u00e9s leg\u00edtimo de Play y la ejecuci\u00f3n del contrato. En este sentido, el tratamiento de sus datos es necesario para la ejecuci\u00f3n de los t\u00e9rminos que regulan el uso de la Plataforma, as\u00ed como para la ejecuci\u00f3n del contrato de compraventa o de prestaci\u00f3n de servicios en su caso.<\/p>\n\n\n\n<p>&#8211; Conservaci\u00f3n: Trataremos sus datos durante el tiempo en que mantenga la condici\u00f3n de usuario registrado, hasta que solicite su baja.<\/p>\n\n\n\n<ul class=\"wp-block-list\">\n<li><strong>ENV\u00cdO DE CORREOS ELECTR\u00d3NICOS<\/strong><\/li>\n<\/ul>\n\n\n\n<p>&#8211; Finalidad: Contestar a sus solicitudes de informaci\u00f3n, atender a sus peticiones y responder a sus consultas o dudas. En caso de recibir su Curr\u00edculum Vitae, sus datos personales y curriculares podr\u00e1n formar parte de nuestras bases de datos para participar en nuestros procesos de selecci\u00f3n presentes y futuros.<\/p>\n\n\n\n<p>&#8211; Legitimaci\u00f3n: Su consentimiento al solicitarnos informaci\u00f3n a trav\u00e9s de la direcci\u00f3n de correo electr\u00f3nico o enviarnos sus datos y Curr\u00edculum Vitae para participar en nuestros procesos de selecci\u00f3n.<\/p>\n\n\n\n<p>&#8211; Conservaci\u00f3n: Una vez contestada su petici\u00f3n por correo electr\u00f3nico, si no ha generado un nuevo tratamiento. En el caso de recibir su Curr\u00edculum Vitae, sus datos podr\u00e1n ser conservados durante un a\u00f1o m\u00e1ximo para futuros procesos de selecci\u00f3n.<\/p>\n\n\n\n<p>Es posible que retengamos algunos datos personales para cumplir con nuestras obligaciones legales o reglamentarias, as\u00ed como para administrar nuestros derechos (por ejemplo, para hacer valer nuestras reclamaciones ante los tribunales) o con fines estad\u00edsticos o hist\u00f3ricos.<\/p>\n\n\n\n<p>Cuando ya no necesitemos usar sus datos personales, se eliminar\u00e1n de nuestros sistemas y registros o se anonimizar\u00e1n para que ya no podamos identificarlos.<\/p>\n\n\n\n<p>Obligaci\u00f3n de facilitarnos sus datos personales y consecuencias de no hacerlo.<\/p>\n\n\n\n<p>El suministro de datos personales requiere una edad m\u00ednima de 14 a\u00f1os, o en su caso, disponer de capacidad jur\u00eddica suficiente para contratar.<\/p>\n\n\n\n<p>Los datos personales solicitados son necesarios para gestionar sus solicitudes y\/o prestarle los servicios que pueda contratar, por lo que, si no nos los facilita, no podremos atenderle correctamente ni prestarle el servicio que ha solicitado.<\/p>\n\n\n\n<p>En todo caso, nos reservamos el derecho de decidir sobre la incorporaci\u00f3n o no de sus datos personales y dem\u00e1s informaci\u00f3n a nuestras bases de datos.<\/p>\n\n\n\n<p><strong>4. DESTINATARIOS DE SUS DATOS<\/strong><\/p>\n\n\n\n<p>Para dar cumplimiento a las finalidades mencionadas en la presente Pol\u00edtica de Privacidad, sus datos podr\u00e1n ser comunicados a los siguientes destinatarios:<\/p>\n\n\n\n<p>&#8211; Proveedores y colaboradores de servicios de log\u00edstica, transporte y entrega.<\/p>\n\n\n\n<p>&#8211; Entidades financieras.<\/p>\n\n\n\n<p>&#8211; Proveedores de servicios tecnol\u00f3gicos, servicios digitales, CRM, an\u00e1lisis web y motor de b\u00fasqueda.<\/p>\n\n\n\n<p>&#8211; Proveedores y colaboradores de servicios relacionados con marketing y publicidad, tales como medios digitales y redes sociales, entre otros, con la finalidad ayudarnos a ofrecer publicidad, marketing y campa\u00f1as, para analizar su efectividad y para administrar su contacto y sus preguntas.<\/p>\n\n\n\n<p>&#8211; Terceros para el cumplimiento de una normativa legal.<\/p>\n\n\n\n<p>Nos aseguraremos de que toda comunicaci\u00f3n de su informaci\u00f3n personal que realicemos nosotros o aquellos terceros con los que compartimos su informaci\u00f3n personal, cumplan con la legislaci\u00f3n que nos sea de aplicaci\u00f3n.<\/p>\n\n\n\n<p><strong>5. DERECHOS EN RELACI\u00d3N CON SUS DATOS PERSONALES<\/strong><\/p>\n\n\n\n<p>Cualquier persona puede retirar su consentimiento en cualquier momento, cuando el mismo se haya otorgado para el tratamiento de sus datos. En ning\u00fan caso, la retirada de este consentimiento condiciona la ejecuci\u00f3n del contrato de suscripci\u00f3n o las relaciones generadas con anterioridad.<\/p>\n\n\n\n<p>Igualmente, puede ejercer los siguientes derechos:<\/p>\n\n\n\n<p>&#8211; Solicitar el acceso a sus datos personales o su rectificaci\u00f3n cuando sean inexactos.<\/p>\n\n\n\n<p>&#8211; Solicitar su supresi\u00f3n cuando, entre otros motivos, los datos ya no sean necesarios para los fines para los que fueron recogidos.<\/p>\n\n\n\n<p>&#8211; Solicitar la limitaci\u00f3n de su tratamiento en determinadas circunstancias.<\/p>\n\n\n\n<p>&#8211; Solicitar la oposici\u00f3n al tratamiento de sus datos por motivos relacionados con su situaci\u00f3n particular.<\/p>\n\n\n\n<p>&#8211; Solicitar la portabilidad de los datos en los casos previstos en la normativa.<\/p>\n\n\n\n<p>&#8211; Otros derechos reconocidos en las normativas aplicables.<\/p>\n\n\n\n<p>D\u00f3nde y c\u00f3mo solicitar sus Derechos: Mediante un escrito dirigido al responsable a su direcci\u00f3n postal o electr\u00f3nica (indicadas en el apartado 1), indicando la referencia \u201cDatos Personales\u201d, especificando el derecho que se quiere ejercer y respecto a qu\u00e9 datos personales.<\/p>\n\n\n\n<p>En caso de divergencias con la empresa en relaci\u00f3n con el tratamiento de sus datos, puede presentar una reclamaci\u00f3n ante la Agencia de Protecci\u00f3n de Datos (<a href=\"http:\/\/www.agpd.es\" target=\"_blank\" rel=\"noreferrer noopener\">www.agpd.es<\/a>).<\/p>\n\n\n\n<p><strong>6. SEGURIDAD DE SUS DATOS PERSONALES<\/strong><\/p>\n\n\n\n<p>Con el objetivo de salvaguardar la seguridad de sus datos personales, le informamos que hemos adoptado todas las medidas de \u00edndole t\u00e9cnica y organizativa necesarias para garantizar la<\/p>\n\n\n\n<p>seguridad de los datos personales suministrados de su alteraci\u00f3n, p\u00e9rdida y tratamientos o accesos no autorizados.<\/p>\n\n\n\n<p><strong>7. ACTUALIZACI\u00d3N DE SUS DATOS<\/strong><\/p>\n\n\n\n<p>Es importante que para que podamos mantener sus datos personales actualizados, nos informe siempre que haya habido alguna modificaci\u00f3n en ellos, en caso contrario, no respondemos de la veracidad de los mismos.<\/p>\n\n\n\n<p>No nos hacemos responsables de la pol\u00edtica de privacidad respecto a los datos personales que pueda facilitar a terceros por medio de los enlaces disponibles en nuestra plataforma.<\/p>\n\n\n\n<p><strong>8. CONTACTO<\/strong><\/p>\n\n\n\n<p>Si tiene cualquier duda o preocupaci\u00f3n acerca de la forma en que tratamos y usamos sus datos personales o desea ejercer cualquiera de los derechos anteriormente descritos, p\u00f3ngase en contacto con <a href=\"mailto:protecciondedatos@play.es\">protecciondedatos@play.es<\/a>.<\/p>\n\n\n\n<p><\/p>\n","protected":false},"excerpt":{"rendered":"<p>El acceso a este Sitio Web implica la aceptaci\u00f3n expresa de las condiciones establecidas en la presente Pol\u00edtica de Privacidad. Si el interesado (en adelante, USUARIO) no acepta alguna de &hellip;<\/p>\n","protected":false},"author":1,"featured_media":0,"parent":0,"menu_order":0,"comment_status":"closed","ping_status":"open","template":"","meta":{"_acf_changed":false,"footnotes":""},"class_list":["post-3","page","type-page","status-publish","hentry"],"acf":[],"yoast_head":"<!-- This site is optimized with the Yoast SEO plugin v27.3 - https:\/\/yoast.com\/product\/yoast-seo-wordpress\/ -->\n<title>Pol\u00edtica de privacidad - Duett<\/title>\n<meta name=\"description\" content=\"El acceso a este Sitio Web implica la aceptaci\u00f3n expresa de las condiciones establecidas en la presente Pol\u00edtica de Privacidad. Si el interesado (en\" \/>\n<meta name=\"robots\" content=\"index, follow, max-snippet:-1, max-image-preview:large, max-video-preview:-1\" \/>\n<link rel=\"canonical\" href=\"https:\/\/duett.es\/es\/politica-de-privacidad\/\" \/>\n<meta property=\"og:locale\" content=\"es_ES\" \/>\n<meta property=\"og:type\" content=\"article\" \/>\n<meta property=\"og:title\" content=\"Pol\u00edtica de privacidad - Duett\" \/>\n<meta property=\"og:description\" content=\"El acceso a este Sitio Web implica la aceptaci\u00f3n expresa de las condiciones establecidas en la presente Pol\u00edtica de Privacidad. Si el interesado (en\" \/>\n<meta property=\"og:url\" content=\"https:\/\/duett.es\/es\/politica-de-privacidad\/\" \/>\n<meta property=\"og:site_name\" content=\"Duett\" \/>\n<meta property=\"article:modified_time\" content=\"2025-06-10T06:57:55+00:00\" \/>\n<meta name=\"twitter:card\" content=\"summary_large_image\" \/>\n<meta name=\"twitter:label1\" content=\"Tiempo de lectura\" \/>\n\t<meta name=\"twitter:data1\" content=\"7 minutos\" \/>\n<script type=\"application\/ld+json\" class=\"yoast-schema-graph\">{\"@context\":\"https:\\\/\\\/schema.org\",\"@graph\":[{\"@type\":\"WebPage\",\"@id\":\"https:\\\/\\\/duett.es\\\/es\\\/politica-de-privacidad\\\/\",\"url\":\"https:\\\/\\\/duett.es\\\/es\\\/politica-de-privacidad\\\/\",\"name\":\"Pol\u00edtica de privacidad - Duett\",\"isPartOf\":{\"@id\":\"https:\\\/\\\/duett.es\\\/es\\\/#website\"},\"datePublished\":\"2022-03-30T09:27:15+00:00\",\"dateModified\":\"2025-06-10T06:57:55+00:00\",\"description\":\"El acceso a este Sitio Web implica la aceptaci\u00f3n expresa de las condiciones establecidas en la presente Pol\u00edtica de Privacidad. Si el interesado (en\",\"breadcrumb\":{\"@id\":\"https:\\\/\\\/duett.es\\\/es\\\/politica-de-privacidad\\\/#breadcrumb\"},\"inLanguage\":\"es\",\"potentialAction\":[{\"@type\":\"ReadAction\",\"target\":[\"https:\\\/\\\/duett.es\\\/es\\\/politica-de-privacidad\\\/\"]}]},{\"@type\":\"BreadcrumbList\",\"@id\":\"https:\\\/\\\/duett.es\\\/es\\\/politica-de-privacidad\\\/#breadcrumb\",\"itemListElement\":[{\"@type\":\"ListItem\",\"position\":1,\"name\":\"Portada\",\"item\":\"https:\\\/\\\/duett.es\\\/es\\\/\"},{\"@type\":\"ListItem\",\"position\":2,\"name\":\"Pol\u00edtica de privacidad\"}]},{\"@type\":\"WebSite\",\"@id\":\"https:\\\/\\\/duett.es\\\/es\\\/#website\",\"url\":\"https:\\\/\\\/duett.es\\\/es\\\/\",\"name\":\"Duett\",\"description\":\"\",\"publisher\":{\"@id\":\"https:\\\/\\\/duett.es\\\/es\\\/#organization\"},\"potentialAction\":[{\"@type\":\"SearchAction\",\"target\":{\"@type\":\"EntryPoint\",\"urlTemplate\":\"https:\\\/\\\/duett.es\\\/es\\\/?s={search_term_string}\"},\"query-input\":{\"@type\":\"PropertyValueSpecification\",\"valueRequired\":true,\"valueName\":\"search_term_string\"}}],\"inLanguage\":\"es\"},{\"@type\":\"Organization\",\"@id\":\"https:\\\/\\\/duett.es\\\/es\\\/#organization\",\"name\":\"Duett\",\"url\":\"https:\\\/\\\/duett.es\\\/es\\\/\",\"logo\":{\"@type\":\"ImageObject\",\"inLanguage\":\"es\",\"@id\":\"https:\\\/\\\/duett.es\\\/es\\\/#\\\/schema\\\/logo\\\/image\\\/\",\"url\":\"https:\\\/\\\/duett.es\\\/wp-content\\\/uploads\\\/logo-duett.svg\",\"contentUrl\":\"https:\\\/\\\/duett.es\\\/wp-content\\\/uploads\\\/logo-duett.svg\",\"width\":122,\"height\":34,\"caption\":\"Duett\"},\"image\":{\"@id\":\"https:\\\/\\\/duett.es\\\/es\\\/#\\\/schema\\\/logo\\\/image\\\/\"}}]}<\/script>\n<!-- \/ Yoast SEO plugin. -->","yoast_head_json":{"title":"Pol\u00edtica de privacidad - Duett","description":"El acceso a este Sitio Web implica la aceptaci\u00f3n expresa de las condiciones establecidas en la presente Pol\u00edtica de Privacidad. Si el interesado (en","robots":{"index":"index","follow":"follow","max-snippet":"max-snippet:-1","max-image-preview":"max-image-preview:large","max-video-preview":"max-video-preview:-1"},"canonical":"https:\/\/duett.es\/es\/politica-de-privacidad\/","og_locale":"es_ES","og_type":"article","og_title":"Pol\u00edtica de privacidad - Duett","og_description":"El acceso a este Sitio Web implica la aceptaci\u00f3n expresa de las condiciones establecidas en la presente Pol\u00edtica de Privacidad. Si el interesado (en","og_url":"https:\/\/duett.es\/es\/politica-de-privacidad\/","og_site_name":"Duett","article_modified_time":"2025-06-10T06:57:55+00:00","twitter_card":"summary_large_image","twitter_misc":{"Tiempo de lectura":"7 minutos"},"schema":{"@context":"https:\/\/schema.org","@graph":[{"@type":"WebPage","@id":"https:\/\/duett.es\/es\/politica-de-privacidad\/","url":"https:\/\/duett.es\/es\/politica-de-privacidad\/","name":"Pol\u00edtica de privacidad - Duett","isPartOf":{"@id":"https:\/\/duett.es\/es\/#website"},"datePublished":"2022-03-30T09:27:15+00:00","dateModified":"2025-06-10T06:57:55+00:00","description":"El acceso a este Sitio Web implica la aceptaci\u00f3n expresa de las condiciones establecidas en la presente Pol\u00edtica de Privacidad. Si el interesado (en","breadcrumb":{"@id":"https:\/\/duett.es\/es\/politica-de-privacidad\/#breadcrumb"},"inLanguage":"es","potentialAction":[{"@type":"ReadAction","target":["https:\/\/duett.es\/es\/politica-de-privacidad\/"]}]},{"@type":"BreadcrumbList","@id":"https:\/\/duett.es\/es\/politica-de-privacidad\/#breadcrumb","itemListElement":[{"@type":"ListItem","position":1,"name":"Portada","item":"https:\/\/duett.es\/es\/"},{"@type":"ListItem","position":2,"name":"Pol\u00edtica de privacidad"}]},{"@type":"WebSite","@id":"https:\/\/duett.es\/es\/#website","url":"https:\/\/duett.es\/es\/","name":"Duett","description":"","publisher":{"@id":"https:\/\/duett.es\/es\/#organization"},"potentialAction":[{"@type":"SearchAction","target":{"@type":"EntryPoint","urlTemplate":"https:\/\/duett.es\/es\/?s={search_term_string}"},"query-input":{"@type":"PropertyValueSpecification","valueRequired":true,"valueName":"search_term_string"}}],"inLanguage":"es"},{"@type":"Organization","@id":"https:\/\/duett.es\/es\/#organization","name":"Duett","url":"https:\/\/duett.es\/es\/","logo":{"@type":"ImageObject","inLanguage":"es","@id":"https:\/\/duett.es\/es\/#\/schema\/logo\/image\/","url":"https:\/\/duett.es\/wp-content\/uploads\/logo-duett.svg","contentUrl":"https:\/\/duett.es\/wp-content\/uploads\/logo-duett.svg","width":122,"height":34,"caption":"Duett"},"image":{"@id":"https:\/\/duett.es\/es\/#\/schema\/logo\/image\/"}}]}},"_links":{"self":[{"href":"https:\/\/duett.es\/es\/wp-json\/wp\/v2\/pages\/3","targetHints":{"allow":["GET"]}}],"collection":[{"href":"https:\/\/duett.es\/es\/wp-json\/wp\/v2\/pages"}],"about":[{"href":"https:\/\/duett.es\/es\/wp-json\/wp\/v2\/types\/page"}],"author":[{"embeddable":true,"href":"https:\/\/duett.es\/es\/wp-json\/wp\/v2\/users\/1"}],"replies":[{"embeddable":true,"href":"https:\/\/duett.es\/es\/wp-json\/wp\/v2\/comments?post=3"}],"version-history":[{"count":0,"href":"https:\/\/duett.es\/es\/wp-json\/wp\/v2\/pages\/3\/revisions"}],"wp:attachment":[{"href":"https:\/\/duett.es\/es\/wp-json\/wp\/v2\/media?parent=3"}],"curies":[{"name":"wp","href":"https:\/\/api.w.org\/{rel}","templated":true}]}}