{"id":469,"date":"2025-05-08T14:53:18","date_gmt":"2025-05-08T14:53:18","guid":{"rendered":"https:\/\/duett.es\/?page_id=469"},"modified":"2025-06-10T07:03:45","modified_gmt":"2025-06-10T07:03:45","slug":"envios","status":"publish","type":"page","link":"https:\/\/duett.es\/es\/envios\/","title":{"rendered":"Env\u00edos"},"content":{"rendered":"\n<p>Los env\u00edos de productos Duett se realizan a trav\u00e9s de Szendex, Envialia o Nit Logistics (Internacional):<\/p>\n\n\n\n<ul class=\"wp-block-list\">\n<li>El plazo de entrega es de 2 a 7 d\u00edas laborables en la Pen\u00ednsula Ib\u00e9rica.\u00a0<\/li>\n\n\n\n<li>Gastos de env\u00edo: 9 \u20ac. Por compras superiores a 60 \u20ac, el env\u00edo es gratuito.\u00a0<\/li>\n<\/ul>\n\n\n\n<p>Los pedidos ser\u00e1n enviados a la direcci\u00f3n de entrega que usted nos ha facilitado en el formulario, por lo que es importante que ponga atenci\u00f3n al cubrir los datos de direcci\u00f3n de entrega. No nos haremos responsables en caso de que la direcci\u00f3n de entrega sea incorrecta o incompleta.<br>Usted podr\u00e1 hacer un seguimiento del estado de su pedido solicit\u00e1ndonos la informaci\u00f3n a <a href=\"mailto:ventas@play.es\">ventas@play.es<\/a><\/p>\n\n\n\n<p>Por motivos de seguridad, Duett no enviar\u00e1 ning\u00fan pedido a apartados de correos ni bases militares, ni aceptar\u00e1 ning\u00fan pedido cuando no sea posible identificar al destinatario del pedido y su direcci\u00f3n.<br>Si elige como m\u00e9todo de pago PayPal, una vez realizado el pedido, no est\u00e1 permitido efectuar ning\u00fan tipo de cambio en la direcci\u00f3n de env\u00edo, ya que Paypal exige que el env\u00edo se realice a la direcci\u00f3n registrada con ellos.<br>ASEG\u00daRESE de tener la direcci\u00f3n correcta registrada en Paypal antes de realizar el pago por este medio.<\/p>\n\n\n\n<p><strong>Problemas en la entrega<\/strong><\/p>\n\n\n\n<p>Usted deber\u00e1 notificar a Duett los casos de falta de recepci\u00f3n de pedidos superiores a 10 d\u00edas h\u00e1biles.<br>Si nos resulta imposible realizar la entrega, la empresa de mensajer\u00eda se volver\u00e1 a poner en contacto con usted para acordar una nueva fecha de entrega.<br>Cuando se le entregue su pedido deber\u00e1 comprobar que todo est\u00e1 conforme con lo solicitado. Si existiera alguna discrepancia o problema con el pedido, deber\u00e1 ponerse en contacto con Duett a trav\u00e9s del correo <a href=\"mailto:informacion@play.es\">informacion@play.es<\/a>, dej\u00e1ndonos sus datos personales y n\u00famero de pedido e indicando su problema. En breve nos pondremos en contacto con usted para solucionar la incidencia.<\/p>\n","protected":false},"excerpt":{"rendered":"<p>Los env\u00edos de productos Duett se realizan a trav\u00e9s de Szendex, Envialia o Nit Logistics (Internacional): Los pedidos ser\u00e1n enviados a la direcci\u00f3n de entrega que usted nos ha facilitado &hellip;<\/p>\n","protected":false},"author":1,"featured_media":0,"parent":0,"menu_order":0,"comment_status":"closed","ping_status":"closed","template":"","meta":{"_acf_changed":false,"footnotes":""},"class_list":["post-469","page","type-page","status-publish","hentry"],"acf":[],"yoast_head":"<!-- This site is optimized with the Yoast SEO plugin v27.3 - https:\/\/yoast.com\/product\/yoast-seo-wordpress\/ -->\n<title>Env\u00edos - Duett<\/title>\n<meta name=\"description\" content=\"Los env\u00edos de productos Duett se realizan a trav\u00e9s de Szendex, Envialia o Nit Logistics (Internacional): El plazo de entrega es de 2 a 7 d\u00edas laborables\" \/>\n<meta name=\"robots\" content=\"index, follow, max-snippet:-1, max-image-preview:large, max-video-preview:-1\" \/>\n<link rel=\"canonical\" href=\"https:\/\/duett.es\/es\/envios\/\" \/>\n<meta property=\"og:locale\" content=\"es_ES\" \/>\n<meta property=\"og:type\" content=\"article\" \/>\n<meta property=\"og:title\" content=\"Env\u00edos - Duett\" \/>\n<meta property=\"og:description\" content=\"Los env\u00edos de productos Duett se realizan a trav\u00e9s de Szendex, Envialia o Nit Logistics (Internacional): El plazo de entrega es de 2 a 7 d\u00edas laborables\" \/>\n<meta property=\"og:url\" content=\"https:\/\/duett.es\/es\/envios\/\" \/>\n<meta property=\"og:site_name\" content=\"Duett\" \/>\n<meta property=\"article:modified_time\" content=\"2025-06-10T07:03:45+00:00\" \/>\n<meta name=\"twitter:card\" content=\"summary_large_image\" \/>\n<meta name=\"twitter:label1\" content=\"Tiempo de lectura\" \/>\n\t<meta name=\"twitter:data1\" content=\"2 minutos\" \/>\n<script type=\"application\/ld+json\" class=\"yoast-schema-graph\">{\"@context\":\"https:\\\/\\\/schema.org\",\"@graph\":[{\"@type\":\"WebPage\",\"@id\":\"https:\\\/\\\/duett.es\\\/es\\\/envios\\\/\",\"url\":\"https:\\\/\\\/duett.es\\\/es\\\/envios\\\/\",\"name\":\"Env\u00edos - Duett\",\"isPartOf\":{\"@id\":\"https:\\\/\\\/duett.es\\\/es\\\/#website\"},\"datePublished\":\"2025-05-08T14:53:18+00:00\",\"dateModified\":\"2025-06-10T07:03:45+00:00\",\"description\":\"Los env\u00edos de productos Duett se realizan a trav\u00e9s de Szendex, Envialia o Nit Logistics (Internacional): El plazo de entrega es de 2 a 7 d\u00edas laborables\",\"breadcrumb\":{\"@id\":\"https:\\\/\\\/duett.es\\\/es\\\/envios\\\/#breadcrumb\"},\"inLanguage\":\"es\",\"potentialAction\":[{\"@type\":\"ReadAction\",\"target\":[\"https:\\\/\\\/duett.es\\\/es\\\/envios\\\/\"]}]},{\"@type\":\"BreadcrumbList\",\"@id\":\"https:\\\/\\\/duett.es\\\/es\\\/envios\\\/#breadcrumb\",\"itemListElement\":[{\"@type\":\"ListItem\",\"position\":1,\"name\":\"Portada\",\"item\":\"https:\\\/\\\/duett.es\\\/es\\\/\"},{\"@type\":\"ListItem\",\"position\":2,\"name\":\"Env\u00edos\"}]},{\"@type\":\"WebSite\",\"@id\":\"https:\\\/\\\/duett.es\\\/es\\\/#website\",\"url\":\"https:\\\/\\\/duett.es\\\/es\\\/\",\"name\":\"Duett\",\"description\":\"\",\"publisher\":{\"@id\":\"https:\\\/\\\/duett.es\\\/es\\\/#organization\"},\"potentialAction\":[{\"@type\":\"SearchAction\",\"target\":{\"@type\":\"EntryPoint\",\"urlTemplate\":\"https:\\\/\\\/duett.es\\\/es\\\/?s={search_term_string}\"},\"query-input\":{\"@type\":\"PropertyValueSpecification\",\"valueRequired\":true,\"valueName\":\"search_term_string\"}}],\"inLanguage\":\"es\"},{\"@type\":\"Organization\",\"@id\":\"https:\\\/\\\/duett.es\\\/es\\\/#organization\",\"name\":\"Duett\",\"url\":\"https:\\\/\\\/duett.es\\\/es\\\/\",\"logo\":{\"@type\":\"ImageObject\",\"inLanguage\":\"es\",\"@id\":\"https:\\\/\\\/duett.es\\\/es\\\/#\\\/schema\\\/logo\\\/image\\\/\",\"url\":\"https:\\\/\\\/duett.es\\\/wp-content\\\/uploads\\\/logo-duett.svg\",\"contentUrl\":\"https:\\\/\\\/duett.es\\\/wp-content\\\/uploads\\\/logo-duett.svg\",\"width\":122,\"height\":34,\"caption\":\"Duett\"},\"image\":{\"@id\":\"https:\\\/\\\/duett.es\\\/es\\\/#\\\/schema\\\/logo\\\/image\\\/\"}}]}<\/script>\n<!-- \/ Yoast SEO plugin. -->","yoast_head_json":{"title":"Env\u00edos - Duett","description":"Los env\u00edos de productos Duett se realizan a trav\u00e9s de Szendex, Envialia o Nit Logistics (Internacional): El plazo de entrega es de 2 a 7 d\u00edas laborables","robots":{"index":"index","follow":"follow","max-snippet":"max-snippet:-1","max-image-preview":"max-image-preview:large","max-video-preview":"max-video-preview:-1"},"canonical":"https:\/\/duett.es\/es\/envios\/","og_locale":"es_ES","og_type":"article","og_title":"Env\u00edos - Duett","og_description":"Los env\u00edos de productos Duett se realizan a trav\u00e9s de Szendex, Envialia o Nit Logistics (Internacional): El plazo de entrega es de 2 a 7 d\u00edas laborables","og_url":"https:\/\/duett.es\/es\/envios\/","og_site_name":"Duett","article_modified_time":"2025-06-10T07:03:45+00:00","twitter_card":"summary_large_image","twitter_misc":{"Tiempo de lectura":"2 minutos"},"schema":{"@context":"https:\/\/schema.org","@graph":[{"@type":"WebPage","@id":"https:\/\/duett.es\/es\/envios\/","url":"https:\/\/duett.es\/es\/envios\/","name":"Env\u00edos - Duett","isPartOf":{"@id":"https:\/\/duett.es\/es\/#website"},"datePublished":"2025-05-08T14:53:18+00:00","dateModified":"2025-06-10T07:03:45+00:00","description":"Los env\u00edos de productos Duett se realizan a trav\u00e9s de Szendex, Envialia o Nit Logistics (Internacional): El plazo de entrega es de 2 a 7 d\u00edas laborables","breadcrumb":{"@id":"https:\/\/duett.es\/es\/envios\/#breadcrumb"},"inLanguage":"es","potentialAction":[{"@type":"ReadAction","target":["https:\/\/duett.es\/es\/envios\/"]}]},{"@type":"BreadcrumbList","@id":"https:\/\/duett.es\/es\/envios\/#breadcrumb","itemListElement":[{"@type":"ListItem","position":1,"name":"Portada","item":"https:\/\/duett.es\/es\/"},{"@type":"ListItem","position":2,"name":"Env\u00edos"}]},{"@type":"WebSite","@id":"https:\/\/duett.es\/es\/#website","url":"https:\/\/duett.es\/es\/","name":"Duett","description":"","publisher":{"@id":"https:\/\/duett.es\/es\/#organization"},"potentialAction":[{"@type":"SearchAction","target":{"@type":"EntryPoint","urlTemplate":"https:\/\/duett.es\/es\/?s={search_term_string}"},"query-input":{"@type":"PropertyValueSpecification","valueRequired":true,"valueName":"search_term_string"}}],"inLanguage":"es"},{"@type":"Organization","@id":"https:\/\/duett.es\/es\/#organization","name":"Duett","url":"https:\/\/duett.es\/es\/","logo":{"@type":"ImageObject","inLanguage":"es","@id":"https:\/\/duett.es\/es\/#\/schema\/logo\/image\/","url":"https:\/\/duett.es\/wp-content\/uploads\/logo-duett.svg","contentUrl":"https:\/\/duett.es\/wp-content\/uploads\/logo-duett.svg","width":122,"height":34,"caption":"Duett"},"image":{"@id":"https:\/\/duett.es\/es\/#\/schema\/logo\/image\/"}}]}},"_links":{"self":[{"href":"https:\/\/duett.es\/es\/wp-json\/wp\/v2\/pages\/469","targetHints":{"allow":["GET"]}}],"collection":[{"href":"https:\/\/duett.es\/es\/wp-json\/wp\/v2\/pages"}],"about":[{"href":"https:\/\/duett.es\/es\/wp-json\/wp\/v2\/types\/page"}],"author":[{"embeddable":true,"href":"https:\/\/duett.es\/es\/wp-json\/wp\/v2\/users\/1"}],"replies":[{"embeddable":true,"href":"https:\/\/duett.es\/es\/wp-json\/wp\/v2\/comments?post=469"}],"version-history":[{"count":0,"href":"https:\/\/duett.es\/es\/wp-json\/wp\/v2\/pages\/469\/revisions"}],"wp:attachment":[{"href":"https:\/\/duett.es\/es\/wp-json\/wp\/v2\/media?parent=469"}],"curies":[{"name":"wp","href":"https:\/\/api.w.org\/{rel}","templated":true}]}}