{"id":471,"date":"2025-05-08T14:53:26","date_gmt":"2025-05-08T14:53:26","guid":{"rendered":"https:\/\/duett.es\/?page_id=471"},"modified":"2025-06-10T07:04:26","modified_gmt":"2025-06-10T07:04:26","slug":"metodos-de-pago","status":"publish","type":"page","link":"https:\/\/duett.es\/es\/metodos-de-pago\/","title":{"rendered":"M\u00e9todos de pago"},"content":{"rendered":"\n<p>Play acepta pagos con <strong>tarjeta de cr\u00e9dito o d\u00e9bito<\/strong> (Visa, Visa Electr\u00f3n, Mastercard y Maestro) mediante pasarela de pagos de la entidad SabadellAtl\u00e1ntico y\/o <strong>PayPal <\/strong>(si desea hacer el pago por transferencia bancaria lo debe hacer mediante el sistema de pago de PayPal y seleccionar posteriormente esa modalidad).<\/p>\n\n\n\n<p>Para proteger la seguridad en el pago mediante tarjeta de cr\u00e9dito o d\u00e9bito, utilizamos sistemas de pago seguras. Los datos confidenciales del pago son transmitidos directamente y de forma encriptada (SSL) a la entidad financiera. Al hacer el pago a trav\u00e9s de pasarela de pago segura, el sistema verificar\u00e1 autom\u00e1ticamente que la tarjeta de cr\u00e9dito est\u00e1 activada para el Comercio Electr\u00f3nico Seguro. Despu\u00e9s conectar\u00e1 con el banco emisor de la misma, el cual autorizar\u00e1 la operaci\u00f3n.<\/p>\n\n\n\n<p>Para los pagos por transferencia a trav\u00e9s de PayPal, el pedido no ser\u00e1 confirmado hasta que no se haya hecho efectivo el cargo en nuestra cuenta. Si pasado el plazo de cinco d\u00edas no hemos recibido el ingreso, procederemos a la cancelaci\u00f3n del pedido.<\/p>\n\n\n\n<p>Play cumple con la normativa exigida por los distintos m\u00e9todos de pago con los que es posible realizar la compra.<br>Play se reserva el derecho de comprobar los datos personales y adoptar las medidas oportunas con el fin de que la mercanc\u00eda sea correctamente entregada.<\/p>\n","protected":false},"excerpt":{"rendered":"<p>Play acepta pagos con tarjeta de cr\u00e9dito o d\u00e9bito (Visa, Visa Electr\u00f3n, Mastercard y Maestro) mediante pasarela de pagos de la entidad SabadellAtl\u00e1ntico y\/o PayPal (si desea hacer el pago &hellip;<\/p>\n","protected":false},"author":1,"featured_media":0,"parent":0,"menu_order":0,"comment_status":"closed","ping_status":"closed","template":"","meta":{"_acf_changed":false,"footnotes":""},"class_list":["post-471","page","type-page","status-publish","hentry"],"acf":[],"yoast_head":"<!-- This site is optimized with the Yoast SEO plugin v27.3 - https:\/\/yoast.com\/product\/yoast-seo-wordpress\/ -->\n<title>M\u00e9todos de pago - Duett<\/title>\n<meta name=\"description\" content=\"Play acepta pagos con tarjeta de cr\u00e9dito o d\u00e9bito (Visa, Visa Electr\u00f3n, Mastercard y Maestro) mediante pasarela de pagos de la entidad SabadellAtl\u00e1ntico\" \/>\n<meta name=\"robots\" content=\"index, follow, max-snippet:-1, max-image-preview:large, max-video-preview:-1\" \/>\n<link rel=\"canonical\" href=\"https:\/\/duett.es\/es\/metodos-de-pago\/\" \/>\n<meta property=\"og:locale\" content=\"es_ES\" \/>\n<meta property=\"og:type\" content=\"article\" \/>\n<meta property=\"og:title\" content=\"M\u00e9todos de pago - Duett\" \/>\n<meta property=\"og:description\" content=\"Play acepta pagos con tarjeta de cr\u00e9dito o d\u00e9bito (Visa, Visa Electr\u00f3n, Mastercard y Maestro) mediante pasarela de pagos de la entidad SabadellAtl\u00e1ntico\" \/>\n<meta property=\"og:url\" content=\"https:\/\/duett.es\/es\/metodos-de-pago\/\" \/>\n<meta property=\"og:site_name\" content=\"Duett\" \/>\n<meta property=\"article:modified_time\" content=\"2025-06-10T07:04:26+00:00\" \/>\n<meta name=\"twitter:card\" content=\"summary_large_image\" \/>\n<meta name=\"twitter:label1\" content=\"Tiempo de lectura\" \/>\n\t<meta name=\"twitter:data1\" content=\"1 minuto\" \/>\n<script type=\"application\/ld+json\" class=\"yoast-schema-graph\">{\"@context\":\"https:\\\/\\\/schema.org\",\"@graph\":[{\"@type\":\"WebPage\",\"@id\":\"https:\\\/\\\/duett.es\\\/es\\\/metodos-de-pago\\\/\",\"url\":\"https:\\\/\\\/duett.es\\\/es\\\/metodos-de-pago\\\/\",\"name\":\"M\u00e9todos de pago - Duett\",\"isPartOf\":{\"@id\":\"https:\\\/\\\/duett.es\\\/es\\\/#website\"},\"datePublished\":\"2025-05-08T14:53:26+00:00\",\"dateModified\":\"2025-06-10T07:04:26+00:00\",\"description\":\"Play acepta pagos con tarjeta de cr\u00e9dito o d\u00e9bito (Visa, Visa Electr\u00f3n, Mastercard y Maestro) mediante pasarela de pagos de la entidad SabadellAtl\u00e1ntico\",\"breadcrumb\":{\"@id\":\"https:\\\/\\\/duett.es\\\/es\\\/metodos-de-pago\\\/#breadcrumb\"},\"inLanguage\":\"es\",\"potentialAction\":[{\"@type\":\"ReadAction\",\"target\":[\"https:\\\/\\\/duett.es\\\/es\\\/metodos-de-pago\\\/\"]}]},{\"@type\":\"BreadcrumbList\",\"@id\":\"https:\\\/\\\/duett.es\\\/es\\\/metodos-de-pago\\\/#breadcrumb\",\"itemListElement\":[{\"@type\":\"ListItem\",\"position\":1,\"name\":\"Portada\",\"item\":\"https:\\\/\\\/duett.es\\\/es\\\/\"},{\"@type\":\"ListItem\",\"position\":2,\"name\":\"M\u00e9todos de pago\"}]},{\"@type\":\"WebSite\",\"@id\":\"https:\\\/\\\/duett.es\\\/es\\\/#website\",\"url\":\"https:\\\/\\\/duett.es\\\/es\\\/\",\"name\":\"Duett\",\"description\":\"\",\"publisher\":{\"@id\":\"https:\\\/\\\/duett.es\\\/es\\\/#organization\"},\"potentialAction\":[{\"@type\":\"SearchAction\",\"target\":{\"@type\":\"EntryPoint\",\"urlTemplate\":\"https:\\\/\\\/duett.es\\\/es\\\/?s={search_term_string}\"},\"query-input\":{\"@type\":\"PropertyValueSpecification\",\"valueRequired\":true,\"valueName\":\"search_term_string\"}}],\"inLanguage\":\"es\"},{\"@type\":\"Organization\",\"@id\":\"https:\\\/\\\/duett.es\\\/es\\\/#organization\",\"name\":\"Duett\",\"url\":\"https:\\\/\\\/duett.es\\\/es\\\/\",\"logo\":{\"@type\":\"ImageObject\",\"inLanguage\":\"es\",\"@id\":\"https:\\\/\\\/duett.es\\\/es\\\/#\\\/schema\\\/logo\\\/image\\\/\",\"url\":\"https:\\\/\\\/duett.es\\\/wp-content\\\/uploads\\\/logo-duett.svg\",\"contentUrl\":\"https:\\\/\\\/duett.es\\\/wp-content\\\/uploads\\\/logo-duett.svg\",\"width\":122,\"height\":34,\"caption\":\"Duett\"},\"image\":{\"@id\":\"https:\\\/\\\/duett.es\\\/es\\\/#\\\/schema\\\/logo\\\/image\\\/\"}}]}<\/script>\n<!-- \/ Yoast SEO plugin. -->","yoast_head_json":{"title":"M\u00e9todos de pago - Duett","description":"Play acepta pagos con tarjeta de cr\u00e9dito o d\u00e9bito (Visa, Visa Electr\u00f3n, Mastercard y Maestro) mediante pasarela de pagos de la entidad SabadellAtl\u00e1ntico","robots":{"index":"index","follow":"follow","max-snippet":"max-snippet:-1","max-image-preview":"max-image-preview:large","max-video-preview":"max-video-preview:-1"},"canonical":"https:\/\/duett.es\/es\/metodos-de-pago\/","og_locale":"es_ES","og_type":"article","og_title":"M\u00e9todos de pago - Duett","og_description":"Play acepta pagos con tarjeta de cr\u00e9dito o d\u00e9bito (Visa, Visa Electr\u00f3n, Mastercard y Maestro) mediante pasarela de pagos de la entidad SabadellAtl\u00e1ntico","og_url":"https:\/\/duett.es\/es\/metodos-de-pago\/","og_site_name":"Duett","article_modified_time":"2025-06-10T07:04:26+00:00","twitter_card":"summary_large_image","twitter_misc":{"Tiempo de lectura":"1 minuto"},"schema":{"@context":"https:\/\/schema.org","@graph":[{"@type":"WebPage","@id":"https:\/\/duett.es\/es\/metodos-de-pago\/","url":"https:\/\/duett.es\/es\/metodos-de-pago\/","name":"M\u00e9todos de pago - Duett","isPartOf":{"@id":"https:\/\/duett.es\/es\/#website"},"datePublished":"2025-05-08T14:53:26+00:00","dateModified":"2025-06-10T07:04:26+00:00","description":"Play acepta pagos con tarjeta de cr\u00e9dito o d\u00e9bito (Visa, Visa Electr\u00f3n, Mastercard y Maestro) mediante pasarela de pagos de la entidad SabadellAtl\u00e1ntico","breadcrumb":{"@id":"https:\/\/duett.es\/es\/metodos-de-pago\/#breadcrumb"},"inLanguage":"es","potentialAction":[{"@type":"ReadAction","target":["https:\/\/duett.es\/es\/metodos-de-pago\/"]}]},{"@type":"BreadcrumbList","@id":"https:\/\/duett.es\/es\/metodos-de-pago\/#breadcrumb","itemListElement":[{"@type":"ListItem","position":1,"name":"Portada","item":"https:\/\/duett.es\/es\/"},{"@type":"ListItem","position":2,"name":"M\u00e9todos de pago"}]},{"@type":"WebSite","@id":"https:\/\/duett.es\/es\/#website","url":"https:\/\/duett.es\/es\/","name":"Duett","description":"","publisher":{"@id":"https:\/\/duett.es\/es\/#organization"},"potentialAction":[{"@type":"SearchAction","target":{"@type":"EntryPoint","urlTemplate":"https:\/\/duett.es\/es\/?s={search_term_string}"},"query-input":{"@type":"PropertyValueSpecification","valueRequired":true,"valueName":"search_term_string"}}],"inLanguage":"es"},{"@type":"Organization","@id":"https:\/\/duett.es\/es\/#organization","name":"Duett","url":"https:\/\/duett.es\/es\/","logo":{"@type":"ImageObject","inLanguage":"es","@id":"https:\/\/duett.es\/es\/#\/schema\/logo\/image\/","url":"https:\/\/duett.es\/wp-content\/uploads\/logo-duett.svg","contentUrl":"https:\/\/duett.es\/wp-content\/uploads\/logo-duett.svg","width":122,"height":34,"caption":"Duett"},"image":{"@id":"https:\/\/duett.es\/es\/#\/schema\/logo\/image\/"}}]}},"_links":{"self":[{"href":"https:\/\/duett.es\/es\/wp-json\/wp\/v2\/pages\/471","targetHints":{"allow":["GET"]}}],"collection":[{"href":"https:\/\/duett.es\/es\/wp-json\/wp\/v2\/pages"}],"about":[{"href":"https:\/\/duett.es\/es\/wp-json\/wp\/v2\/types\/page"}],"author":[{"embeddable":true,"href":"https:\/\/duett.es\/es\/wp-json\/wp\/v2\/users\/1"}],"replies":[{"embeddable":true,"href":"https:\/\/duett.es\/es\/wp-json\/wp\/v2\/comments?post=471"}],"version-history":[{"count":0,"href":"https:\/\/duett.es\/es\/wp-json\/wp\/v2\/pages\/471\/revisions"}],"wp:attachment":[{"href":"https:\/\/duett.es\/es\/wp-json\/wp\/v2\/media?parent=471"}],"curies":[{"name":"wp","href":"https:\/\/api.w.org\/{rel}","templated":true}]}}