{"id":473,"date":"2025-05-08T14:53:34","date_gmt":"2025-05-08T14:53:34","guid":{"rendered":"https:\/\/duett.es\/?page_id=473"},"modified":"2025-06-10T07:07:40","modified_gmt":"2025-06-10T07:07:40","slug":"politica-de-devoluciones","status":"publish","type":"page","link":"https:\/\/duett.es\/es\/politica-de-devoluciones\/","title":{"rendered":"Pol\u00edtica de devoluciones"},"content":{"rendered":"\n<p><strong>\u00bfQuiere devolver un art\u00edculo?<\/strong><\/p>\n\n\n\n<p>Los productos Duett deber\u00e1n ser devueltos en las mismas condiciones en las que usted las recibi\u00f3, junto con su embalaje original completo, etiquetas y junto con cualquier accesorio relacionado con los mismos. El cliente ser\u00e1 responsable de demostrar que los art\u00edculos han sido devueltos por lo que recomendamos que se env\u00ede siempre por un sistema que certifique la entrega para su seguridad. Nosotros no seremos responsables, por perdidas, retrasos o env\u00edos a direcci\u00f3n err\u00f3nea de cualquier producto que usted desee devolvernos.<\/p>\n\n\n\n<p>Si su devoluci\u00f3n no cumple con los t\u00e9rminos estipulados, no tendr\u00e1 derecho a recibir ning\u00fan reembolso de importe y les remitiremos los productos Duett a portes debidos.<br>Si el destinatario de los productos Duett es distinto de la persona que efectu\u00f3 el pago, el reembolso del dinero se le har\u00e1 a la persona que efectu\u00f3 el pago.<\/p>\n\n\n\n<p>Los productos Duett devueltos deben ser enviados en una sola entrega. Nos reservamos el derecho de no aceptar productos Duett que pertenecen a un \u00fanico pedido, devuelto y entregado en diferentes momentos. Un vez que comprobemos que los productos que nos devuelve cumplen todas las especificaciones de la Pol\u00edtica de Devoluciones, le enviaremos un correo electr\u00f3nico inform\u00e1ndole que la devoluci\u00f3n ha sido aceptada.<br>No est\u00e1n permitidos ni cambios ni devoluciones en otras tiendas de compras hechas online.<\/p>\n\n\n\n<p>Para realizar una devoluci\u00f3n usted deber\u00e1 enviarnos los productos Duett a la siguiente direcci\u00f3n:<\/p>\n\n\n\n<p>PLAY S.A.<br>Dept. Posventa<\/p>\n\n\n\n<p>Pol. Ind. de Caldes.<br>Ronda Boada Vell, 6. 08184 Palau-solit\u00e0 de Plegamans.<br>Barcelona (Espa\u00f1a).<\/p>\n\n\n\n<p><strong>\u00bfCu\u00e1l es el plazo para poder devolver un art\u00edculo?<\/strong><\/p>\n\n\n\n<p>&nbsp;El plazo para realizar la devoluci\u00f3n es de 15 d\u00edas, desde la fecha de recepci\u00f3n del producto.<\/p>\n\n\n\n<p><strong>\u00bfQu\u00e9 coste tiene la devoluci\u00f3n?<\/strong><\/p>\n\n\n\n<p>Usted ser\u00e1 responsable de los costes de devoluci\u00f3n del producto y en ning\u00fan caso aceptaremos devoluciones enviadas a portes debidos. En ning\u00fan caso le reembolsaremos los gastos de env\u00edo.&nbsp;<\/p>\n\n\n\n<p><strong>\u00bfC\u00f3mo recibir\u00e9 el importe de mi devoluci\u00f3n?<\/strong><\/p>\n\n\n\n<p>Cualquiera que sea el sistema de pago utilizado por usted, la devoluci\u00f3n del importe se pondr\u00e1 en marcha en la mayor brevedad posible.&nbsp;Si el importe de la devoluci\u00f3n es incorrecto, puede escribir un correo electr\u00f3nico a nuestro departamento de atenci\u00f3n al cliente en&nbsp;<a href=\"mailto:informacion@play.es\">informacion@play.es<\/a>&nbsp;y solucionaremos el problema lo antes posible.<\/p>\n\n\n\n<p><strong>\u00bfY si recibo un producto err\u00f3neo o defectuoso?<\/strong><\/p>\n\n\n\n<p>Si usted recibe un pedido err\u00f3neo o producto defectuoso, le rogamos que se ponga en contacto con nosotros con la mayor brevedad, en la siguiente direcci\u00f3n de email:&nbsp;<a href=\"mailto:informacion@play.es\">informacion@play.es<\/a>, indic\u00e1ndonos el error o defecto junto con sus datos personales. El plazo para realizar la devoluci\u00f3n es de 30 d\u00edas.<br>En el caso de problemas con el embalaje, deber\u00e1 comunic\u00e1rselo a la empresa de mensajer\u00eda en el momento de la recepci\u00f3n del pedido.<br>Procederemos a examinar detenidamente el producto devuelto y le comunicaremos por e-mail dentro de un plazo razonable si procede la devoluci\u00f3n o sustituci\u00f3n del mismo (en su caso). La devoluci\u00f3n o sustituci\u00f3n del art\u00edculo se efectuar\u00e1 lo antes posible y, en cualquier caso, dentro de los 30 d\u00edas siguientes a la fecha en la que le enviemos un correo electr\u00f3nico confirmando que procede la devoluci\u00f3n os sustituci\u00f3n del art\u00edculo no conforme.<br>Las cantidades pagadas por aquellos productos que sean devueltos a causa de alguna tara o defecto, cuando realmente exista, le ser\u00e1n reembolsadas \u00edntegramente, incluidos los gastos de entrega incurridos para entregarle el art\u00edculo y los costes en que Usted hubiera incurrido para devolv\u00e9rnoslo a nosotros. La devoluci\u00f3n se efectuar\u00e1 de la misma forma que se ha utilizado para pagar la compra.<br>Quedan a salvo los derechos reconocidos por la legislaci\u00f3n vigente.<\/p>\n","protected":false},"excerpt":{"rendered":"<p>\u00bfQuiere devolver un art\u00edculo? Los productos Duett deber\u00e1n ser devueltos en las mismas condiciones en las que usted las recibi\u00f3, junto con su embalaje original completo, etiquetas y junto con &hellip;<\/p>\n","protected":false},"author":1,"featured_media":0,"parent":0,"menu_order":0,"comment_status":"closed","ping_status":"closed","template":"","meta":{"_acf_changed":false,"footnotes":""},"class_list":["post-473","page","type-page","status-publish","hentry"],"acf":[],"yoast_head":"<!-- This site is optimized with the Yoast SEO plugin v27.3 - https:\/\/yoast.com\/product\/yoast-seo-wordpress\/ -->\n<title>Pol\u00edtica de devoluciones - Duett<\/title>\n<meta name=\"description\" content=\"\u00bfQuiere devolver un art\u00edculo? Los productos Duett deber\u00e1n ser devueltos en las mismas condiciones en las que usted las recibi\u00f3, junto con su embalaje\" \/>\n<meta name=\"robots\" content=\"index, follow, max-snippet:-1, max-image-preview:large, max-video-preview:-1\" \/>\n<link rel=\"canonical\" href=\"https:\/\/duett.es\/es\/politica-de-devoluciones\/\" \/>\n<meta property=\"og:locale\" content=\"es_ES\" \/>\n<meta property=\"og:type\" content=\"article\" \/>\n<meta property=\"og:title\" content=\"Pol\u00edtica de devoluciones - Duett\" \/>\n<meta property=\"og:description\" content=\"\u00bfQuiere devolver un art\u00edculo? Los productos Duett deber\u00e1n ser devueltos en las mismas condiciones en las que usted las recibi\u00f3, junto con su embalaje\" \/>\n<meta property=\"og:url\" content=\"https:\/\/duett.es\/es\/politica-de-devoluciones\/\" \/>\n<meta property=\"og:site_name\" content=\"Duett\" \/>\n<meta property=\"article:modified_time\" content=\"2025-06-10T07:07:40+00:00\" \/>\n<meta name=\"twitter:card\" content=\"summary_large_image\" \/>\n<meta name=\"twitter:label1\" content=\"Tiempo de lectura\" \/>\n\t<meta name=\"twitter:data1\" content=\"3 minutos\" \/>\n<script type=\"application\/ld+json\" class=\"yoast-schema-graph\">{\"@context\":\"https:\\\/\\\/schema.org\",\"@graph\":[{\"@type\":\"WebPage\",\"@id\":\"https:\\\/\\\/duett.es\\\/es\\\/politica-de-devoluciones\\\/\",\"url\":\"https:\\\/\\\/duett.es\\\/es\\\/politica-de-devoluciones\\\/\",\"name\":\"Pol\u00edtica de devoluciones - Duett\",\"isPartOf\":{\"@id\":\"https:\\\/\\\/duett.es\\\/es\\\/#website\"},\"datePublished\":\"2025-05-08T14:53:34+00:00\",\"dateModified\":\"2025-06-10T07:07:40+00:00\",\"description\":\"\u00bfQuiere devolver un art\u00edculo? Los productos Duett deber\u00e1n ser devueltos en las mismas condiciones en las que usted las recibi\u00f3, junto con su embalaje\",\"breadcrumb\":{\"@id\":\"https:\\\/\\\/duett.es\\\/es\\\/politica-de-devoluciones\\\/#breadcrumb\"},\"inLanguage\":\"es\",\"potentialAction\":[{\"@type\":\"ReadAction\",\"target\":[\"https:\\\/\\\/duett.es\\\/es\\\/politica-de-devoluciones\\\/\"]}]},{\"@type\":\"BreadcrumbList\",\"@id\":\"https:\\\/\\\/duett.es\\\/es\\\/politica-de-devoluciones\\\/#breadcrumb\",\"itemListElement\":[{\"@type\":\"ListItem\",\"position\":1,\"name\":\"Portada\",\"item\":\"https:\\\/\\\/duett.es\\\/es\\\/\"},{\"@type\":\"ListItem\",\"position\":2,\"name\":\"Pol\u00edtica de devoluciones\"}]},{\"@type\":\"WebSite\",\"@id\":\"https:\\\/\\\/duett.es\\\/es\\\/#website\",\"url\":\"https:\\\/\\\/duett.es\\\/es\\\/\",\"name\":\"Duett\",\"description\":\"\",\"publisher\":{\"@id\":\"https:\\\/\\\/duett.es\\\/es\\\/#organization\"},\"potentialAction\":[{\"@type\":\"SearchAction\",\"target\":{\"@type\":\"EntryPoint\",\"urlTemplate\":\"https:\\\/\\\/duett.es\\\/es\\\/?s={search_term_string}\"},\"query-input\":{\"@type\":\"PropertyValueSpecification\",\"valueRequired\":true,\"valueName\":\"search_term_string\"}}],\"inLanguage\":\"es\"},{\"@type\":\"Organization\",\"@id\":\"https:\\\/\\\/duett.es\\\/es\\\/#organization\",\"name\":\"Duett\",\"url\":\"https:\\\/\\\/duett.es\\\/es\\\/\",\"logo\":{\"@type\":\"ImageObject\",\"inLanguage\":\"es\",\"@id\":\"https:\\\/\\\/duett.es\\\/es\\\/#\\\/schema\\\/logo\\\/image\\\/\",\"url\":\"https:\\\/\\\/duett.es\\\/wp-content\\\/uploads\\\/logo-duett.svg\",\"contentUrl\":\"https:\\\/\\\/duett.es\\\/wp-content\\\/uploads\\\/logo-duett.svg\",\"width\":122,\"height\":34,\"caption\":\"Duett\"},\"image\":{\"@id\":\"https:\\\/\\\/duett.es\\\/es\\\/#\\\/schema\\\/logo\\\/image\\\/\"}}]}<\/script>\n<!-- \/ Yoast SEO plugin. -->","yoast_head_json":{"title":"Pol\u00edtica de devoluciones - Duett","description":"\u00bfQuiere devolver un art\u00edculo? Los productos Duett deber\u00e1n ser devueltos en las mismas condiciones en las que usted las recibi\u00f3, junto con su embalaje","robots":{"index":"index","follow":"follow","max-snippet":"max-snippet:-1","max-image-preview":"max-image-preview:large","max-video-preview":"max-video-preview:-1"},"canonical":"https:\/\/duett.es\/es\/politica-de-devoluciones\/","og_locale":"es_ES","og_type":"article","og_title":"Pol\u00edtica de devoluciones - Duett","og_description":"\u00bfQuiere devolver un art\u00edculo? Los productos Duett deber\u00e1n ser devueltos en las mismas condiciones en las que usted las recibi\u00f3, junto con su embalaje","og_url":"https:\/\/duett.es\/es\/politica-de-devoluciones\/","og_site_name":"Duett","article_modified_time":"2025-06-10T07:07:40+00:00","twitter_card":"summary_large_image","twitter_misc":{"Tiempo de lectura":"3 minutos"},"schema":{"@context":"https:\/\/schema.org","@graph":[{"@type":"WebPage","@id":"https:\/\/duett.es\/es\/politica-de-devoluciones\/","url":"https:\/\/duett.es\/es\/politica-de-devoluciones\/","name":"Pol\u00edtica de devoluciones - Duett","isPartOf":{"@id":"https:\/\/duett.es\/es\/#website"},"datePublished":"2025-05-08T14:53:34+00:00","dateModified":"2025-06-10T07:07:40+00:00","description":"\u00bfQuiere devolver un art\u00edculo? Los productos Duett deber\u00e1n ser devueltos en las mismas condiciones en las que usted las recibi\u00f3, junto con su embalaje","breadcrumb":{"@id":"https:\/\/duett.es\/es\/politica-de-devoluciones\/#breadcrumb"},"inLanguage":"es","potentialAction":[{"@type":"ReadAction","target":["https:\/\/duett.es\/es\/politica-de-devoluciones\/"]}]},{"@type":"BreadcrumbList","@id":"https:\/\/duett.es\/es\/politica-de-devoluciones\/#breadcrumb","itemListElement":[{"@type":"ListItem","position":1,"name":"Portada","item":"https:\/\/duett.es\/es\/"},{"@type":"ListItem","position":2,"name":"Pol\u00edtica de devoluciones"}]},{"@type":"WebSite","@id":"https:\/\/duett.es\/es\/#website","url":"https:\/\/duett.es\/es\/","name":"Duett","description":"","publisher":{"@id":"https:\/\/duett.es\/es\/#organization"},"potentialAction":[{"@type":"SearchAction","target":{"@type":"EntryPoint","urlTemplate":"https:\/\/duett.es\/es\/?s={search_term_string}"},"query-input":{"@type":"PropertyValueSpecification","valueRequired":true,"valueName":"search_term_string"}}],"inLanguage":"es"},{"@type":"Organization","@id":"https:\/\/duett.es\/es\/#organization","name":"Duett","url":"https:\/\/duett.es\/es\/","logo":{"@type":"ImageObject","inLanguage":"es","@id":"https:\/\/duett.es\/es\/#\/schema\/logo\/image\/","url":"https:\/\/duett.es\/wp-content\/uploads\/logo-duett.svg","contentUrl":"https:\/\/duett.es\/wp-content\/uploads\/logo-duett.svg","width":122,"height":34,"caption":"Duett"},"image":{"@id":"https:\/\/duett.es\/es\/#\/schema\/logo\/image\/"}}]}},"_links":{"self":[{"href":"https:\/\/duett.es\/es\/wp-json\/wp\/v2\/pages\/473","targetHints":{"allow":["GET"]}}],"collection":[{"href":"https:\/\/duett.es\/es\/wp-json\/wp\/v2\/pages"}],"about":[{"href":"https:\/\/duett.es\/es\/wp-json\/wp\/v2\/types\/page"}],"author":[{"embeddable":true,"href":"https:\/\/duett.es\/es\/wp-json\/wp\/v2\/users\/1"}],"replies":[{"embeddable":true,"href":"https:\/\/duett.es\/es\/wp-json\/wp\/v2\/comments?post=473"}],"version-history":[{"count":0,"href":"https:\/\/duett.es\/es\/wp-json\/wp\/v2\/pages\/473\/revisions"}],"wp:attachment":[{"href":"https:\/\/duett.es\/es\/wp-json\/wp\/v2\/media?parent=473"}],"curies":[{"name":"wp","href":"https:\/\/api.w.org\/{rel}","templated":true}]}}