{"id":56,"date":"2022-03-31T07:48:04","date_gmt":"2022-03-31T07:48:04","guid":{"rendered":"https:\/\/duett.es\/?page_id=56"},"modified":"2026-03-26T15:24:57","modified_gmt":"2026-03-26T15:24:57","slug":"pagina-principal","status":"publish","type":"page","link":"https:\/\/duett.es\/es\/","title":{"rendered":"P\u00e1gina principal"},"content":{"rendered":"","protected":false},"excerpt":{"rendered":"","protected":false},"author":1,"featured_media":0,"parent":0,"menu_order":0,"comment_status":"closed","ping_status":"closed","template":"page-templates\/page-home.php","meta":{"_acf_changed":false,"footnotes":""},"class_list":["post-56","page","type-page","status-publish","hentry"],"acf":[],"yoast_head":"<!-- This site is optimized with the Yoast SEO plugin v27.1.1 - https:\/\/yoast.com\/product\/yoast-seo-wordpress\/ -->\n<title>Duett | 20 a\u00f1os de innovaci\u00f3n en complementos para el hogar<\/title>\n<meta name=\"description\" content=\"Duett: complementos modernos para el hogar con +20 a\u00f1os de experiencia. Soluciones pr\u00e1cticas para cocina, ba\u00f1o, reciclaje y organizaci\u00f3n.\" \/>\n<meta name=\"robots\" content=\"index, follow, max-snippet:-1, max-image-preview:large, max-video-preview:-1\" \/>\n<link rel=\"canonical\" href=\"https:\/\/duett.es\/es\/\" \/>\n<meta property=\"og:locale\" content=\"es_ES\" \/>\n<meta property=\"og:type\" content=\"article\" \/>\n<meta property=\"og:title\" content=\"Duett | 20 a\u00f1os de innovaci\u00f3n en complementos para el hogar\" \/>\n<meta property=\"og:description\" content=\"Duett: complementos modernos para el hogar con +20 a\u00f1os de experiencia. Soluciones pr\u00e1cticas para cocina, ba\u00f1o, reciclaje y organizaci\u00f3n.\" \/>\n<meta property=\"og:url\" content=\"https:\/\/duett.es\/es\/\" \/>\n<meta property=\"og:site_name\" content=\"Duett\" \/>\n<meta property=\"article:modified_time\" content=\"2026-03-26T15:24:57+00:00\" \/>\n<meta name=\"twitter:card\" content=\"summary_large_image\" \/>\n<script type=\"application\/ld+json\" class=\"yoast-schema-graph\">{\"@context\":\"https:\/\/schema.org\",\"@graph\":[{\"@type\":\"WebPage\",\"@id\":\"https:\/\/duett.es\/es\/\",\"url\":\"https:\/\/duett.es\/es\/\",\"name\":\"Duett | 20 a\u00f1os de innovaci\u00f3n en complementos para el hogar\",\"isPartOf\":{\"@id\":\"https:\/\/duett.es\/es\/#website\"},\"datePublished\":\"2022-03-31T07:48:04+00:00\",\"dateModified\":\"2026-03-26T15:24:57+00:00\",\"description\":\"Duett: complementos modernos para el hogar con +20 a\u00f1os de experiencia. Soluciones pr\u00e1cticas para cocina, ba\u00f1o, reciclaje y organizaci\u00f3n.\",\"breadcrumb\":{\"@id\":\"https:\/\/duett.es\/es\/#breadcrumb\"},\"inLanguage\":\"es\",\"potentialAction\":[{\"@type\":\"ReadAction\",\"target\":[\"https:\/\/duett.es\/es\/\"]}]},{\"@type\":\"BreadcrumbList\",\"@id\":\"https:\/\/duett.es\/es\/#breadcrumb\",\"itemListElement\":[{\"@type\":\"ListItem\",\"position\":1,\"name\":\"Portada\",\"item\":\"https:\/\/duett.es\/es\/\"},{\"@type\":\"ListItem\",\"position\":2,\"name\":\"P\u00e1gina principal\"}]},{\"@type\":\"WebSite\",\"@id\":\"https:\/\/duett.es\/es\/#website\",\"url\":\"https:\/\/duett.es\/es\/\",\"name\":\"Duett\",\"description\":\"\",\"publisher\":{\"@id\":\"https:\/\/duett.es\/es\/#organization\"},\"potentialAction\":[{\"@type\":\"SearchAction\",\"target\":{\"@type\":\"EntryPoint\",\"urlTemplate\":\"https:\/\/duett.es\/es\/?s={search_term_string}\"},\"query-input\":{\"@type\":\"PropertyValueSpecification\",\"valueRequired\":true,\"valueName\":\"search_term_string\"}}],\"inLanguage\":\"es\"},{\"@type\":\"Organization\",\"@id\":\"https:\/\/duett.es\/es\/#organization\",\"name\":\"Duett\",\"url\":\"https:\/\/duett.es\/es\/\",\"logo\":{\"@type\":\"ImageObject\",\"inLanguage\":\"es\",\"@id\":\"https:\/\/duett.es\/es\/#\/schema\/logo\/image\/\",\"url\":\"https:\/\/duett.es\/wp-content\/uploads\/logo-duett.svg\",\"contentUrl\":\"https:\/\/duett.es\/wp-content\/uploads\/logo-duett.svg\",\"width\":122,\"height\":34,\"caption\":\"Duett\"},\"image\":{\"@id\":\"https:\/\/duett.es\/es\/#\/schema\/logo\/image\/\"}}]}<\/script>\n<!-- \/ Yoast SEO plugin. -->","yoast_head_json":{"title":"Duett | 20 a\u00f1os de innovaci\u00f3n en complementos para el hogar","description":"Duett: complementos modernos para el hogar con +20 a\u00f1os de experiencia. Soluciones pr\u00e1cticas para cocina, ba\u00f1o, reciclaje y organizaci\u00f3n.","robots":{"index":"index","follow":"follow","max-snippet":"max-snippet:-1","max-image-preview":"max-image-preview:large","max-video-preview":"max-video-preview:-1"},"canonical":"https:\/\/duett.es\/es\/","og_locale":"es_ES","og_type":"article","og_title":"Duett | 20 a\u00f1os de innovaci\u00f3n en complementos para el hogar","og_description":"Duett: complementos modernos para el hogar con +20 a\u00f1os de experiencia. Soluciones pr\u00e1cticas para cocina, ba\u00f1o, reciclaje y organizaci\u00f3n.","og_url":"https:\/\/duett.es\/es\/","og_site_name":"Duett","article_modified_time":"2026-03-26T15:24:57+00:00","twitter_card":"summary_large_image","schema":{"@context":"https:\/\/schema.org","@graph":[{"@type":"WebPage","@id":"https:\/\/duett.es\/es\/","url":"https:\/\/duett.es\/es\/","name":"Duett | 20 a\u00f1os de innovaci\u00f3n en complementos para el hogar","isPartOf":{"@id":"https:\/\/duett.es\/es\/#website"},"datePublished":"2022-03-31T07:48:04+00:00","dateModified":"2026-03-26T15:24:57+00:00","description":"Duett: complementos modernos para el hogar con +20 a\u00f1os de experiencia. Soluciones pr\u00e1cticas para cocina, ba\u00f1o, reciclaje y organizaci\u00f3n.","breadcrumb":{"@id":"https:\/\/duett.es\/es\/#breadcrumb"},"inLanguage":"es","potentialAction":[{"@type":"ReadAction","target":["https:\/\/duett.es\/es\/"]}]},{"@type":"BreadcrumbList","@id":"https:\/\/duett.es\/es\/#breadcrumb","itemListElement":[{"@type":"ListItem","position":1,"name":"Portada","item":"https:\/\/duett.es\/es\/"},{"@type":"ListItem","position":2,"name":"P\u00e1gina principal"}]},{"@type":"WebSite","@id":"https:\/\/duett.es\/es\/#website","url":"https:\/\/duett.es\/es\/","name":"Duett","description":"","publisher":{"@id":"https:\/\/duett.es\/es\/#organization"},"potentialAction":[{"@type":"SearchAction","target":{"@type":"EntryPoint","urlTemplate":"https:\/\/duett.es\/es\/?s={search_term_string}"},"query-input":{"@type":"PropertyValueSpecification","valueRequired":true,"valueName":"search_term_string"}}],"inLanguage":"es"},{"@type":"Organization","@id":"https:\/\/duett.es\/es\/#organization","name":"Duett","url":"https:\/\/duett.es\/es\/","logo":{"@type":"ImageObject","inLanguage":"es","@id":"https:\/\/duett.es\/es\/#\/schema\/logo\/image\/","url":"https:\/\/duett.es\/wp-content\/uploads\/logo-duett.svg","contentUrl":"https:\/\/duett.es\/wp-content\/uploads\/logo-duett.svg","width":122,"height":34,"caption":"Duett"},"image":{"@id":"https:\/\/duett.es\/es\/#\/schema\/logo\/image\/"}}]}},"_links":{"self":[{"href":"https:\/\/duett.es\/es\/wp-json\/wp\/v2\/pages\/56","targetHints":{"allow":["GET"]}}],"collection":[{"href":"https:\/\/duett.es\/es\/wp-json\/wp\/v2\/pages"}],"about":[{"href":"https:\/\/duett.es\/es\/wp-json\/wp\/v2\/types\/page"}],"author":[{"embeddable":true,"href":"https:\/\/duett.es\/es\/wp-json\/wp\/v2\/users\/1"}],"replies":[{"embeddable":true,"href":"https:\/\/duett.es\/es\/wp-json\/wp\/v2\/comments?post=56"}],"version-history":[{"count":20,"href":"https:\/\/duett.es\/es\/wp-json\/wp\/v2\/pages\/56\/revisions"}],"predecessor-version":[{"id":2962,"href":"https:\/\/duett.es\/es\/wp-json\/wp\/v2\/pages\/56\/revisions\/2962"}],"wp:attachment":[{"href":"https:\/\/duett.es\/es\/wp-json\/wp\/v2\/media?parent=56"}],"curies":[{"name":"wp","href":"https:\/\/api.w.org\/{rel}","templated":true}]}}