{"id":2448,"date":"2025-11-27T11:11:52","date_gmt":"2025-11-27T11:11:52","guid":{"rendered":"https:\/\/duett.es\/?post_type=product&#038;p=2448"},"modified":"2026-03-13T09:51:10","modified_gmt":"2026-03-13T09:51:10","slug":"carro-de-la-compra-muuvi-up-802-texture-grey","status":"publish","type":"product","link":"https:\/\/duett.es\/es\/producto\/carro-de-la-compra-muuvi-up-802-texture-grey\/","title":{"rendered":"Carro de la compra Muuvi Up 802 Texture grey"},"content":{"rendered":"<p class=\"p1\">Descubre la <b>nueva bolsa con tejido texture de alta calidad<\/b>, que combina dise\u00f1o moderno y resistencia, perfecta para el d\u00eda a d\u00eda. Ahora disponible en <b>3 elegantes colores<\/b>, para adaptarse a cualquier preferencia.<\/p>\n<p class=\"p1\">Su <b>pr\u00e1ctica hebilla de cierre con correa ajustable<\/b> mantiene tus compras seguras y a salvo, haciendo que transportar todo sea m\u00e1s f\u00e1cil y c\u00f3modo que nunca.<\/p>\n<p class=\"p1\">El aliado que combina a la perfecci\u00f3n con cualquier look: haz que cada paseo sea con estilo.<\/p>\n<p>Caracter\u00edsticas destacadas:<\/p>\n<ul>\n<li>Capacidad de carga: <strong>hasta 25 kg\u00a0 \u00a0 \u00a0 \u00a0 \u00a0 \u00a0 \u00a0 \u00a0 \u00a0 \u00a0 \u00a0 \u00a0 \u00a0 \u00a0 \u00a0 \u00a0 \u00a0 \u00a0 \u00a0 \u00a0 \u00a0 \u00a0 \u00a0 \u00a0 \u00a0 \u00a0<\/strong><\/li>\n<li><strong>Manillar ergon\u00f3mico<\/strong> con espuma antideslizante para mayor confort<\/li>\n<li><strong>Bolsa desmontable, resistente al agua y lavable<\/strong><\/li>\n<li><strong>Plegado compacto<\/strong> para un f\u00e1cil almacenamiento<\/li>\n<li><strong>Ruedas de EVA:<\/strong> ligeras duraderas y silenciosas<\/li>\n<li><strong>Cierre r\u00e1pido y bolsillo trasero con cremallera<\/strong><\/li>\n<\/ul>\n<p>Haz que tus compras sean m\u00e1s c\u00f3modas, pr\u00e1cticas y sostenibles con el carro Muuvi Up. \u00a1Mu\u00e9vete con estilo!<\/p>\n","protected":false},"excerpt":{"rendered":"<p>Descubre la nueva bolsa con tejido texture de alta calidad, que combina dise\u00f1o moderno y resistencia, perfecta para el d\u00eda a d\u00eda. Ahora disponible en 3 elegantes colores, para adaptarse &hellip;<\/p>\n","protected":false},"featured_media":2482,"comment_status":"closed","ping_status":"closed","template":"","meta":{"_acf_changed":false},"product_brand":[],"product_cat":[48],"product_tag":[],"class_list":{"0":"post-2448","1":"product","2":"type-product","3":"status-publish","4":"has-post-thumbnail","6":"product_cat-carros-para-la-compra","8":"first","9":"instock","10":"taxable","11":"shipping-taxable","12":"purchasable","13":"product-type-simple"},"acf":[],"yoast_head":"<!-- This site is optimized with the Yoast SEO plugin v27.3 - https:\/\/yoast.com\/product\/yoast-seo-wordpress\/ -->\n<title>Carro de la compra Muuvi Up 802 Texture grey - Duett<\/title>\n<meta name=\"description\" content=\"Descubre la nueva bolsa con tejido texture de alta calidad, que combina dise\u00f1o moderno y resistencia, perfecta para el d\u00eda a d\u00eda. Ahora disponible en 3\" \/>\n<meta name=\"robots\" content=\"index, follow, max-snippet:-1, max-image-preview:large, max-video-preview:-1\" \/>\n<link rel=\"canonical\" href=\"https:\/\/duett.es\/es\/producto\/carro-de-la-compra-muuvi-up-802-texture-grey\/\" \/>\n<meta property=\"og:locale\" content=\"es_ES\" \/>\n<meta property=\"og:type\" content=\"article\" \/>\n<meta property=\"og:title\" content=\"Carro de la compra Muuvi Up 802 Texture grey - Duett\" \/>\n<meta property=\"og:description\" content=\"Descubre la nueva bolsa con tejido texture de alta calidad, que combina dise\u00f1o moderno y resistencia, perfecta para el d\u00eda a d\u00eda. Ahora disponible en 3\" \/>\n<meta property=\"og:url\" content=\"https:\/\/duett.es\/es\/producto\/carro-de-la-compra-muuvi-up-802-texture-grey\/\" \/>\n<meta property=\"og:site_name\" content=\"Duett\" \/>\n<meta property=\"article:modified_time\" content=\"2026-03-13T09:51:10+00:00\" \/>\n<meta property=\"og:image\" content=\"https:\/\/duett.es\/wp-content\/uploads\/998405-802-muuvi-up-text-grey-3-4.png\" \/>\n\t<meta property=\"og:image:width\" content=\"2000\" \/>\n\t<meta property=\"og:image:height\" content=\"2000\" \/>\n\t<meta property=\"og:image:type\" content=\"image\/png\" \/>\n<meta name=\"twitter:card\" content=\"summary_large_image\" \/>\n<meta name=\"twitter:label1\" content=\"Tiempo de lectura\" \/>\n\t<meta name=\"twitter:data1\" content=\"1 minuto\" \/>\n<script type=\"application\/ld+json\" class=\"yoast-schema-graph\">{\"@context\":\"https:\\\/\\\/schema.org\",\"@graph\":[{\"@type\":\"WebPage\",\"@id\":\"https:\\\/\\\/duett.es\\\/es\\\/producto\\\/carro-de-la-compra-muuvi-up-802-texture-grey\\\/\",\"url\":\"https:\\\/\\\/duett.es\\\/es\\\/producto\\\/carro-de-la-compra-muuvi-up-802-texture-grey\\\/\",\"name\":\"Carro de la compra Muuvi Up 802 Texture grey - Duett\",\"isPartOf\":{\"@id\":\"https:\\\/\\\/duett.es\\\/es\\\/#website\"},\"primaryImageOfPage\":{\"@id\":\"https:\\\/\\\/duett.es\\\/es\\\/producto\\\/carro-de-la-compra-muuvi-up-802-texture-grey\\\/#primaryimage\"},\"image\":{\"@id\":\"https:\\\/\\\/duett.es\\\/es\\\/producto\\\/carro-de-la-compra-muuvi-up-802-texture-grey\\\/#primaryimage\"},\"thumbnailUrl\":\"https:\\\/\\\/duett.es\\\/wp-content\\\/uploads\\\/998405-802-muuvi-up-text-grey-3-4.png\",\"datePublished\":\"2025-11-27T11:11:52+00:00\",\"dateModified\":\"2026-03-13T09:51:10+00:00\",\"description\":\"Descubre la nueva bolsa con tejido texture de alta calidad, que combina dise\u00f1o moderno y resistencia, perfecta para el d\u00eda a d\u00eda. Ahora disponible en 3\",\"breadcrumb\":{\"@id\":\"https:\\\/\\\/duett.es\\\/es\\\/producto\\\/carro-de-la-compra-muuvi-up-802-texture-grey\\\/#breadcrumb\"},\"inLanguage\":\"es\",\"potentialAction\":[{\"@type\":\"ReadAction\",\"target\":[\"https:\\\/\\\/duett.es\\\/es\\\/producto\\\/carro-de-la-compra-muuvi-up-802-texture-grey\\\/\"]}]},{\"@type\":\"ImageObject\",\"inLanguage\":\"es\",\"@id\":\"https:\\\/\\\/duett.es\\\/es\\\/producto\\\/carro-de-la-compra-muuvi-up-802-texture-grey\\\/#primaryimage\",\"url\":\"https:\\\/\\\/duett.es\\\/wp-content\\\/uploads\\\/998405-802-muuvi-up-text-grey-3-4.png\",\"contentUrl\":\"https:\\\/\\\/duett.es\\\/wp-content\\\/uploads\\\/998405-802-muuvi-up-text-grey-3-4.png\",\"width\":2000,\"height\":2000},{\"@type\":\"BreadcrumbList\",\"@id\":\"https:\\\/\\\/duett.es\\\/es\\\/producto\\\/carro-de-la-compra-muuvi-up-802-texture-grey\\\/#breadcrumb\",\"itemListElement\":[{\"@type\":\"ListItem\",\"position\":1,\"name\":\"Portada\",\"item\":\"https:\\\/\\\/duett.es\\\/es\\\/\"},{\"@type\":\"ListItem\",\"position\":2,\"name\":\"Tienda\",\"item\":\"https:\\\/\\\/duett.es\\\/es\\\/tienda\\\/\"},{\"@type\":\"ListItem\",\"position\":3,\"name\":\"Carro de la compra Muuvi Up 802 Texture grey\"}]},{\"@type\":\"WebSite\",\"@id\":\"https:\\\/\\\/duett.es\\\/es\\\/#website\",\"url\":\"https:\\\/\\\/duett.es\\\/es\\\/\",\"name\":\"Duett\",\"description\":\"\",\"publisher\":{\"@id\":\"https:\\\/\\\/duett.es\\\/es\\\/#organization\"},\"potentialAction\":[{\"@type\":\"SearchAction\",\"target\":{\"@type\":\"EntryPoint\",\"urlTemplate\":\"https:\\\/\\\/duett.es\\\/es\\\/?s={search_term_string}\"},\"query-input\":{\"@type\":\"PropertyValueSpecification\",\"valueRequired\":true,\"valueName\":\"search_term_string\"}}],\"inLanguage\":\"es\"},{\"@type\":\"Organization\",\"@id\":\"https:\\\/\\\/duett.es\\\/es\\\/#organization\",\"name\":\"Duett\",\"url\":\"https:\\\/\\\/duett.es\\\/es\\\/\",\"logo\":{\"@type\":\"ImageObject\",\"inLanguage\":\"es\",\"@id\":\"https:\\\/\\\/duett.es\\\/es\\\/#\\\/schema\\\/logo\\\/image\\\/\",\"url\":\"https:\\\/\\\/duett.es\\\/wp-content\\\/uploads\\\/logo-duett.svg\",\"contentUrl\":\"https:\\\/\\\/duett.es\\\/wp-content\\\/uploads\\\/logo-duett.svg\",\"width\":122,\"height\":34,\"caption\":\"Duett\"},\"image\":{\"@id\":\"https:\\\/\\\/duett.es\\\/es\\\/#\\\/schema\\\/logo\\\/image\\\/\"}}]}<\/script>\n<!-- \/ Yoast SEO plugin. -->","yoast_head_json":{"title":"Carro de la compra Muuvi Up 802 Texture grey - Duett","description":"Descubre la nueva bolsa con tejido texture de alta calidad, que combina dise\u00f1o moderno y resistencia, perfecta para el d\u00eda a d\u00eda. Ahora disponible en 3","robots":{"index":"index","follow":"follow","max-snippet":"max-snippet:-1","max-image-preview":"max-image-preview:large","max-video-preview":"max-video-preview:-1"},"canonical":"https:\/\/duett.es\/es\/producto\/carro-de-la-compra-muuvi-up-802-texture-grey\/","og_locale":"es_ES","og_type":"article","og_title":"Carro de la compra Muuvi Up 802 Texture grey - Duett","og_description":"Descubre la nueva bolsa con tejido texture de alta calidad, que combina dise\u00f1o moderno y resistencia, perfecta para el d\u00eda a d\u00eda. Ahora disponible en 3","og_url":"https:\/\/duett.es\/es\/producto\/carro-de-la-compra-muuvi-up-802-texture-grey\/","og_site_name":"Duett","article_modified_time":"2026-03-13T09:51:10+00:00","og_image":[{"width":2000,"height":2000,"url":"https:\/\/duett.es\/wp-content\/uploads\/998405-802-muuvi-up-text-grey-3-4.png","type":"image\/png"}],"twitter_card":"summary_large_image","twitter_misc":{"Tiempo de lectura":"1 minuto"},"schema":{"@context":"https:\/\/schema.org","@graph":[{"@type":"WebPage","@id":"https:\/\/duett.es\/es\/producto\/carro-de-la-compra-muuvi-up-802-texture-grey\/","url":"https:\/\/duett.es\/es\/producto\/carro-de-la-compra-muuvi-up-802-texture-grey\/","name":"Carro de la compra Muuvi Up 802 Texture grey - Duett","isPartOf":{"@id":"https:\/\/duett.es\/es\/#website"},"primaryImageOfPage":{"@id":"https:\/\/duett.es\/es\/producto\/carro-de-la-compra-muuvi-up-802-texture-grey\/#primaryimage"},"image":{"@id":"https:\/\/duett.es\/es\/producto\/carro-de-la-compra-muuvi-up-802-texture-grey\/#primaryimage"},"thumbnailUrl":"https:\/\/duett.es\/wp-content\/uploads\/998405-802-muuvi-up-text-grey-3-4.png","datePublished":"2025-11-27T11:11:52+00:00","dateModified":"2026-03-13T09:51:10+00:00","description":"Descubre la nueva bolsa con tejido texture de alta calidad, que combina dise\u00f1o moderno y resistencia, perfecta para el d\u00eda a d\u00eda. Ahora disponible en 3","breadcrumb":{"@id":"https:\/\/duett.es\/es\/producto\/carro-de-la-compra-muuvi-up-802-texture-grey\/#breadcrumb"},"inLanguage":"es","potentialAction":[{"@type":"ReadAction","target":["https:\/\/duett.es\/es\/producto\/carro-de-la-compra-muuvi-up-802-texture-grey\/"]}]},{"@type":"ImageObject","inLanguage":"es","@id":"https:\/\/duett.es\/es\/producto\/carro-de-la-compra-muuvi-up-802-texture-grey\/#primaryimage","url":"https:\/\/duett.es\/wp-content\/uploads\/998405-802-muuvi-up-text-grey-3-4.png","contentUrl":"https:\/\/duett.es\/wp-content\/uploads\/998405-802-muuvi-up-text-grey-3-4.png","width":2000,"height":2000},{"@type":"BreadcrumbList","@id":"https:\/\/duett.es\/es\/producto\/carro-de-la-compra-muuvi-up-802-texture-grey\/#breadcrumb","itemListElement":[{"@type":"ListItem","position":1,"name":"Portada","item":"https:\/\/duett.es\/es\/"},{"@type":"ListItem","position":2,"name":"Tienda","item":"https:\/\/duett.es\/es\/tienda\/"},{"@type":"ListItem","position":3,"name":"Carro de la compra Muuvi Up 802 Texture grey"}]},{"@type":"WebSite","@id":"https:\/\/duett.es\/es\/#website","url":"https:\/\/duett.es\/es\/","name":"Duett","description":"","publisher":{"@id":"https:\/\/duett.es\/es\/#organization"},"potentialAction":[{"@type":"SearchAction","target":{"@type":"EntryPoint","urlTemplate":"https:\/\/duett.es\/es\/?s={search_term_string}"},"query-input":{"@type":"PropertyValueSpecification","valueRequired":true,"valueName":"search_term_string"}}],"inLanguage":"es"},{"@type":"Organization","@id":"https:\/\/duett.es\/es\/#organization","name":"Duett","url":"https:\/\/duett.es\/es\/","logo":{"@type":"ImageObject","inLanguage":"es","@id":"https:\/\/duett.es\/es\/#\/schema\/logo\/image\/","url":"https:\/\/duett.es\/wp-content\/uploads\/logo-duett.svg","contentUrl":"https:\/\/duett.es\/wp-content\/uploads\/logo-duett.svg","width":122,"height":34,"caption":"Duett"},"image":{"@id":"https:\/\/duett.es\/es\/#\/schema\/logo\/image\/"}}]}},"_links":{"self":[{"href":"https:\/\/duett.es\/es\/wp-json\/wp\/v2\/product\/2448","targetHints":{"allow":["GET"]}}],"collection":[{"href":"https:\/\/duett.es\/es\/wp-json\/wp\/v2\/product"}],"about":[{"href":"https:\/\/duett.es\/es\/wp-json\/wp\/v2\/types\/product"}],"replies":[{"embeddable":true,"href":"https:\/\/duett.es\/es\/wp-json\/wp\/v2\/comments?post=2448"}],"wp:featuredmedia":[{"embeddable":true,"href":"https:\/\/duett.es\/es\/wp-json\/wp\/v2\/media\/2482"}],"wp:attachment":[{"href":"https:\/\/duett.es\/es\/wp-json\/wp\/v2\/media?parent=2448"}],"wp:term":[{"taxonomy":"product_brand","embeddable":true,"href":"https:\/\/duett.es\/es\/wp-json\/wp\/v2\/product_brand?post=2448"},{"taxonomy":"product_cat","embeddable":true,"href":"https:\/\/duett.es\/es\/wp-json\/wp\/v2\/product_cat?post=2448"},{"taxonomy":"product_tag","embeddable":true,"href":"https:\/\/duett.es\/es\/wp-json\/wp\/v2\/product_tag?post=2448"}],"curies":[{"name":"wp","href":"https:\/\/api.w.org\/{rel}","templated":true}]}}