{"id":2585,"date":"2025-12-01T07:14:12","date_gmt":"2025-12-01T07:14:12","guid":{"rendered":"https:\/\/duett.es\/?post_type=product&#038;p=2585"},"modified":"2025-12-03T07:52:41","modified_gmt":"2025-12-03T07:52:41","slug":"carro-de-la-compra-muuvi-up-797-aqua","status":"publish","type":"product","link":"https:\/\/duett.es\/es\/producto\/carro-de-la-compra-muuvi-up-797-aqua\/","title":{"rendered":"Carro de la compra Muuvi Up 798 Purple"},"content":{"rendered":"<p data-start=\"355\" data-end=\"667\"><strong data-start=\"358\" data-end=\"370\">Muuvi Up<\/strong> es el carro ideal para hacer la compra de forma c\u00f3moda, pr\u00e1ctica y sin esfuerzo. Gracias a sus <strong data-start=\"466\" data-end=\"508\">4 ruedas estables y silenciosas de EVA<\/strong>, se desliza con suavidad incluso cuando va lleno. Su dise\u00f1o ligero y maniobrable lo convierte en un aliado perfecto tanto para compras diarias como semanales.<\/p>\n<p data-start=\"669\" data-end=\"940\">La <strong data-start=\"672\" data-end=\"723\">bolsa impermeable de gran capacidad (46 litros)<\/strong> es desmontable y lavable, ideal para transportar tus productos sin preocuparte por la lluvia ni los derrames. Adem\u00e1s, incluye <strong data-start=\"850\" data-end=\"900\">un pr\u00e1ctico bolsillo trasero con cierre r\u00e1pido<\/strong> para tener a mano lo que m\u00e1s necesitas.<\/p>\n<p data-start=\"942\" data-end=\"1069\">Su <strong data-start=\"945\" data-end=\"965\">plegado compacto<\/strong> permite guardarlo f\u00e1cilmente en casa, en el maletero o en cualquier rinc\u00f3n, ocupando el m\u00ednimo espacio.<\/p>\n<h4 data-start=\"1071\" data-end=\"1103\">Caracter\u00edsticas destacadas:<\/h4>\n<ul data-start=\"1104\" data-end=\"1426\">\n<li data-start=\"1104\" data-end=\"1141\">\n<p data-start=\"1106\" data-end=\"1141\">Capacidad de carga: <strong data-start=\"1126\" data-end=\"1141\">hasta 25 kg<\/strong><\/p>\n<\/li>\n<li data-start=\"1142\" data-end=\"1212\">\n<p data-start=\"1144\" data-end=\"1212\"><strong data-start=\"1144\" data-end=\"1167\">Manillar ergon\u00f3mico<\/strong> con espuma antideslizante para mayor confort<\/p>\n<\/li>\n<li data-start=\"1213\" data-end=\"1266\">\n<p data-start=\"1215\" data-end=\"1266\"><strong data-start=\"1215\" data-end=\"1266\">Bolsa desmontable, resistente al agua y lavable<\/strong><\/p>\n<\/li>\n<li data-start=\"1267\" data-end=\"1318\">\n<p data-start=\"1269\" data-end=\"1318\"><strong data-start=\"1269\" data-end=\"1289\">Plegado compacto<\/strong> para un f\u00e1cil almacenamiento<\/p>\n<\/li>\n<li data-start=\"1319\" data-end=\"1372\">\n<p data-start=\"1321\" data-end=\"1372\"><strong data-start=\"1321\" data-end=\"1338\">Ruedas de EVA<\/strong>: ligeras, duraderas y silenciosas<\/p>\n<\/li>\n<li data-start=\"1373\" data-end=\"1426\">\n<p data-start=\"1375\" data-end=\"1426\"><strong data-start=\"1375\" data-end=\"1426\">Cierre r\u00e1pido y bolsillo trasero con cremallera<\/strong><\/p>\n<\/li>\n<\/ul>\n<p data-start=\"1428\" data-end=\"1533\">Haz que tus compras sean m\u00e1s c\u00f3modas, pr\u00e1cticas y sostenibles con el carro Muuvi Up. \u00a1Mu\u00e9vete con estilo!<\/p>\n","protected":false},"excerpt":{"rendered":"<p>Igual de c\u00f3modo y ligero, \u00a1y ahora adem\u00e1s plegable! El nuevo Muuvi Up se pliega de forma compacta para poder guardarlo f\u00e1cilmente en cualquier espacio. Descubre la soluci\u00f3n m\u00e1s pr\u00e1ctica para tus compras.<\/p>\n<p>&nbsp;<\/p>\n","protected":false},"featured_media":2591,"comment_status":"closed","ping_status":"closed","template":"","meta":{"_acf_changed":false},"product_brand":[],"product_cat":[48],"product_tag":[367,378,379],"class_list":{"0":"post-2585","1":"product","2":"type-product","3":"status-publish","4":"has-post-thumbnail","6":"product_cat-carros-para-la-compra","7":"product_tag-carro","8":"product_tag-carro-compra","9":"product_tag-muuvi","11":"first","12":"instock","13":"taxable","14":"shipping-taxable","15":"purchasable","16":"product-type-simple"},"acf":[],"yoast_head":"<!-- This site is optimized with the Yoast SEO plugin v27.3 - https:\/\/yoast.com\/product\/yoast-seo-wordpress\/ -->\n<title>Carro de la compra Muuvi Up 798 Purple - Duett<\/title>\n<meta name=\"description\" content=\"Igual de c\u00f3modo y ligero, \u00a1y ahora adem\u00e1s plegable! El nuevo Muuvi Up se pliega de forma compacta para poder guardarlo f\u00e1cilmente en cualquier espacio. Descubre la soluci\u00f3n m\u00e1s pr\u00e1ctica para tus compras.  &nbsp;\" \/>\n<meta name=\"robots\" content=\"index, follow, max-snippet:-1, max-image-preview:large, max-video-preview:-1\" \/>\n<link rel=\"canonical\" href=\"https:\/\/duett.es\/es\/producto\/carro-de-la-compra-muuvi-up-797-aqua\/\" \/>\n<meta property=\"og:locale\" content=\"es_ES\" \/>\n<meta property=\"og:type\" content=\"article\" \/>\n<meta property=\"og:title\" content=\"Carro de la compra Muuvi Up 798 Purple - Duett\" \/>\n<meta property=\"og:description\" content=\"Igual de c\u00f3modo y ligero, \u00a1y ahora adem\u00e1s plegable! El nuevo Muuvi Up se pliega de forma compacta para poder guardarlo f\u00e1cilmente en cualquier espacio. Descubre la soluci\u00f3n m\u00e1s pr\u00e1ctica para tus compras.  &nbsp;\" \/>\n<meta property=\"og:url\" content=\"https:\/\/duett.es\/es\/producto\/carro-de-la-compra-muuvi-up-797-aqua\/\" \/>\n<meta property=\"og:site_name\" content=\"Duett\" \/>\n<meta property=\"article:modified_time\" content=\"2025-12-03T07:52:41+00:00\" \/>\n<meta property=\"og:image\" content=\"https:\/\/duett.es\/wp-content\/uploads\/998402-muuvi-up-798-purple-3-4.jpg\" \/>\n\t<meta property=\"og:image:width\" content=\"3691\" \/>\n\t<meta property=\"og:image:height\" content=\"6431\" \/>\n\t<meta property=\"og:image:type\" content=\"image\/jpeg\" \/>\n<meta name=\"twitter:card\" content=\"summary_large_image\" \/>\n<meta name=\"twitter:label1\" content=\"Tiempo de lectura\" \/>\n\t<meta name=\"twitter:data1\" content=\"1 minuto\" \/>\n<script type=\"application\/ld+json\" class=\"yoast-schema-graph\">{\"@context\":\"https:\\\/\\\/schema.org\",\"@graph\":[{\"@type\":\"WebPage\",\"@id\":\"https:\\\/\\\/duett.es\\\/es\\\/producto\\\/carro-de-la-compra-muuvi-up-797-aqua\\\/\",\"url\":\"https:\\\/\\\/duett.es\\\/es\\\/producto\\\/carro-de-la-compra-muuvi-up-797-aqua\\\/\",\"name\":\"Carro de la compra Muuvi Up 798 Purple - Duett\",\"isPartOf\":{\"@id\":\"https:\\\/\\\/duett.es\\\/es\\\/#website\"},\"primaryImageOfPage\":{\"@id\":\"https:\\\/\\\/duett.es\\\/es\\\/producto\\\/carro-de-la-compra-muuvi-up-797-aqua\\\/#primaryimage\"},\"image\":{\"@id\":\"https:\\\/\\\/duett.es\\\/es\\\/producto\\\/carro-de-la-compra-muuvi-up-797-aqua\\\/#primaryimage\"},\"thumbnailUrl\":\"https:\\\/\\\/duett.es\\\/wp-content\\\/uploads\\\/998402-muuvi-up-798-purple-3-4.jpg\",\"datePublished\":\"2025-12-01T07:14:12+00:00\",\"dateModified\":\"2025-12-03T07:52:41+00:00\",\"description\":\"Igual de c\u00f3modo y ligero, \u00a1y ahora adem\u00e1s plegable! El nuevo Muuvi Up se pliega de forma compacta para poder guardarlo f\u00e1cilmente en cualquier espacio. Descubre la soluci\u00f3n m\u00e1s pr\u00e1ctica para tus compras. &nbsp;\",\"breadcrumb\":{\"@id\":\"https:\\\/\\\/duett.es\\\/es\\\/producto\\\/carro-de-la-compra-muuvi-up-797-aqua\\\/#breadcrumb\"},\"inLanguage\":\"es\",\"potentialAction\":[{\"@type\":\"ReadAction\",\"target\":[\"https:\\\/\\\/duett.es\\\/es\\\/producto\\\/carro-de-la-compra-muuvi-up-797-aqua\\\/\"]}]},{\"@type\":\"ImageObject\",\"inLanguage\":\"es\",\"@id\":\"https:\\\/\\\/duett.es\\\/es\\\/producto\\\/carro-de-la-compra-muuvi-up-797-aqua\\\/#primaryimage\",\"url\":\"https:\\\/\\\/duett.es\\\/wp-content\\\/uploads\\\/998402-muuvi-up-798-purple-3-4.jpg\",\"contentUrl\":\"https:\\\/\\\/duett.es\\\/wp-content\\\/uploads\\\/998402-muuvi-up-798-purple-3-4.jpg\",\"width\":3691,\"height\":6431},{\"@type\":\"BreadcrumbList\",\"@id\":\"https:\\\/\\\/duett.es\\\/es\\\/producto\\\/carro-de-la-compra-muuvi-up-797-aqua\\\/#breadcrumb\",\"itemListElement\":[{\"@type\":\"ListItem\",\"position\":1,\"name\":\"Portada\",\"item\":\"https:\\\/\\\/duett.es\\\/es\\\/\"},{\"@type\":\"ListItem\",\"position\":2,\"name\":\"Tienda\",\"item\":\"https:\\\/\\\/duett.es\\\/es\\\/tienda\\\/\"},{\"@type\":\"ListItem\",\"position\":3,\"name\":\"Carro de la compra Muuvi Up 798 Purple\"}]},{\"@type\":\"WebSite\",\"@id\":\"https:\\\/\\\/duett.es\\\/es\\\/#website\",\"url\":\"https:\\\/\\\/duett.es\\\/es\\\/\",\"name\":\"Duett\",\"description\":\"\",\"publisher\":{\"@id\":\"https:\\\/\\\/duett.es\\\/es\\\/#organization\"},\"potentialAction\":[{\"@type\":\"SearchAction\",\"target\":{\"@type\":\"EntryPoint\",\"urlTemplate\":\"https:\\\/\\\/duett.es\\\/es\\\/?s={search_term_string}\"},\"query-input\":{\"@type\":\"PropertyValueSpecification\",\"valueRequired\":true,\"valueName\":\"search_term_string\"}}],\"inLanguage\":\"es\"},{\"@type\":\"Organization\",\"@id\":\"https:\\\/\\\/duett.es\\\/es\\\/#organization\",\"name\":\"Duett\",\"url\":\"https:\\\/\\\/duett.es\\\/es\\\/\",\"logo\":{\"@type\":\"ImageObject\",\"inLanguage\":\"es\",\"@id\":\"https:\\\/\\\/duett.es\\\/es\\\/#\\\/schema\\\/logo\\\/image\\\/\",\"url\":\"https:\\\/\\\/duett.es\\\/wp-content\\\/uploads\\\/logo-duett.svg\",\"contentUrl\":\"https:\\\/\\\/duett.es\\\/wp-content\\\/uploads\\\/logo-duett.svg\",\"width\":122,\"height\":34,\"caption\":\"Duett\"},\"image\":{\"@id\":\"https:\\\/\\\/duett.es\\\/es\\\/#\\\/schema\\\/logo\\\/image\\\/\"}}]}<\/script>\n<!-- \/ Yoast SEO plugin. -->","yoast_head_json":{"title":"Carro de la compra Muuvi Up 798 Purple - Duett","description":"Igual de c\u00f3modo y ligero, \u00a1y ahora adem\u00e1s plegable! El nuevo Muuvi Up se pliega de forma compacta para poder guardarlo f\u00e1cilmente en cualquier espacio. Descubre la soluci\u00f3n m\u00e1s pr\u00e1ctica para tus compras.  &nbsp;","robots":{"index":"index","follow":"follow","max-snippet":"max-snippet:-1","max-image-preview":"max-image-preview:large","max-video-preview":"max-video-preview:-1"},"canonical":"https:\/\/duett.es\/es\/producto\/carro-de-la-compra-muuvi-up-797-aqua\/","og_locale":"es_ES","og_type":"article","og_title":"Carro de la compra Muuvi Up 798 Purple - Duett","og_description":"Igual de c\u00f3modo y ligero, \u00a1y ahora adem\u00e1s plegable! El nuevo Muuvi Up se pliega de forma compacta para poder guardarlo f\u00e1cilmente en cualquier espacio. Descubre la soluci\u00f3n m\u00e1s pr\u00e1ctica para tus compras.  &nbsp;","og_url":"https:\/\/duett.es\/es\/producto\/carro-de-la-compra-muuvi-up-797-aqua\/","og_site_name":"Duett","article_modified_time":"2025-12-03T07:52:41+00:00","og_image":[{"width":3691,"height":6431,"url":"https:\/\/duett.es\/wp-content\/uploads\/998402-muuvi-up-798-purple-3-4.jpg","type":"image\/jpeg"}],"twitter_card":"summary_large_image","twitter_misc":{"Tiempo de lectura":"1 minuto"},"schema":{"@context":"https:\/\/schema.org","@graph":[{"@type":"WebPage","@id":"https:\/\/duett.es\/es\/producto\/carro-de-la-compra-muuvi-up-797-aqua\/","url":"https:\/\/duett.es\/es\/producto\/carro-de-la-compra-muuvi-up-797-aqua\/","name":"Carro de la compra Muuvi Up 798 Purple - Duett","isPartOf":{"@id":"https:\/\/duett.es\/es\/#website"},"primaryImageOfPage":{"@id":"https:\/\/duett.es\/es\/producto\/carro-de-la-compra-muuvi-up-797-aqua\/#primaryimage"},"image":{"@id":"https:\/\/duett.es\/es\/producto\/carro-de-la-compra-muuvi-up-797-aqua\/#primaryimage"},"thumbnailUrl":"https:\/\/duett.es\/wp-content\/uploads\/998402-muuvi-up-798-purple-3-4.jpg","datePublished":"2025-12-01T07:14:12+00:00","dateModified":"2025-12-03T07:52:41+00:00","description":"Igual de c\u00f3modo y ligero, \u00a1y ahora adem\u00e1s plegable! El nuevo Muuvi Up se pliega de forma compacta para poder guardarlo f\u00e1cilmente en cualquier espacio. Descubre la soluci\u00f3n m\u00e1s pr\u00e1ctica para tus compras. &nbsp;","breadcrumb":{"@id":"https:\/\/duett.es\/es\/producto\/carro-de-la-compra-muuvi-up-797-aqua\/#breadcrumb"},"inLanguage":"es","potentialAction":[{"@type":"ReadAction","target":["https:\/\/duett.es\/es\/producto\/carro-de-la-compra-muuvi-up-797-aqua\/"]}]},{"@type":"ImageObject","inLanguage":"es","@id":"https:\/\/duett.es\/es\/producto\/carro-de-la-compra-muuvi-up-797-aqua\/#primaryimage","url":"https:\/\/duett.es\/wp-content\/uploads\/998402-muuvi-up-798-purple-3-4.jpg","contentUrl":"https:\/\/duett.es\/wp-content\/uploads\/998402-muuvi-up-798-purple-3-4.jpg","width":3691,"height":6431},{"@type":"BreadcrumbList","@id":"https:\/\/duett.es\/es\/producto\/carro-de-la-compra-muuvi-up-797-aqua\/#breadcrumb","itemListElement":[{"@type":"ListItem","position":1,"name":"Portada","item":"https:\/\/duett.es\/es\/"},{"@type":"ListItem","position":2,"name":"Tienda","item":"https:\/\/duett.es\/es\/tienda\/"},{"@type":"ListItem","position":3,"name":"Carro de la compra Muuvi Up 798 Purple"}]},{"@type":"WebSite","@id":"https:\/\/duett.es\/es\/#website","url":"https:\/\/duett.es\/es\/","name":"Duett","description":"","publisher":{"@id":"https:\/\/duett.es\/es\/#organization"},"potentialAction":[{"@type":"SearchAction","target":{"@type":"EntryPoint","urlTemplate":"https:\/\/duett.es\/es\/?s={search_term_string}"},"query-input":{"@type":"PropertyValueSpecification","valueRequired":true,"valueName":"search_term_string"}}],"inLanguage":"es"},{"@type":"Organization","@id":"https:\/\/duett.es\/es\/#organization","name":"Duett","url":"https:\/\/duett.es\/es\/","logo":{"@type":"ImageObject","inLanguage":"es","@id":"https:\/\/duett.es\/es\/#\/schema\/logo\/image\/","url":"https:\/\/duett.es\/wp-content\/uploads\/logo-duett.svg","contentUrl":"https:\/\/duett.es\/wp-content\/uploads\/logo-duett.svg","width":122,"height":34,"caption":"Duett"},"image":{"@id":"https:\/\/duett.es\/es\/#\/schema\/logo\/image\/"}}]}},"_links":{"self":[{"href":"https:\/\/duett.es\/es\/wp-json\/wp\/v2\/product\/2585","targetHints":{"allow":["GET"]}}],"collection":[{"href":"https:\/\/duett.es\/es\/wp-json\/wp\/v2\/product"}],"about":[{"href":"https:\/\/duett.es\/es\/wp-json\/wp\/v2\/types\/product"}],"replies":[{"embeddable":true,"href":"https:\/\/duett.es\/es\/wp-json\/wp\/v2\/comments?post=2585"}],"wp:featuredmedia":[{"embeddable":true,"href":"https:\/\/duett.es\/es\/wp-json\/wp\/v2\/media\/2591"}],"wp:attachment":[{"href":"https:\/\/duett.es\/es\/wp-json\/wp\/v2\/media?parent=2585"}],"wp:term":[{"taxonomy":"product_brand","embeddable":true,"href":"https:\/\/duett.es\/es\/wp-json\/wp\/v2\/product_brand?post=2585"},{"taxonomy":"product_cat","embeddable":true,"href":"https:\/\/duett.es\/es\/wp-json\/wp\/v2\/product_cat?post=2585"},{"taxonomy":"product_tag","embeddable":true,"href":"https:\/\/duett.es\/es\/wp-json\/wp\/v2\/product_tag?post=2585"}],"curies":[{"name":"wp","href":"https:\/\/api.w.org\/{rel}","templated":true}]}}