{"id":2886,"date":"2026-01-08T14:54:22","date_gmt":"2026-01-08T14:54:22","guid":{"rendered":"https:\/\/duett.es\/?post_type=product&#038;p=2886"},"modified":"2026-01-08T14:56:12","modified_gmt":"2026-01-08T14:56:12","slug":"mantel-resinado-topos-140-x-250-cm","status":"publish","type":"product","link":"https:\/\/duett.es\/es\/producto\/mantel-resinado-topos-140-x-250-cm\/","title":{"rendered":"Mantel resinado topos 140 x 250 cm"},"content":{"rendered":"<p data-start=\"578\" data-end=\"764\">\u00bfCansado\/a de lavar y planchar la manteler\u00eda cada semana? Los manteles resinados de Duett son la soluci\u00f3n perfecta para el d\u00eda a d\u00eda: bonitos, resistentes y sin apenas mantenimiento.<\/p>\n<p data-start=\"766\" data-end=\"857\">Fabricados en 50% algod\u00f3n y 50% poli\u00e9ster, cuentan con doble tratamiento protector:<\/p>\n<ul data-start=\"859\" data-end=\"1033\">\n<li data-start=\"859\" data-end=\"926\">\n<p data-start=\"861\" data-end=\"926\">Una primera capa resinada impermeable que evita filtraciones.<\/p>\n<\/li>\n<li data-start=\"927\" data-end=\"1033\">\n<p data-start=\"929\" data-end=\"1033\">Una segunda capa con tratamiento de Tefl\u00f3n, que repele l\u00edquidos y evita la formaci\u00f3n de manchas.<\/p>\n<\/li>\n<\/ul>\n<h3 data-start=\"1035\" data-end=\"1056\">Ventajas clave:<\/h3>\n<ul data-start=\"1058\" data-end=\"1450\">\n<li data-start=\"1058\" data-end=\"1127\">\n<p data-start=\"1060\" data-end=\"1127\">Antimanchas e impermeables: los l\u00edquidos resbalan sin penetrar.<\/p>\n<\/li>\n<li data-start=\"1128\" data-end=\"1201\">\n<p data-start=\"1130\" data-end=\"1201\">F\u00e1ciles de limpiar: basta un pa\u00f1o h\u00famedo para dejarlos como nuevos.<\/p>\n<\/li>\n<li data-start=\"1202\" data-end=\"1258\">\n<p data-start=\"1204\" data-end=\"1258\">Lavables a m\u00e1quina (ocasionalmente, a m\u00e1x. 30\u202f\u00b0C).<\/p>\n<\/li>\n<li data-start=\"1259\" data-end=\"1301\">\n<p data-start=\"1261\" data-end=\"1301\">Tacto agradable y dise\u00f1o decorativo.<\/p>\n<\/li>\n<li data-start=\"1302\" data-end=\"1392\">\n<p data-start=\"1304\" data-end=\"1392\">Ideales para interior y exterior: perfectos para mesas de comedor, cocina o terraza.<\/p>\n<\/li>\n<li data-start=\"1393\" data-end=\"1450\">\n<p data-start=\"1395\" data-end=\"1450\">Fabricados en Espa\u00f1a, con acabados de alta calidad.<\/p>\n<\/li>\n<\/ul>\n<h3 data-start=\"1452\" data-end=\"1492\">Uso diario con un toque de dise\u00f1o<\/h3>\n<p data-start=\"1494\" data-end=\"1734\">Gracias a su resistencia y facilidad de limpieza, esta manteler\u00eda es ideal para el uso diario, sin renunciar a un toque decorativo. Disfruta de comidas al aire libre en verano o protege tu mesa del d\u00eda a d\u00eda con estilo y sin complicaciones.<\/p>\n","protected":false},"excerpt":{"rendered":"<p>Cuentan con dos capas de tratamiento: una primera capa de resinado impermeable y una segunda<br \/>\ncapa tratada con Tefl\u00f3n que repele los l\u00edquidos y evita la formaci\u00f3n de manchas. 50% algod\u00f3n y 50% poli\u00e9ster. Se limpian con un pa\u00f1o h\u00famedo y tambi\u00e9n admiten lavado a m\u00e1quina ocasional a 30\u00ba m\u00e1ximo.<\/p>\n","protected":false},"featured_media":2815,"comment_status":"closed","ping_status":"closed","template":"","meta":{"_acf_changed":false},"product_brand":[],"product_cat":[382],"product_tag":[227,228],"class_list":{"0":"post-2886","1":"product","2":"type-product","3":"status-publish","4":"has-post-thumbnail","6":"product_cat-outlet","7":"product_tag-mantel","8":"product_tag-antimanchas","10":"first","11":"instock","12":"taxable","13":"shipping-taxable","14":"purchasable","15":"product-type-simple"},"acf":[],"yoast_head":"<!-- This site is optimized with the Yoast SEO plugin v27.1.1 - https:\/\/yoast.com\/product\/yoast-seo-wordpress\/ -->\n<title>Mantel resinado topos 140 x 250 cm - Duett<\/title>\n<meta name=\"description\" content=\"Cuentan con dos capas de tratamiento: una primera capa de resinado impermeable y una segunda capa tratada con Tefl\u00f3n que repele los l\u00edquidos y evita la formaci\u00f3n de manchas. 50% algod\u00f3n y 50% poli\u00e9ster. Se limpian con un pa\u00f1o h\u00famedo y tambi\u00e9n admiten lavado a m\u00e1quina ocasional a 30\u00ba m\u00e1ximo.\" \/>\n<meta name=\"robots\" content=\"index, follow, max-snippet:-1, max-image-preview:large, max-video-preview:-1\" \/>\n<link rel=\"canonical\" href=\"https:\/\/duett.es\/es\/producto\/mantel-resinado-topos-140-x-250-cm\/\" \/>\n<meta property=\"og:locale\" content=\"es_ES\" \/>\n<meta property=\"og:type\" content=\"article\" \/>\n<meta property=\"og:title\" content=\"Mantel resinado topos 140 x 250 cm - Duett\" \/>\n<meta property=\"og:description\" content=\"Cuentan con dos capas de tratamiento: una primera capa de resinado impermeable y una segunda capa tratada con Tefl\u00f3n que repele los l\u00edquidos y evita la formaci\u00f3n de manchas. 50% algod\u00f3n y 50% poli\u00e9ster. Se limpian con un pa\u00f1o h\u00famedo y tambi\u00e9n admiten lavado a m\u00e1quina ocasional a 30\u00ba m\u00e1ximo.\" \/>\n<meta property=\"og:url\" content=\"https:\/\/duett.es\/es\/producto\/mantel-resinado-topos-140-x-250-cm\/\" \/>\n<meta property=\"og:site_name\" content=\"Duett\" \/>\n<meta property=\"article:modified_time\" content=\"2026-01-08T14:56:12+00:00\" \/>\n<meta property=\"og:image\" content=\"https:\/\/duett.es\/wp-content\/uploads\/top.webp\" \/>\n\t<meta property=\"og:image:width\" content=\"917\" \/>\n\t<meta property=\"og:image:height\" content=\"1024\" \/>\n\t<meta property=\"og:image:type\" content=\"image\/webp\" \/>\n<meta name=\"twitter:card\" content=\"summary_large_image\" \/>\n<meta name=\"twitter:label1\" content=\"Tiempo de lectura\" \/>\n\t<meta name=\"twitter:data1\" content=\"1 minuto\" \/>\n<script type=\"application\/ld+json\" class=\"yoast-schema-graph\">{\"@context\":\"https:\/\/schema.org\",\"@graph\":[{\"@type\":\"WebPage\",\"@id\":\"https:\/\/duett.es\/es\/producto\/mantel-resinado-topos-140-x-250-cm\/\",\"url\":\"https:\/\/duett.es\/es\/producto\/mantel-resinado-topos-140-x-250-cm\/\",\"name\":\"Mantel resinado topos 140 x 250 cm - Duett\",\"isPartOf\":{\"@id\":\"https:\/\/duett.es\/es\/#website\"},\"primaryImageOfPage\":{\"@id\":\"https:\/\/duett.es\/es\/producto\/mantel-resinado-topos-140-x-250-cm\/#primaryimage\"},\"image\":{\"@id\":\"https:\/\/duett.es\/es\/producto\/mantel-resinado-topos-140-x-250-cm\/#primaryimage\"},\"thumbnailUrl\":\"https:\/\/duett.es\/wp-content\/uploads\/top.webp\",\"datePublished\":\"2026-01-08T14:54:22+00:00\",\"dateModified\":\"2026-01-08T14:56:12+00:00\",\"description\":\"Cuentan con dos capas de tratamiento: una primera capa de resinado impermeable y una segunda capa tratada con Tefl\u00f3n que repele los l\u00edquidos y evita la formaci\u00f3n de manchas. 50% algod\u00f3n y 50% poli\u00e9ster. Se limpian con un pa\u00f1o h\u00famedo y tambi\u00e9n admiten lavado a m\u00e1quina ocasional a 30\u00ba m\u00e1ximo.\",\"breadcrumb\":{\"@id\":\"https:\/\/duett.es\/es\/producto\/mantel-resinado-topos-140-x-250-cm\/#breadcrumb\"},\"inLanguage\":\"es\",\"potentialAction\":[{\"@type\":\"ReadAction\",\"target\":[\"https:\/\/duett.es\/es\/producto\/mantel-resinado-topos-140-x-250-cm\/\"]}]},{\"@type\":\"ImageObject\",\"inLanguage\":\"es\",\"@id\":\"https:\/\/duett.es\/es\/producto\/mantel-resinado-topos-140-x-250-cm\/#primaryimage\",\"url\":\"https:\/\/duett.es\/wp-content\/uploads\/top.webp\",\"contentUrl\":\"https:\/\/duett.es\/wp-content\/uploads\/top.webp\",\"width\":917,\"height\":1024},{\"@type\":\"BreadcrumbList\",\"@id\":\"https:\/\/duett.es\/es\/producto\/mantel-resinado-topos-140-x-250-cm\/#breadcrumb\",\"itemListElement\":[{\"@type\":\"ListItem\",\"position\":1,\"name\":\"Portada\",\"item\":\"https:\/\/duett.es\/es\/\"},{\"@type\":\"ListItem\",\"position\":2,\"name\":\"Tienda\",\"item\":\"https:\/\/duett.es\/es\/tienda\/\"},{\"@type\":\"ListItem\",\"position\":3,\"name\":\"Mantel resinado topos 140 x 250 cm\"}]},{\"@type\":\"WebSite\",\"@id\":\"https:\/\/duett.es\/es\/#website\",\"url\":\"https:\/\/duett.es\/es\/\",\"name\":\"Duett\",\"description\":\"\",\"publisher\":{\"@id\":\"https:\/\/duett.es\/es\/#organization\"},\"potentialAction\":[{\"@type\":\"SearchAction\",\"target\":{\"@type\":\"EntryPoint\",\"urlTemplate\":\"https:\/\/duett.es\/es\/?s={search_term_string}\"},\"query-input\":{\"@type\":\"PropertyValueSpecification\",\"valueRequired\":true,\"valueName\":\"search_term_string\"}}],\"inLanguage\":\"es\"},{\"@type\":\"Organization\",\"@id\":\"https:\/\/duett.es\/es\/#organization\",\"name\":\"Duett\",\"url\":\"https:\/\/duett.es\/es\/\",\"logo\":{\"@type\":\"ImageObject\",\"inLanguage\":\"es\",\"@id\":\"https:\/\/duett.es\/es\/#\/schema\/logo\/image\/\",\"url\":\"https:\/\/duett.es\/wp-content\/uploads\/logo-duett.svg\",\"contentUrl\":\"https:\/\/duett.es\/wp-content\/uploads\/logo-duett.svg\",\"width\":122,\"height\":34,\"caption\":\"Duett\"},\"image\":{\"@id\":\"https:\/\/duett.es\/es\/#\/schema\/logo\/image\/\"}}]}<\/script>\n<!-- \/ Yoast SEO plugin. -->","yoast_head_json":{"title":"Mantel resinado topos 140 x 250 cm - Duett","description":"Cuentan con dos capas de tratamiento: una primera capa de resinado impermeable y una segunda capa tratada con Tefl\u00f3n que repele los l\u00edquidos y evita la formaci\u00f3n de manchas. 50% algod\u00f3n y 50% poli\u00e9ster. Se limpian con un pa\u00f1o h\u00famedo y tambi\u00e9n admiten lavado a m\u00e1quina ocasional a 30\u00ba m\u00e1ximo.","robots":{"index":"index","follow":"follow","max-snippet":"max-snippet:-1","max-image-preview":"max-image-preview:large","max-video-preview":"max-video-preview:-1"},"canonical":"https:\/\/duett.es\/es\/producto\/mantel-resinado-topos-140-x-250-cm\/","og_locale":"es_ES","og_type":"article","og_title":"Mantel resinado topos 140 x 250 cm - Duett","og_description":"Cuentan con dos capas de tratamiento: una primera capa de resinado impermeable y una segunda capa tratada con Tefl\u00f3n que repele los l\u00edquidos y evita la formaci\u00f3n de manchas. 50% algod\u00f3n y 50% poli\u00e9ster. Se limpian con un pa\u00f1o h\u00famedo y tambi\u00e9n admiten lavado a m\u00e1quina ocasional a 30\u00ba m\u00e1ximo.","og_url":"https:\/\/duett.es\/es\/producto\/mantel-resinado-topos-140-x-250-cm\/","og_site_name":"Duett","article_modified_time":"2026-01-08T14:56:12+00:00","og_image":[{"width":917,"height":1024,"url":"https:\/\/duett.es\/wp-content\/uploads\/top.webp","type":"image\/webp"}],"twitter_card":"summary_large_image","twitter_misc":{"Tiempo de lectura":"1 minuto"},"schema":{"@context":"https:\/\/schema.org","@graph":[{"@type":"WebPage","@id":"https:\/\/duett.es\/es\/producto\/mantel-resinado-topos-140-x-250-cm\/","url":"https:\/\/duett.es\/es\/producto\/mantel-resinado-topos-140-x-250-cm\/","name":"Mantel resinado topos 140 x 250 cm - Duett","isPartOf":{"@id":"https:\/\/duett.es\/es\/#website"},"primaryImageOfPage":{"@id":"https:\/\/duett.es\/es\/producto\/mantel-resinado-topos-140-x-250-cm\/#primaryimage"},"image":{"@id":"https:\/\/duett.es\/es\/producto\/mantel-resinado-topos-140-x-250-cm\/#primaryimage"},"thumbnailUrl":"https:\/\/duett.es\/wp-content\/uploads\/top.webp","datePublished":"2026-01-08T14:54:22+00:00","dateModified":"2026-01-08T14:56:12+00:00","description":"Cuentan con dos capas de tratamiento: una primera capa de resinado impermeable y una segunda capa tratada con Tefl\u00f3n que repele los l\u00edquidos y evita la formaci\u00f3n de manchas. 50% algod\u00f3n y 50% poli\u00e9ster. Se limpian con un pa\u00f1o h\u00famedo y tambi\u00e9n admiten lavado a m\u00e1quina ocasional a 30\u00ba m\u00e1ximo.","breadcrumb":{"@id":"https:\/\/duett.es\/es\/producto\/mantel-resinado-topos-140-x-250-cm\/#breadcrumb"},"inLanguage":"es","potentialAction":[{"@type":"ReadAction","target":["https:\/\/duett.es\/es\/producto\/mantel-resinado-topos-140-x-250-cm\/"]}]},{"@type":"ImageObject","inLanguage":"es","@id":"https:\/\/duett.es\/es\/producto\/mantel-resinado-topos-140-x-250-cm\/#primaryimage","url":"https:\/\/duett.es\/wp-content\/uploads\/top.webp","contentUrl":"https:\/\/duett.es\/wp-content\/uploads\/top.webp","width":917,"height":1024},{"@type":"BreadcrumbList","@id":"https:\/\/duett.es\/es\/producto\/mantel-resinado-topos-140-x-250-cm\/#breadcrumb","itemListElement":[{"@type":"ListItem","position":1,"name":"Portada","item":"https:\/\/duett.es\/es\/"},{"@type":"ListItem","position":2,"name":"Tienda","item":"https:\/\/duett.es\/es\/tienda\/"},{"@type":"ListItem","position":3,"name":"Mantel resinado topos 140 x 250 cm"}]},{"@type":"WebSite","@id":"https:\/\/duett.es\/es\/#website","url":"https:\/\/duett.es\/es\/","name":"Duett","description":"","publisher":{"@id":"https:\/\/duett.es\/es\/#organization"},"potentialAction":[{"@type":"SearchAction","target":{"@type":"EntryPoint","urlTemplate":"https:\/\/duett.es\/es\/?s={search_term_string}"},"query-input":{"@type":"PropertyValueSpecification","valueRequired":true,"valueName":"search_term_string"}}],"inLanguage":"es"},{"@type":"Organization","@id":"https:\/\/duett.es\/es\/#organization","name":"Duett","url":"https:\/\/duett.es\/es\/","logo":{"@type":"ImageObject","inLanguage":"es","@id":"https:\/\/duett.es\/es\/#\/schema\/logo\/image\/","url":"https:\/\/duett.es\/wp-content\/uploads\/logo-duett.svg","contentUrl":"https:\/\/duett.es\/wp-content\/uploads\/logo-duett.svg","width":122,"height":34,"caption":"Duett"},"image":{"@id":"https:\/\/duett.es\/es\/#\/schema\/logo\/image\/"}}]}},"_links":{"self":[{"href":"https:\/\/duett.es\/es\/wp-json\/wp\/v2\/product\/2886","targetHints":{"allow":["GET"]}}],"collection":[{"href":"https:\/\/duett.es\/es\/wp-json\/wp\/v2\/product"}],"about":[{"href":"https:\/\/duett.es\/es\/wp-json\/wp\/v2\/types\/product"}],"replies":[{"embeddable":true,"href":"https:\/\/duett.es\/es\/wp-json\/wp\/v2\/comments?post=2886"}],"wp:featuredmedia":[{"embeddable":true,"href":"https:\/\/duett.es\/es\/wp-json\/wp\/v2\/media\/2815"}],"wp:attachment":[{"href":"https:\/\/duett.es\/es\/wp-json\/wp\/v2\/media?parent=2886"}],"wp:term":[{"taxonomy":"product_brand","embeddable":true,"href":"https:\/\/duett.es\/es\/wp-json\/wp\/v2\/product_brand?post=2886"},{"taxonomy":"product_cat","embeddable":true,"href":"https:\/\/duett.es\/es\/wp-json\/wp\/v2\/product_cat?post=2886"},{"taxonomy":"product_tag","embeddable":true,"href":"https:\/\/duett.es\/es\/wp-json\/wp\/v2\/product_tag?post=2886"}],"curies":[{"name":"wp","href":"https:\/\/api.w.org\/{rel}","templated":true}]}}