{"id":811,"date":"2025-06-05T08:16:10","date_gmt":"2025-06-05T08:16:10","guid":{"rendered":"https:\/\/duett.es\/product\/carro-de-la-compra-kross-211-black\/"},"modified":"2025-12-03T09:26:23","modified_gmt":"2025-12-03T09:26:23","slug":"carro-de-la-compra-kross-211-black","status":"publish","type":"product","link":"https:\/\/duett.es\/es\/producto\/carro-de-la-compra-kross-211-black\/","title":{"rendered":"Carro de la compra Kross 211 Black"},"content":{"rendered":"","protected":false},"excerpt":{"rendered":"<p>\u00a1Haz tus compras m\u00e1s f\u00e1ciles con Kross! Un carro de dos ruedas s\u00faper ligero que ofrece una maniobrabilidad excepcional, ideal para moverte por cualquier superficie. Su amplia capacidad de 39 litros y su resistente estructura soporta hasta 25 kg, permiti\u00e9ndote llevar todo lo que necesitas en una sola salida. Compacto y f\u00e1cil de guardar, el nuevo Kross incluye un pr\u00e1ctico bolsillo trasero con cremallera y dos ganchos para colgar bolsas extra.<br \/>\nManillar regulable en altura con espuma antideslizante \/ Bolsa desmontable lavable \/ Chasis de aluminio \/ Ganchos \/ Bolsillo trasero \/ Ruedas extra\u00edbles<\/p>\n","protected":false},"featured_media":2643,"comment_status":"closed","ping_status":"closed","template":"","meta":{"_acf_changed":false},"product_brand":[],"product_cat":[48],"product_tag":[],"class_list":{"0":"post-811","1":"product","2":"type-product","3":"status-publish","4":"has-post-thumbnail","6":"product_cat-carros-para-la-compra","8":"first","9":"instock","10":"taxable","11":"shipping-taxable","12":"purchasable","13":"product-type-simple"},"acf":[],"yoast_head":"<!-- This site is optimized with the Yoast SEO plugin v27.3 - https:\/\/yoast.com\/product\/yoast-seo-wordpress\/ -->\n<title>Carro de la compra Kross 211 Black - Duett<\/title>\n<meta name=\"description\" content=\"\u00a1Haz tus compras m\u00e1s f\u00e1ciles con Kross! Un carro de dos ruedas s\u00faper ligero que ofrece una maniobrabilidad excepcional, ideal para moverte por cualquier superficie. Su amplia capacidad de 39 litros y su resistente estructura soporta hasta 25 kg, permiti\u00e9ndote llevar todo lo que necesitas en una sola salida. Compacto y f\u00e1cil de guardar, el nuevo Kross incluye un pr\u00e1ctico bolsillo trasero con cremallera y dos ganchos para colgar bolsas extra. Manillar regulable en altura con espuma antideslizante \/ Bolsa desmontable lavable \/ Chasis de aluminio \/ Ganchos \/ Bolsillo trasero \/ Ruedas extra\u00edbles\" \/>\n<meta name=\"robots\" content=\"index, follow, max-snippet:-1, max-image-preview:large, max-video-preview:-1\" \/>\n<link rel=\"canonical\" href=\"https:\/\/duett.es\/es\/producto\/carro-de-la-compra-kross-211-black\/\" \/>\n<meta property=\"og:locale\" content=\"es_ES\" \/>\n<meta property=\"og:type\" content=\"article\" \/>\n<meta property=\"og:title\" content=\"Carro de la compra Kross 211 Black - Duett\" \/>\n<meta property=\"og:description\" content=\"\u00a1Haz tus compras m\u00e1s f\u00e1ciles con Kross! Un carro de dos ruedas s\u00faper ligero que ofrece una maniobrabilidad excepcional, ideal para moverte por cualquier superficie. Su amplia capacidad de 39 litros y su resistente estructura soporta hasta 25 kg, permiti\u00e9ndote llevar todo lo que necesitas en una sola salida. Compacto y f\u00e1cil de guardar, el nuevo Kross incluye un pr\u00e1ctico bolsillo trasero con cremallera y dos ganchos para colgar bolsas extra. Manillar regulable en altura con espuma antideslizante \/ Bolsa desmontable lavable \/ Chasis de aluminio \/ Ganchos \/ Bolsillo trasero \/ Ruedas extra\u00edbles\" \/>\n<meta property=\"og:url\" content=\"https:\/\/duett.es\/es\/producto\/carro-de-la-compra-kross-211-black\/\" \/>\n<meta property=\"og:site_name\" content=\"Duett\" \/>\n<meta property=\"article:modified_time\" content=\"2025-12-03T09:26:23+00:00\" \/>\n<meta property=\"og:image\" content=\"https:\/\/duett.es\/wp-content\/uploads\/kross-gr.webp\" \/>\n\t<meta property=\"og:image:width\" content=\"2000\" \/>\n\t<meta property=\"og:image:height\" content=\"2000\" \/>\n\t<meta property=\"og:image:type\" content=\"image\/webp\" \/>\n<meta name=\"twitter:card\" content=\"summary_large_image\" \/>\n<meta name=\"twitter:label1\" content=\"Tiempo de lectura\" \/>\n\t<meta name=\"twitter:data1\" content=\"1 minuto\" \/>\n<script type=\"application\/ld+json\" class=\"yoast-schema-graph\">{\"@context\":\"https:\\\/\\\/schema.org\",\"@graph\":[{\"@type\":\"WebPage\",\"@id\":\"https:\\\/\\\/duett.es\\\/es\\\/producto\\\/carro-de-la-compra-kross-211-black\\\/\",\"url\":\"https:\\\/\\\/duett.es\\\/es\\\/producto\\\/carro-de-la-compra-kross-211-black\\\/\",\"name\":\"Carro de la compra Kross 211 Black - Duett\",\"isPartOf\":{\"@id\":\"https:\\\/\\\/duett.es\\\/es\\\/#website\"},\"primaryImageOfPage\":{\"@id\":\"https:\\\/\\\/duett.es\\\/es\\\/producto\\\/carro-de-la-compra-kross-211-black\\\/#primaryimage\"},\"image\":{\"@id\":\"https:\\\/\\\/duett.es\\\/es\\\/producto\\\/carro-de-la-compra-kross-211-black\\\/#primaryimage\"},\"thumbnailUrl\":\"https:\\\/\\\/duett.es\\\/wp-content\\\/uploads\\\/kross-gr.webp\",\"datePublished\":\"2025-06-05T08:16:10+00:00\",\"dateModified\":\"2025-12-03T09:26:23+00:00\",\"description\":\"\u00a1Haz tus compras m\u00e1s f\u00e1ciles con Kross! Un carro de dos ruedas s\u00faper ligero que ofrece una maniobrabilidad excepcional, ideal para moverte por cualquier superficie. Su amplia capacidad de 39 litros y su resistente estructura soporta hasta 25 kg, permiti\u00e9ndote llevar todo lo que necesitas en una sola salida. Compacto y f\u00e1cil de guardar, el nuevo Kross incluye un pr\u00e1ctico bolsillo trasero con cremallera y dos ganchos para colgar bolsas extra. Manillar regulable en altura con espuma antideslizante \\\/ Bolsa desmontable lavable \\\/ Chasis de aluminio \\\/ Ganchos \\\/ Bolsillo trasero \\\/ Ruedas extra\u00edbles\",\"breadcrumb\":{\"@id\":\"https:\\\/\\\/duett.es\\\/es\\\/producto\\\/carro-de-la-compra-kross-211-black\\\/#breadcrumb\"},\"inLanguage\":\"es\",\"potentialAction\":[{\"@type\":\"ReadAction\",\"target\":[\"https:\\\/\\\/duett.es\\\/es\\\/producto\\\/carro-de-la-compra-kross-211-black\\\/\"]}]},{\"@type\":\"ImageObject\",\"inLanguage\":\"es\",\"@id\":\"https:\\\/\\\/duett.es\\\/es\\\/producto\\\/carro-de-la-compra-kross-211-black\\\/#primaryimage\",\"url\":\"https:\\\/\\\/duett.es\\\/wp-content\\\/uploads\\\/kross-gr.webp\",\"contentUrl\":\"https:\\\/\\\/duett.es\\\/wp-content\\\/uploads\\\/kross-gr.webp\",\"width\":2000,\"height\":2000},{\"@type\":\"BreadcrumbList\",\"@id\":\"https:\\\/\\\/duett.es\\\/es\\\/producto\\\/carro-de-la-compra-kross-211-black\\\/#breadcrumb\",\"itemListElement\":[{\"@type\":\"ListItem\",\"position\":1,\"name\":\"Portada\",\"item\":\"https:\\\/\\\/duett.es\\\/es\\\/\"},{\"@type\":\"ListItem\",\"position\":2,\"name\":\"Tienda\",\"item\":\"https:\\\/\\\/duett.es\\\/es\\\/tienda\\\/\"},{\"@type\":\"ListItem\",\"position\":3,\"name\":\"Carro de la compra Kross 211 Black\"}]},{\"@type\":\"WebSite\",\"@id\":\"https:\\\/\\\/duett.es\\\/es\\\/#website\",\"url\":\"https:\\\/\\\/duett.es\\\/es\\\/\",\"name\":\"Duett\",\"description\":\"\",\"publisher\":{\"@id\":\"https:\\\/\\\/duett.es\\\/es\\\/#organization\"},\"potentialAction\":[{\"@type\":\"SearchAction\",\"target\":{\"@type\":\"EntryPoint\",\"urlTemplate\":\"https:\\\/\\\/duett.es\\\/es\\\/?s={search_term_string}\"},\"query-input\":{\"@type\":\"PropertyValueSpecification\",\"valueRequired\":true,\"valueName\":\"search_term_string\"}}],\"inLanguage\":\"es\"},{\"@type\":\"Organization\",\"@id\":\"https:\\\/\\\/duett.es\\\/es\\\/#organization\",\"name\":\"Duett\",\"url\":\"https:\\\/\\\/duett.es\\\/es\\\/\",\"logo\":{\"@type\":\"ImageObject\",\"inLanguage\":\"es\",\"@id\":\"https:\\\/\\\/duett.es\\\/es\\\/#\\\/schema\\\/logo\\\/image\\\/\",\"url\":\"https:\\\/\\\/duett.es\\\/wp-content\\\/uploads\\\/logo-duett.svg\",\"contentUrl\":\"https:\\\/\\\/duett.es\\\/wp-content\\\/uploads\\\/logo-duett.svg\",\"width\":122,\"height\":34,\"caption\":\"Duett\"},\"image\":{\"@id\":\"https:\\\/\\\/duett.es\\\/es\\\/#\\\/schema\\\/logo\\\/image\\\/\"}}]}<\/script>\n<!-- \/ Yoast SEO plugin. -->","yoast_head_json":{"title":"Carro de la compra Kross 211 Black - Duett","description":"\u00a1Haz tus compras m\u00e1s f\u00e1ciles con Kross! Un carro de dos ruedas s\u00faper ligero que ofrece una maniobrabilidad excepcional, ideal para moverte por cualquier superficie. Su amplia capacidad de 39 litros y su resistente estructura soporta hasta 25 kg, permiti\u00e9ndote llevar todo lo que necesitas en una sola salida. Compacto y f\u00e1cil de guardar, el nuevo Kross incluye un pr\u00e1ctico bolsillo trasero con cremallera y dos ganchos para colgar bolsas extra. Manillar regulable en altura con espuma antideslizante \/ Bolsa desmontable lavable \/ Chasis de aluminio \/ Ganchos \/ Bolsillo trasero \/ Ruedas extra\u00edbles","robots":{"index":"index","follow":"follow","max-snippet":"max-snippet:-1","max-image-preview":"max-image-preview:large","max-video-preview":"max-video-preview:-1"},"canonical":"https:\/\/duett.es\/es\/producto\/carro-de-la-compra-kross-211-black\/","og_locale":"es_ES","og_type":"article","og_title":"Carro de la compra Kross 211 Black - Duett","og_description":"\u00a1Haz tus compras m\u00e1s f\u00e1ciles con Kross! Un carro de dos ruedas s\u00faper ligero que ofrece una maniobrabilidad excepcional, ideal para moverte por cualquier superficie. Su amplia capacidad de 39 litros y su resistente estructura soporta hasta 25 kg, permiti\u00e9ndote llevar todo lo que necesitas en una sola salida. Compacto y f\u00e1cil de guardar, el nuevo Kross incluye un pr\u00e1ctico bolsillo trasero con cremallera y dos ganchos para colgar bolsas extra. Manillar regulable en altura con espuma antideslizante \/ Bolsa desmontable lavable \/ Chasis de aluminio \/ Ganchos \/ Bolsillo trasero \/ Ruedas extra\u00edbles","og_url":"https:\/\/duett.es\/es\/producto\/carro-de-la-compra-kross-211-black\/","og_site_name":"Duett","article_modified_time":"2025-12-03T09:26:23+00:00","og_image":[{"width":2000,"height":2000,"url":"https:\/\/duett.es\/wp-content\/uploads\/kross-gr.webp","type":"image\/webp"}],"twitter_card":"summary_large_image","twitter_misc":{"Tiempo de lectura":"1 minuto"},"schema":{"@context":"https:\/\/schema.org","@graph":[{"@type":"WebPage","@id":"https:\/\/duett.es\/es\/producto\/carro-de-la-compra-kross-211-black\/","url":"https:\/\/duett.es\/es\/producto\/carro-de-la-compra-kross-211-black\/","name":"Carro de la compra Kross 211 Black - Duett","isPartOf":{"@id":"https:\/\/duett.es\/es\/#website"},"primaryImageOfPage":{"@id":"https:\/\/duett.es\/es\/producto\/carro-de-la-compra-kross-211-black\/#primaryimage"},"image":{"@id":"https:\/\/duett.es\/es\/producto\/carro-de-la-compra-kross-211-black\/#primaryimage"},"thumbnailUrl":"https:\/\/duett.es\/wp-content\/uploads\/kross-gr.webp","datePublished":"2025-06-05T08:16:10+00:00","dateModified":"2025-12-03T09:26:23+00:00","description":"\u00a1Haz tus compras m\u00e1s f\u00e1ciles con Kross! Un carro de dos ruedas s\u00faper ligero que ofrece una maniobrabilidad excepcional, ideal para moverte por cualquier superficie. Su amplia capacidad de 39 litros y su resistente estructura soporta hasta 25 kg, permiti\u00e9ndote llevar todo lo que necesitas en una sola salida. Compacto y f\u00e1cil de guardar, el nuevo Kross incluye un pr\u00e1ctico bolsillo trasero con cremallera y dos ganchos para colgar bolsas extra. Manillar regulable en altura con espuma antideslizante \/ Bolsa desmontable lavable \/ Chasis de aluminio \/ Ganchos \/ Bolsillo trasero \/ Ruedas extra\u00edbles","breadcrumb":{"@id":"https:\/\/duett.es\/es\/producto\/carro-de-la-compra-kross-211-black\/#breadcrumb"},"inLanguage":"es","potentialAction":[{"@type":"ReadAction","target":["https:\/\/duett.es\/es\/producto\/carro-de-la-compra-kross-211-black\/"]}]},{"@type":"ImageObject","inLanguage":"es","@id":"https:\/\/duett.es\/es\/producto\/carro-de-la-compra-kross-211-black\/#primaryimage","url":"https:\/\/duett.es\/wp-content\/uploads\/kross-gr.webp","contentUrl":"https:\/\/duett.es\/wp-content\/uploads\/kross-gr.webp","width":2000,"height":2000},{"@type":"BreadcrumbList","@id":"https:\/\/duett.es\/es\/producto\/carro-de-la-compra-kross-211-black\/#breadcrumb","itemListElement":[{"@type":"ListItem","position":1,"name":"Portada","item":"https:\/\/duett.es\/es\/"},{"@type":"ListItem","position":2,"name":"Tienda","item":"https:\/\/duett.es\/es\/tienda\/"},{"@type":"ListItem","position":3,"name":"Carro de la compra Kross 211 Black"}]},{"@type":"WebSite","@id":"https:\/\/duett.es\/es\/#website","url":"https:\/\/duett.es\/es\/","name":"Duett","description":"","publisher":{"@id":"https:\/\/duett.es\/es\/#organization"},"potentialAction":[{"@type":"SearchAction","target":{"@type":"EntryPoint","urlTemplate":"https:\/\/duett.es\/es\/?s={search_term_string}"},"query-input":{"@type":"PropertyValueSpecification","valueRequired":true,"valueName":"search_term_string"}}],"inLanguage":"es"},{"@type":"Organization","@id":"https:\/\/duett.es\/es\/#organization","name":"Duett","url":"https:\/\/duett.es\/es\/","logo":{"@type":"ImageObject","inLanguage":"es","@id":"https:\/\/duett.es\/es\/#\/schema\/logo\/image\/","url":"https:\/\/duett.es\/wp-content\/uploads\/logo-duett.svg","contentUrl":"https:\/\/duett.es\/wp-content\/uploads\/logo-duett.svg","width":122,"height":34,"caption":"Duett"},"image":{"@id":"https:\/\/duett.es\/es\/#\/schema\/logo\/image\/"}}]}},"_links":{"self":[{"href":"https:\/\/duett.es\/es\/wp-json\/wp\/v2\/product\/811","targetHints":{"allow":["GET"]}}],"collection":[{"href":"https:\/\/duett.es\/es\/wp-json\/wp\/v2\/product"}],"about":[{"href":"https:\/\/duett.es\/es\/wp-json\/wp\/v2\/types\/product"}],"replies":[{"embeddable":true,"href":"https:\/\/duett.es\/es\/wp-json\/wp\/v2\/comments?post=811"}],"wp:featuredmedia":[{"embeddable":true,"href":"https:\/\/duett.es\/es\/wp-json\/wp\/v2\/media\/2643"}],"wp:attachment":[{"href":"https:\/\/duett.es\/es\/wp-json\/wp\/v2\/media?parent=811"}],"wp:term":[{"taxonomy":"product_brand","embeddable":true,"href":"https:\/\/duett.es\/es\/wp-json\/wp\/v2\/product_brand?post=811"},{"taxonomy":"product_cat","embeddable":true,"href":"https:\/\/duett.es\/es\/wp-json\/wp\/v2\/product_cat?post=811"},{"taxonomy":"product_tag","embeddable":true,"href":"https:\/\/duett.es\/es\/wp-json\/wp\/v2\/product_tag?post=811"}],"curies":[{"name":"wp","href":"https:\/\/api.w.org\/{rel}","templated":true}]}}