{"id":841,"date":"2025-06-05T08:16:41","date_gmt":"2025-06-05T08:16:41","guid":{"rendered":"https:\/\/duett.es\/product\/tapete-escurridor-de-microfibra-negro\/"},"modified":"2026-01-09T09:06:12","modified_gmt":"2026-01-09T09:06:12","slug":"tapete-escurridor-de-microfibra-negro","status":"publish","type":"product","link":"https:\/\/duett.es\/es\/producto\/tapete-escurridor-de-microfibra-negro\/","title":{"rendered":"Tapete escurridor de microfibra CUADROS NEGRO 41 x 46 cm"},"content":{"rendered":"","protected":false},"excerpt":{"rendered":"<p>El tapete escurridor Duett absorbe hasta cuatro veces su peso en agua gracias a su exclusivo dise\u00f1o laminado con espuma y microfibra super absorbente de gran calidad. R\u00e1pido secado. No retiene olores. Dise\u00f1o reversible. Lavable a m\u00e1quina.<\/p>\n","protected":false},"featured_media":2674,"comment_status":"closed","ping_status":"closed","template":"","meta":{"_acf_changed":false},"product_brand":[],"product_cat":[382],"product_tag":[],"class_list":{"0":"post-841","1":"product","2":"type-product","3":"status-publish","4":"has-post-thumbnail","6":"product_cat-outlet","8":"first","9":"instock","10":"taxable","11":"shipping-taxable","12":"purchasable","13":"product-type-simple"},"acf":[],"yoast_head":"<!-- This site is optimized with the Yoast SEO plugin v27.3 - https:\/\/yoast.com\/product\/yoast-seo-wordpress\/ -->\n<title>Tapete escurridor de microfibra CUADROS NEGRO 41 x 46 cm - Duett<\/title>\n<meta name=\"description\" content=\"El tapete escurridor Duett absorbe hasta cuatro veces su peso en agua gracias a su exclusivo dise\u00f1o laminado con espuma y microfibra super absorbente de gran calidad. R\u00e1pido secado. No retiene olores. Dise\u00f1o reversible. Lavable a m\u00e1quina.\" \/>\n<meta name=\"robots\" content=\"index, follow, max-snippet:-1, max-image-preview:large, max-video-preview:-1\" \/>\n<link rel=\"canonical\" href=\"https:\/\/duett.es\/es\/producto\/tapete-escurridor-de-microfibra-negro\/\" \/>\n<meta property=\"og:locale\" content=\"es_ES\" \/>\n<meta property=\"og:type\" content=\"article\" \/>\n<meta property=\"og:title\" content=\"Tapete escurridor de microfibra CUADROS NEGRO 41 x 46 cm - Duett\" \/>\n<meta property=\"og:description\" content=\"El tapete escurridor Duett absorbe hasta cuatro veces su peso en agua gracias a su exclusivo dise\u00f1o laminado con espuma y microfibra super absorbente de gran calidad. R\u00e1pido secado. No retiene olores. Dise\u00f1o reversible. Lavable a m\u00e1quina.\" \/>\n<meta property=\"og:url\" content=\"https:\/\/duett.es\/es\/producto\/tapete-escurridor-de-microfibra-negro\/\" \/>\n<meta property=\"og:site_name\" content=\"Duett\" \/>\n<meta property=\"article:modified_time\" content=\"2026-01-09T09:06:12+00:00\" \/>\n<meta property=\"og:image\" content=\"https:\/\/duett.es\/wp-content\/uploads\/negro.jpg\" \/>\n\t<meta property=\"og:image:width\" content=\"917\" \/>\n\t<meta property=\"og:image:height\" content=\"1024\" \/>\n\t<meta property=\"og:image:type\" content=\"image\/jpeg\" \/>\n<meta name=\"twitter:card\" content=\"summary_large_image\" \/>\n<meta name=\"twitter:label1\" content=\"Tiempo de lectura\" \/>\n\t<meta name=\"twitter:data1\" content=\"1 minuto\" \/>\n<script type=\"application\/ld+json\" class=\"yoast-schema-graph\">{\"@context\":\"https:\\\/\\\/schema.org\",\"@graph\":[{\"@type\":\"WebPage\",\"@id\":\"https:\\\/\\\/duett.es\\\/es\\\/producto\\\/tapete-escurridor-de-microfibra-negro\\\/\",\"url\":\"https:\\\/\\\/duett.es\\\/es\\\/producto\\\/tapete-escurridor-de-microfibra-negro\\\/\",\"name\":\"Tapete escurridor de microfibra CUADROS NEGRO 41 x 46 cm - Duett\",\"isPartOf\":{\"@id\":\"https:\\\/\\\/duett.es\\\/es\\\/#website\"},\"primaryImageOfPage\":{\"@id\":\"https:\\\/\\\/duett.es\\\/es\\\/producto\\\/tapete-escurridor-de-microfibra-negro\\\/#primaryimage\"},\"image\":{\"@id\":\"https:\\\/\\\/duett.es\\\/es\\\/producto\\\/tapete-escurridor-de-microfibra-negro\\\/#primaryimage\"},\"thumbnailUrl\":\"https:\\\/\\\/duett.es\\\/wp-content\\\/uploads\\\/negro.jpg\",\"datePublished\":\"2025-06-05T08:16:41+00:00\",\"dateModified\":\"2026-01-09T09:06:12+00:00\",\"description\":\"El tapete escurridor Duett absorbe hasta cuatro veces su peso en agua gracias a su exclusivo dise\u00f1o laminado con espuma y microfibra super absorbente de gran calidad. R\u00e1pido secado. No retiene olores. Dise\u00f1o reversible. Lavable a m\u00e1quina.\",\"breadcrumb\":{\"@id\":\"https:\\\/\\\/duett.es\\\/es\\\/producto\\\/tapete-escurridor-de-microfibra-negro\\\/#breadcrumb\"},\"inLanguage\":\"es\",\"potentialAction\":[{\"@type\":\"ReadAction\",\"target\":[\"https:\\\/\\\/duett.es\\\/es\\\/producto\\\/tapete-escurridor-de-microfibra-negro\\\/\"]}]},{\"@type\":\"ImageObject\",\"inLanguage\":\"es\",\"@id\":\"https:\\\/\\\/duett.es\\\/es\\\/producto\\\/tapete-escurridor-de-microfibra-negro\\\/#primaryimage\",\"url\":\"https:\\\/\\\/duett.es\\\/wp-content\\\/uploads\\\/negro.jpg\",\"contentUrl\":\"https:\\\/\\\/duett.es\\\/wp-content\\\/uploads\\\/negro.jpg\",\"width\":917,\"height\":1024},{\"@type\":\"BreadcrumbList\",\"@id\":\"https:\\\/\\\/duett.es\\\/es\\\/producto\\\/tapete-escurridor-de-microfibra-negro\\\/#breadcrumb\",\"itemListElement\":[{\"@type\":\"ListItem\",\"position\":1,\"name\":\"Portada\",\"item\":\"https:\\\/\\\/duett.es\\\/es\\\/\"},{\"@type\":\"ListItem\",\"position\":2,\"name\":\"Tienda\",\"item\":\"https:\\\/\\\/duett.es\\\/es\\\/tienda\\\/\"},{\"@type\":\"ListItem\",\"position\":3,\"name\":\"Tapete escurridor de microfibra CUADROS NEGRO 41 x 46 cm\"}]},{\"@type\":\"WebSite\",\"@id\":\"https:\\\/\\\/duett.es\\\/es\\\/#website\",\"url\":\"https:\\\/\\\/duett.es\\\/es\\\/\",\"name\":\"Duett\",\"description\":\"\",\"publisher\":{\"@id\":\"https:\\\/\\\/duett.es\\\/es\\\/#organization\"},\"potentialAction\":[{\"@type\":\"SearchAction\",\"target\":{\"@type\":\"EntryPoint\",\"urlTemplate\":\"https:\\\/\\\/duett.es\\\/es\\\/?s={search_term_string}\"},\"query-input\":{\"@type\":\"PropertyValueSpecification\",\"valueRequired\":true,\"valueName\":\"search_term_string\"}}],\"inLanguage\":\"es\"},{\"@type\":\"Organization\",\"@id\":\"https:\\\/\\\/duett.es\\\/es\\\/#organization\",\"name\":\"Duett\",\"url\":\"https:\\\/\\\/duett.es\\\/es\\\/\",\"logo\":{\"@type\":\"ImageObject\",\"inLanguage\":\"es\",\"@id\":\"https:\\\/\\\/duett.es\\\/es\\\/#\\\/schema\\\/logo\\\/image\\\/\",\"url\":\"https:\\\/\\\/duett.es\\\/wp-content\\\/uploads\\\/logo-duett.svg\",\"contentUrl\":\"https:\\\/\\\/duett.es\\\/wp-content\\\/uploads\\\/logo-duett.svg\",\"width\":122,\"height\":34,\"caption\":\"Duett\"},\"image\":{\"@id\":\"https:\\\/\\\/duett.es\\\/es\\\/#\\\/schema\\\/logo\\\/image\\\/\"}}]}<\/script>\n<!-- \/ Yoast SEO plugin. -->","yoast_head_json":{"title":"Tapete escurridor de microfibra CUADROS NEGRO 41 x 46 cm - Duett","description":"El tapete escurridor Duett absorbe hasta cuatro veces su peso en agua gracias a su exclusivo dise\u00f1o laminado con espuma y microfibra super absorbente de gran calidad. R\u00e1pido secado. No retiene olores. Dise\u00f1o reversible. Lavable a m\u00e1quina.","robots":{"index":"index","follow":"follow","max-snippet":"max-snippet:-1","max-image-preview":"max-image-preview:large","max-video-preview":"max-video-preview:-1"},"canonical":"https:\/\/duett.es\/es\/producto\/tapete-escurridor-de-microfibra-negro\/","og_locale":"es_ES","og_type":"article","og_title":"Tapete escurridor de microfibra CUADROS NEGRO 41 x 46 cm - Duett","og_description":"El tapete escurridor Duett absorbe hasta cuatro veces su peso en agua gracias a su exclusivo dise\u00f1o laminado con espuma y microfibra super absorbente de gran calidad. R\u00e1pido secado. No retiene olores. Dise\u00f1o reversible. Lavable a m\u00e1quina.","og_url":"https:\/\/duett.es\/es\/producto\/tapete-escurridor-de-microfibra-negro\/","og_site_name":"Duett","article_modified_time":"2026-01-09T09:06:12+00:00","og_image":[{"width":917,"height":1024,"url":"https:\/\/duett.es\/wp-content\/uploads\/negro.jpg","type":"image\/jpeg"}],"twitter_card":"summary_large_image","twitter_misc":{"Tiempo de lectura":"1 minuto"},"schema":{"@context":"https:\/\/schema.org","@graph":[{"@type":"WebPage","@id":"https:\/\/duett.es\/es\/producto\/tapete-escurridor-de-microfibra-negro\/","url":"https:\/\/duett.es\/es\/producto\/tapete-escurridor-de-microfibra-negro\/","name":"Tapete escurridor de microfibra CUADROS NEGRO 41 x 46 cm - Duett","isPartOf":{"@id":"https:\/\/duett.es\/es\/#website"},"primaryImageOfPage":{"@id":"https:\/\/duett.es\/es\/producto\/tapete-escurridor-de-microfibra-negro\/#primaryimage"},"image":{"@id":"https:\/\/duett.es\/es\/producto\/tapete-escurridor-de-microfibra-negro\/#primaryimage"},"thumbnailUrl":"https:\/\/duett.es\/wp-content\/uploads\/negro.jpg","datePublished":"2025-06-05T08:16:41+00:00","dateModified":"2026-01-09T09:06:12+00:00","description":"El tapete escurridor Duett absorbe hasta cuatro veces su peso en agua gracias a su exclusivo dise\u00f1o laminado con espuma y microfibra super absorbente de gran calidad. R\u00e1pido secado. No retiene olores. Dise\u00f1o reversible. Lavable a m\u00e1quina.","breadcrumb":{"@id":"https:\/\/duett.es\/es\/producto\/tapete-escurridor-de-microfibra-negro\/#breadcrumb"},"inLanguage":"es","potentialAction":[{"@type":"ReadAction","target":["https:\/\/duett.es\/es\/producto\/tapete-escurridor-de-microfibra-negro\/"]}]},{"@type":"ImageObject","inLanguage":"es","@id":"https:\/\/duett.es\/es\/producto\/tapete-escurridor-de-microfibra-negro\/#primaryimage","url":"https:\/\/duett.es\/wp-content\/uploads\/negro.jpg","contentUrl":"https:\/\/duett.es\/wp-content\/uploads\/negro.jpg","width":917,"height":1024},{"@type":"BreadcrumbList","@id":"https:\/\/duett.es\/es\/producto\/tapete-escurridor-de-microfibra-negro\/#breadcrumb","itemListElement":[{"@type":"ListItem","position":1,"name":"Portada","item":"https:\/\/duett.es\/es\/"},{"@type":"ListItem","position":2,"name":"Tienda","item":"https:\/\/duett.es\/es\/tienda\/"},{"@type":"ListItem","position":3,"name":"Tapete escurridor de microfibra CUADROS NEGRO 41 x 46 cm"}]},{"@type":"WebSite","@id":"https:\/\/duett.es\/es\/#website","url":"https:\/\/duett.es\/es\/","name":"Duett","description":"","publisher":{"@id":"https:\/\/duett.es\/es\/#organization"},"potentialAction":[{"@type":"SearchAction","target":{"@type":"EntryPoint","urlTemplate":"https:\/\/duett.es\/es\/?s={search_term_string}"},"query-input":{"@type":"PropertyValueSpecification","valueRequired":true,"valueName":"search_term_string"}}],"inLanguage":"es"},{"@type":"Organization","@id":"https:\/\/duett.es\/es\/#organization","name":"Duett","url":"https:\/\/duett.es\/es\/","logo":{"@type":"ImageObject","inLanguage":"es","@id":"https:\/\/duett.es\/es\/#\/schema\/logo\/image\/","url":"https:\/\/duett.es\/wp-content\/uploads\/logo-duett.svg","contentUrl":"https:\/\/duett.es\/wp-content\/uploads\/logo-duett.svg","width":122,"height":34,"caption":"Duett"},"image":{"@id":"https:\/\/duett.es\/es\/#\/schema\/logo\/image\/"}}]}},"_links":{"self":[{"href":"https:\/\/duett.es\/es\/wp-json\/wp\/v2\/product\/841","targetHints":{"allow":["GET"]}}],"collection":[{"href":"https:\/\/duett.es\/es\/wp-json\/wp\/v2\/product"}],"about":[{"href":"https:\/\/duett.es\/es\/wp-json\/wp\/v2\/types\/product"}],"replies":[{"embeddable":true,"href":"https:\/\/duett.es\/es\/wp-json\/wp\/v2\/comments?post=841"}],"wp:featuredmedia":[{"embeddable":true,"href":"https:\/\/duett.es\/es\/wp-json\/wp\/v2\/media\/2674"}],"wp:attachment":[{"href":"https:\/\/duett.es\/es\/wp-json\/wp\/v2\/media?parent=841"}],"wp:term":[{"taxonomy":"product_brand","embeddable":true,"href":"https:\/\/duett.es\/es\/wp-json\/wp\/v2\/product_brand?post=841"},{"taxonomy":"product_cat","embeddable":true,"href":"https:\/\/duett.es\/es\/wp-json\/wp\/v2\/product_cat?post=841"},{"taxonomy":"product_tag","embeddable":true,"href":"https:\/\/duett.es\/es\/wp-json\/wp\/v2\/product_tag?post=841"}],"curies":[{"name":"wp","href":"https:\/\/api.w.org\/{rel}","templated":true}]}}