{"id":887,"date":"2025-06-05T08:17:27","date_gmt":"2025-06-05T08:17:27","guid":{"rendered":"https:\/\/duett.es\/product\/recipiente-cristal-1050-ml\/"},"modified":"2026-01-08T10:56:02","modified_gmt":"2026-01-08T10:56:02","slug":"recipiente-cristal-1050-ml","status":"publish","type":"product","link":"https:\/\/duett.es\/es\/producto\/recipiente-cristal-1050-ml\/","title":{"rendered":"Contenedor herm\u00e9tico 1050 ml con tapa de bamb\u00fa"},"content":{"rendered":"","protected":false},"excerpt":{"rendered":"<p>Vidrio de borosilicato y tapa de bamb\u00fa. 100% herm\u00e9tico. No retiene olores. Mantienen sus propiedades incluso con un uso intensivo en microondas, lavavajillas y congelador. La tapa de bamb\u00fa no debe introducirse en el lavavajillas. Libre de BPA. Provistos de cinta el\u00e1stica para asegurar el transporte.<\/p>\n","protected":false},"featured_media":1383,"comment_status":"closed","ping_status":"closed","template":"","meta":{"_acf_changed":false},"product_brand":[],"product_cat":[382],"product_tag":[],"class_list":{"0":"post-887","1":"product","2":"type-product","3":"status-publish","4":"has-post-thumbnail","6":"product_cat-outlet","8":"first","9":"instock","10":"taxable","11":"shipping-taxable","12":"purchasable","13":"product-type-simple"},"acf":[],"yoast_head":"<!-- This site is optimized with the Yoast SEO plugin v27.1.1 - https:\/\/yoast.com\/product\/yoast-seo-wordpress\/ -->\n<title>Contenedor herm\u00e9tico 1050 ml con tapa de bamb\u00fa - Duett<\/title>\n<meta name=\"description\" content=\"Vidrio de borosilicato y tapa de bamb\u00fa. 100% herm\u00e9tico. No retiene olores. Mantienen sus propiedades incluso con un uso intensivo en microondas, lavavajillas y congelador. La tapa de bamb\u00fa no debe introducirse en el lavavajillas. Libre de BPA. Provistos de cinta el\u00e1stica para asegurar el transporte.\" \/>\n<meta name=\"robots\" content=\"index, follow, max-snippet:-1, max-image-preview:large, max-video-preview:-1\" \/>\n<link rel=\"canonical\" href=\"https:\/\/duett.es\/es\/producto\/recipiente-cristal-1050-ml\/\" \/>\n<meta property=\"og:locale\" content=\"es_ES\" \/>\n<meta property=\"og:type\" content=\"article\" \/>\n<meta property=\"og:title\" content=\"Contenedor herm\u00e9tico 1050 ml con tapa de bamb\u00fa - Duett\" \/>\n<meta property=\"og:description\" content=\"Vidrio de borosilicato y tapa de bamb\u00fa. 100% herm\u00e9tico. No retiene olores. Mantienen sus propiedades incluso con un uso intensivo en microondas, lavavajillas y congelador. La tapa de bamb\u00fa no debe introducirse en el lavavajillas. Libre de BPA. Provistos de cinta el\u00e1stica para asegurar el transporte.\" \/>\n<meta property=\"og:url\" content=\"https:\/\/duett.es\/es\/producto\/recipiente-cristal-1050-ml\/\" \/>\n<meta property=\"og:site_name\" content=\"Duett\" \/>\n<meta property=\"article:modified_time\" content=\"2026-01-08T10:56:02+00:00\" \/>\n<meta property=\"og:image\" content=\"https:\/\/duett.es\/wp-content\/uploads\/9981050bam.webp\" \/>\n\t<meta property=\"og:image:width\" content=\"1920\" \/>\n\t<meta property=\"og:image:height\" content=\"2144\" \/>\n\t<meta property=\"og:image:type\" content=\"image\/webp\" \/>\n<meta name=\"twitter:card\" content=\"summary_large_image\" \/>\n<meta name=\"twitter:label1\" content=\"Tiempo de lectura\" \/>\n\t<meta name=\"twitter:data1\" content=\"1 minuto\" \/>\n<script type=\"application\/ld+json\" class=\"yoast-schema-graph\">{\"@context\":\"https:\/\/schema.org\",\"@graph\":[{\"@type\":\"WebPage\",\"@id\":\"https:\/\/duett.es\/es\/producto\/recipiente-cristal-1050-ml\/\",\"url\":\"https:\/\/duett.es\/es\/producto\/recipiente-cristal-1050-ml\/\",\"name\":\"Contenedor herm\u00e9tico 1050 ml con tapa de bamb\u00fa - Duett\",\"isPartOf\":{\"@id\":\"https:\/\/duett.es\/es\/#website\"},\"primaryImageOfPage\":{\"@id\":\"https:\/\/duett.es\/es\/producto\/recipiente-cristal-1050-ml\/#primaryimage\"},\"image\":{\"@id\":\"https:\/\/duett.es\/es\/producto\/recipiente-cristal-1050-ml\/#primaryimage\"},\"thumbnailUrl\":\"https:\/\/duett.es\/wp-content\/uploads\/9981050bam.webp\",\"datePublished\":\"2025-06-05T08:17:27+00:00\",\"dateModified\":\"2026-01-08T10:56:02+00:00\",\"description\":\"Vidrio de borosilicato y tapa de bamb\u00fa. 100% herm\u00e9tico. No retiene olores. Mantienen sus propiedades incluso con un uso intensivo en microondas, lavavajillas y congelador. La tapa de bamb\u00fa no debe introducirse en el lavavajillas. Libre de BPA. Provistos de cinta el\u00e1stica para asegurar el transporte.\",\"breadcrumb\":{\"@id\":\"https:\/\/duett.es\/es\/producto\/recipiente-cristal-1050-ml\/#breadcrumb\"},\"inLanguage\":\"es\",\"potentialAction\":[{\"@type\":\"ReadAction\",\"target\":[\"https:\/\/duett.es\/es\/producto\/recipiente-cristal-1050-ml\/\"]}]},{\"@type\":\"ImageObject\",\"inLanguage\":\"es\",\"@id\":\"https:\/\/duett.es\/es\/producto\/recipiente-cristal-1050-ml\/#primaryimage\",\"url\":\"https:\/\/duett.es\/wp-content\/uploads\/9981050bam.webp\",\"contentUrl\":\"https:\/\/duett.es\/wp-content\/uploads\/9981050bam.webp\",\"width\":1920,\"height\":2144},{\"@type\":\"BreadcrumbList\",\"@id\":\"https:\/\/duett.es\/es\/producto\/recipiente-cristal-1050-ml\/#breadcrumb\",\"itemListElement\":[{\"@type\":\"ListItem\",\"position\":1,\"name\":\"Portada\",\"item\":\"https:\/\/duett.es\/es\/\"},{\"@type\":\"ListItem\",\"position\":2,\"name\":\"Tienda\",\"item\":\"https:\/\/duett.es\/es\/tienda\/\"},{\"@type\":\"ListItem\",\"position\":3,\"name\":\"Contenedor herm\u00e9tico 1050 ml con tapa de bamb\u00fa\"}]},{\"@type\":\"WebSite\",\"@id\":\"https:\/\/duett.es\/es\/#website\",\"url\":\"https:\/\/duett.es\/es\/\",\"name\":\"Duett\",\"description\":\"\",\"publisher\":{\"@id\":\"https:\/\/duett.es\/es\/#organization\"},\"potentialAction\":[{\"@type\":\"SearchAction\",\"target\":{\"@type\":\"EntryPoint\",\"urlTemplate\":\"https:\/\/duett.es\/es\/?s={search_term_string}\"},\"query-input\":{\"@type\":\"PropertyValueSpecification\",\"valueRequired\":true,\"valueName\":\"search_term_string\"}}],\"inLanguage\":\"es\"},{\"@type\":\"Organization\",\"@id\":\"https:\/\/duett.es\/es\/#organization\",\"name\":\"Duett\",\"url\":\"https:\/\/duett.es\/es\/\",\"logo\":{\"@type\":\"ImageObject\",\"inLanguage\":\"es\",\"@id\":\"https:\/\/duett.es\/es\/#\/schema\/logo\/image\/\",\"url\":\"https:\/\/duett.es\/wp-content\/uploads\/logo-duett.svg\",\"contentUrl\":\"https:\/\/duett.es\/wp-content\/uploads\/logo-duett.svg\",\"width\":122,\"height\":34,\"caption\":\"Duett\"},\"image\":{\"@id\":\"https:\/\/duett.es\/es\/#\/schema\/logo\/image\/\"}}]}<\/script>\n<!-- \/ Yoast SEO plugin. -->","yoast_head_json":{"title":"Contenedor herm\u00e9tico 1050 ml con tapa de bamb\u00fa - Duett","description":"Vidrio de borosilicato y tapa de bamb\u00fa. 100% herm\u00e9tico. No retiene olores. Mantienen sus propiedades incluso con un uso intensivo en microondas, lavavajillas y congelador. La tapa de bamb\u00fa no debe introducirse en el lavavajillas. Libre de BPA. Provistos de cinta el\u00e1stica para asegurar el transporte.","robots":{"index":"index","follow":"follow","max-snippet":"max-snippet:-1","max-image-preview":"max-image-preview:large","max-video-preview":"max-video-preview:-1"},"canonical":"https:\/\/duett.es\/es\/producto\/recipiente-cristal-1050-ml\/","og_locale":"es_ES","og_type":"article","og_title":"Contenedor herm\u00e9tico 1050 ml con tapa de bamb\u00fa - Duett","og_description":"Vidrio de borosilicato y tapa de bamb\u00fa. 100% herm\u00e9tico. No retiene olores. Mantienen sus propiedades incluso con un uso intensivo en microondas, lavavajillas y congelador. La tapa de bamb\u00fa no debe introducirse en el lavavajillas. Libre de BPA. Provistos de cinta el\u00e1stica para asegurar el transporte.","og_url":"https:\/\/duett.es\/es\/producto\/recipiente-cristal-1050-ml\/","og_site_name":"Duett","article_modified_time":"2026-01-08T10:56:02+00:00","og_image":[{"width":1920,"height":2144,"url":"https:\/\/duett.es\/wp-content\/uploads\/9981050bam.webp","type":"image\/webp"}],"twitter_card":"summary_large_image","twitter_misc":{"Tiempo de lectura":"1 minuto"},"schema":{"@context":"https:\/\/schema.org","@graph":[{"@type":"WebPage","@id":"https:\/\/duett.es\/es\/producto\/recipiente-cristal-1050-ml\/","url":"https:\/\/duett.es\/es\/producto\/recipiente-cristal-1050-ml\/","name":"Contenedor herm\u00e9tico 1050 ml con tapa de bamb\u00fa - Duett","isPartOf":{"@id":"https:\/\/duett.es\/es\/#website"},"primaryImageOfPage":{"@id":"https:\/\/duett.es\/es\/producto\/recipiente-cristal-1050-ml\/#primaryimage"},"image":{"@id":"https:\/\/duett.es\/es\/producto\/recipiente-cristal-1050-ml\/#primaryimage"},"thumbnailUrl":"https:\/\/duett.es\/wp-content\/uploads\/9981050bam.webp","datePublished":"2025-06-05T08:17:27+00:00","dateModified":"2026-01-08T10:56:02+00:00","description":"Vidrio de borosilicato y tapa de bamb\u00fa. 100% herm\u00e9tico. No retiene olores. Mantienen sus propiedades incluso con un uso intensivo en microondas, lavavajillas y congelador. La tapa de bamb\u00fa no debe introducirse en el lavavajillas. Libre de BPA. Provistos de cinta el\u00e1stica para asegurar el transporte.","breadcrumb":{"@id":"https:\/\/duett.es\/es\/producto\/recipiente-cristal-1050-ml\/#breadcrumb"},"inLanguage":"es","potentialAction":[{"@type":"ReadAction","target":["https:\/\/duett.es\/es\/producto\/recipiente-cristal-1050-ml\/"]}]},{"@type":"ImageObject","inLanguage":"es","@id":"https:\/\/duett.es\/es\/producto\/recipiente-cristal-1050-ml\/#primaryimage","url":"https:\/\/duett.es\/wp-content\/uploads\/9981050bam.webp","contentUrl":"https:\/\/duett.es\/wp-content\/uploads\/9981050bam.webp","width":1920,"height":2144},{"@type":"BreadcrumbList","@id":"https:\/\/duett.es\/es\/producto\/recipiente-cristal-1050-ml\/#breadcrumb","itemListElement":[{"@type":"ListItem","position":1,"name":"Portada","item":"https:\/\/duett.es\/es\/"},{"@type":"ListItem","position":2,"name":"Tienda","item":"https:\/\/duett.es\/es\/tienda\/"},{"@type":"ListItem","position":3,"name":"Contenedor herm\u00e9tico 1050 ml con tapa de bamb\u00fa"}]},{"@type":"WebSite","@id":"https:\/\/duett.es\/es\/#website","url":"https:\/\/duett.es\/es\/","name":"Duett","description":"","publisher":{"@id":"https:\/\/duett.es\/es\/#organization"},"potentialAction":[{"@type":"SearchAction","target":{"@type":"EntryPoint","urlTemplate":"https:\/\/duett.es\/es\/?s={search_term_string}"},"query-input":{"@type":"PropertyValueSpecification","valueRequired":true,"valueName":"search_term_string"}}],"inLanguage":"es"},{"@type":"Organization","@id":"https:\/\/duett.es\/es\/#organization","name":"Duett","url":"https:\/\/duett.es\/es\/","logo":{"@type":"ImageObject","inLanguage":"es","@id":"https:\/\/duett.es\/es\/#\/schema\/logo\/image\/","url":"https:\/\/duett.es\/wp-content\/uploads\/logo-duett.svg","contentUrl":"https:\/\/duett.es\/wp-content\/uploads\/logo-duett.svg","width":122,"height":34,"caption":"Duett"},"image":{"@id":"https:\/\/duett.es\/es\/#\/schema\/logo\/image\/"}}]}},"_links":{"self":[{"href":"https:\/\/duett.es\/es\/wp-json\/wp\/v2\/product\/887","targetHints":{"allow":["GET"]}}],"collection":[{"href":"https:\/\/duett.es\/es\/wp-json\/wp\/v2\/product"}],"about":[{"href":"https:\/\/duett.es\/es\/wp-json\/wp\/v2\/types\/product"}],"replies":[{"embeddable":true,"href":"https:\/\/duett.es\/es\/wp-json\/wp\/v2\/comments?post=887"}],"wp:featuredmedia":[{"embeddable":true,"href":"https:\/\/duett.es\/es\/wp-json\/wp\/v2\/media\/1383"}],"wp:attachment":[{"href":"https:\/\/duett.es\/es\/wp-json\/wp\/v2\/media?parent=887"}],"wp:term":[{"taxonomy":"product_brand","embeddable":true,"href":"https:\/\/duett.es\/es\/wp-json\/wp\/v2\/product_brand?post=887"},{"taxonomy":"product_cat","embeddable":true,"href":"https:\/\/duett.es\/es\/wp-json\/wp\/v2\/product_cat?post=887"},{"taxonomy":"product_tag","embeddable":true,"href":"https:\/\/duett.es\/es\/wp-json\/wp\/v2\/product_tag?post=887"}],"curies":[{"name":"wp","href":"https:\/\/api.w.org\/{rel}","templated":true}]}}