{"id":962,"date":"2025-06-05T08:18:29","date_gmt":"2025-06-05T08:18:29","guid":{"rendered":"https:\/\/duett.es\/product\/cubo-de-reciclaje-de-6-litros-azul\/"},"modified":"2026-03-14T08:48:56","modified_gmt":"2026-03-14T08:48:56","slug":"cubo-de-reciclaje-de-6-litros-azul","status":"publish","type":"product","link":"https:\/\/duett.es\/es\/producto\/cubo-de-reciclaje-de-6-litros-azul\/","title":{"rendered":"Cubo de reciclaje de 6 litros, azul"},"content":{"rendered":"","protected":false},"excerpt":{"rendered":"<p>Duett presenta la nueva gama de cubos especialmente dise\u00f1ada para la gesti\u00f3n de residuos. La gran variedad de tama\u00f1os y capacidades permiten crear un sistema de clasificaci\u00f3n a medida de las necesidades de cada hogar. Todos los cubos vienen equipados con un marco extra\u00edble para fijar la bolsa de la basura en el interior y un accesorio de soporte para el montaje mural.<\/p>\n<p>Capacidad 6 litros<\/p>\n","protected":false},"featured_media":1945,"comment_status":"closed","ping_status":"closed","template":"","meta":{"_acf_changed":false},"product_brand":[],"product_cat":[382],"product_tag":[],"class_list":{"0":"post-962","1":"product","2":"type-product","3":"status-publish","4":"has-post-thumbnail","6":"product_cat-outlet","8":"first","9":"instock","10":"taxable","11":"shipping-taxable","12":"purchasable","13":"product-type-simple"},"acf":[],"yoast_head":"<!-- This site is optimized with the Yoast SEO plugin v27.1.1 - https:\/\/yoast.com\/product\/yoast-seo-wordpress\/ -->\n<title>Cubo de reciclaje de 6 litros, azul - Duett<\/title>\n<meta name=\"description\" content=\"Duett presenta la nueva gama de cubos especialmente dise\u00f1ada para la gesti\u00f3n de residuos. La gran variedad de tama\u00f1os y capacidades permiten crear un sistema de clasificaci\u00f3n a medida de las necesidades de cada hogar. Todos los cubos vienen equipados con un marco extra\u00edble para fijar la bolsa de la basura en el interior y un accesorio de soporte para el montaje mural.  Capacidad 6 litros\" \/>\n<meta name=\"robots\" content=\"index, follow, max-snippet:-1, max-image-preview:large, max-video-preview:-1\" \/>\n<link rel=\"canonical\" href=\"https:\/\/duett.es\/es\/producto\/cubo-de-reciclaje-de-6-litros-azul\/\" \/>\n<meta property=\"og:locale\" content=\"es_ES\" \/>\n<meta property=\"og:type\" content=\"article\" \/>\n<meta property=\"og:title\" content=\"Cubo de reciclaje de 6 litros, azul - Duett\" \/>\n<meta property=\"og:description\" content=\"Duett presenta la nueva gama de cubos especialmente dise\u00f1ada para la gesti\u00f3n de residuos. La gran variedad de tama\u00f1os y capacidades permiten crear un sistema de clasificaci\u00f3n a medida de las necesidades de cada hogar. Todos los cubos vienen equipados con un marco extra\u00edble para fijar la bolsa de la basura en el interior y un accesorio de soporte para el montaje mural.  Capacidad 6 litros\" \/>\n<meta property=\"og:url\" content=\"https:\/\/duett.es\/es\/producto\/cubo-de-reciclaje-de-6-litros-azul\/\" \/>\n<meta property=\"og:site_name\" content=\"Duett\" \/>\n<meta property=\"article:modified_time\" content=\"2026-03-14T08:48:56+00:00\" \/>\n<meta property=\"og:image\" content=\"https:\/\/duett.es\/wp-content\/uploads\/998219-012-rgb.jpg\" \/>\n\t<meta property=\"og:image:width\" content=\"3164\" \/>\n\t<meta property=\"og:image:height\" content=\"3059\" \/>\n\t<meta property=\"og:image:type\" content=\"image\/jpeg\" \/>\n<meta name=\"twitter:card\" content=\"summary_large_image\" \/>\n<meta name=\"twitter:label1\" content=\"Tiempo de lectura\" \/>\n\t<meta name=\"twitter:data1\" content=\"1 minuto\" \/>\n<script type=\"application\/ld+json\" class=\"yoast-schema-graph\">{\"@context\":\"https:\/\/schema.org\",\"@graph\":[{\"@type\":\"WebPage\",\"@id\":\"https:\/\/duett.es\/es\/producto\/cubo-de-reciclaje-de-6-litros-azul\/\",\"url\":\"https:\/\/duett.es\/es\/producto\/cubo-de-reciclaje-de-6-litros-azul\/\",\"name\":\"Cubo de reciclaje de 6 litros, azul - Duett\",\"isPartOf\":{\"@id\":\"https:\/\/duett.es\/es\/#website\"},\"primaryImageOfPage\":{\"@id\":\"https:\/\/duett.es\/es\/producto\/cubo-de-reciclaje-de-6-litros-azul\/#primaryimage\"},\"image\":{\"@id\":\"https:\/\/duett.es\/es\/producto\/cubo-de-reciclaje-de-6-litros-azul\/#primaryimage\"},\"thumbnailUrl\":\"https:\/\/duett.es\/wp-content\/uploads\/998219-012-rgb.jpg\",\"datePublished\":\"2025-06-05T08:18:29+00:00\",\"dateModified\":\"2026-03-14T08:48:56+00:00\",\"description\":\"Duett presenta la nueva gama de cubos especialmente dise\u00f1ada para la gesti\u00f3n de residuos. La gran variedad de tama\u00f1os y capacidades permiten crear un sistema de clasificaci\u00f3n a medida de las necesidades de cada hogar. Todos los cubos vienen equipados con un marco extra\u00edble para fijar la bolsa de la basura en el interior y un accesorio de soporte para el montaje mural. Capacidad 6 litros\",\"breadcrumb\":{\"@id\":\"https:\/\/duett.es\/es\/producto\/cubo-de-reciclaje-de-6-litros-azul\/#breadcrumb\"},\"inLanguage\":\"es\",\"potentialAction\":[{\"@type\":\"ReadAction\",\"target\":[\"https:\/\/duett.es\/es\/producto\/cubo-de-reciclaje-de-6-litros-azul\/\"]}]},{\"@type\":\"ImageObject\",\"inLanguage\":\"es\",\"@id\":\"https:\/\/duett.es\/es\/producto\/cubo-de-reciclaje-de-6-litros-azul\/#primaryimage\",\"url\":\"https:\/\/duett.es\/wp-content\/uploads\/998219-012-rgb.jpg\",\"contentUrl\":\"https:\/\/duett.es\/wp-content\/uploads\/998219-012-rgb.jpg\",\"width\":3164,\"height\":3059},{\"@type\":\"BreadcrumbList\",\"@id\":\"https:\/\/duett.es\/es\/producto\/cubo-de-reciclaje-de-6-litros-azul\/#breadcrumb\",\"itemListElement\":[{\"@type\":\"ListItem\",\"position\":1,\"name\":\"Portada\",\"item\":\"https:\/\/duett.es\/es\/\"},{\"@type\":\"ListItem\",\"position\":2,\"name\":\"Tienda\",\"item\":\"https:\/\/duett.es\/es\/tienda\/\"},{\"@type\":\"ListItem\",\"position\":3,\"name\":\"Cubo de reciclaje de 6 litros, azul\"}]},{\"@type\":\"WebSite\",\"@id\":\"https:\/\/duett.es\/es\/#website\",\"url\":\"https:\/\/duett.es\/es\/\",\"name\":\"Duett\",\"description\":\"\",\"publisher\":{\"@id\":\"https:\/\/duett.es\/es\/#organization\"},\"potentialAction\":[{\"@type\":\"SearchAction\",\"target\":{\"@type\":\"EntryPoint\",\"urlTemplate\":\"https:\/\/duett.es\/es\/?s={search_term_string}\"},\"query-input\":{\"@type\":\"PropertyValueSpecification\",\"valueRequired\":true,\"valueName\":\"search_term_string\"}}],\"inLanguage\":\"es\"},{\"@type\":\"Organization\",\"@id\":\"https:\/\/duett.es\/es\/#organization\",\"name\":\"Duett\",\"url\":\"https:\/\/duett.es\/es\/\",\"logo\":{\"@type\":\"ImageObject\",\"inLanguage\":\"es\",\"@id\":\"https:\/\/duett.es\/es\/#\/schema\/logo\/image\/\",\"url\":\"https:\/\/duett.es\/wp-content\/uploads\/logo-duett.svg\",\"contentUrl\":\"https:\/\/duett.es\/wp-content\/uploads\/logo-duett.svg\",\"width\":122,\"height\":34,\"caption\":\"Duett\"},\"image\":{\"@id\":\"https:\/\/duett.es\/es\/#\/schema\/logo\/image\/\"}}]}<\/script>\n<!-- \/ Yoast SEO plugin. -->","yoast_head_json":{"title":"Cubo de reciclaje de 6 litros, azul - Duett","description":"Duett presenta la nueva gama de cubos especialmente dise\u00f1ada para la gesti\u00f3n de residuos. La gran variedad de tama\u00f1os y capacidades permiten crear un sistema de clasificaci\u00f3n a medida de las necesidades de cada hogar. Todos los cubos vienen equipados con un marco extra\u00edble para fijar la bolsa de la basura en el interior y un accesorio de soporte para el montaje mural.  Capacidad 6 litros","robots":{"index":"index","follow":"follow","max-snippet":"max-snippet:-1","max-image-preview":"max-image-preview:large","max-video-preview":"max-video-preview:-1"},"canonical":"https:\/\/duett.es\/es\/producto\/cubo-de-reciclaje-de-6-litros-azul\/","og_locale":"es_ES","og_type":"article","og_title":"Cubo de reciclaje de 6 litros, azul - Duett","og_description":"Duett presenta la nueva gama de cubos especialmente dise\u00f1ada para la gesti\u00f3n de residuos. La gran variedad de tama\u00f1os y capacidades permiten crear un sistema de clasificaci\u00f3n a medida de las necesidades de cada hogar. Todos los cubos vienen equipados con un marco extra\u00edble para fijar la bolsa de la basura en el interior y un accesorio de soporte para el montaje mural.  Capacidad 6 litros","og_url":"https:\/\/duett.es\/es\/producto\/cubo-de-reciclaje-de-6-litros-azul\/","og_site_name":"Duett","article_modified_time":"2026-03-14T08:48:56+00:00","og_image":[{"width":3164,"height":3059,"url":"https:\/\/duett.es\/wp-content\/uploads\/998219-012-rgb.jpg","type":"image\/jpeg"}],"twitter_card":"summary_large_image","twitter_misc":{"Tiempo de lectura":"1 minuto"},"schema":{"@context":"https:\/\/schema.org","@graph":[{"@type":"WebPage","@id":"https:\/\/duett.es\/es\/producto\/cubo-de-reciclaje-de-6-litros-azul\/","url":"https:\/\/duett.es\/es\/producto\/cubo-de-reciclaje-de-6-litros-azul\/","name":"Cubo de reciclaje de 6 litros, azul - Duett","isPartOf":{"@id":"https:\/\/duett.es\/es\/#website"},"primaryImageOfPage":{"@id":"https:\/\/duett.es\/es\/producto\/cubo-de-reciclaje-de-6-litros-azul\/#primaryimage"},"image":{"@id":"https:\/\/duett.es\/es\/producto\/cubo-de-reciclaje-de-6-litros-azul\/#primaryimage"},"thumbnailUrl":"https:\/\/duett.es\/wp-content\/uploads\/998219-012-rgb.jpg","datePublished":"2025-06-05T08:18:29+00:00","dateModified":"2026-03-14T08:48:56+00:00","description":"Duett presenta la nueva gama de cubos especialmente dise\u00f1ada para la gesti\u00f3n de residuos. La gran variedad de tama\u00f1os y capacidades permiten crear un sistema de clasificaci\u00f3n a medida de las necesidades de cada hogar. Todos los cubos vienen equipados con un marco extra\u00edble para fijar la bolsa de la basura en el interior y un accesorio de soporte para el montaje mural. Capacidad 6 litros","breadcrumb":{"@id":"https:\/\/duett.es\/es\/producto\/cubo-de-reciclaje-de-6-litros-azul\/#breadcrumb"},"inLanguage":"es","potentialAction":[{"@type":"ReadAction","target":["https:\/\/duett.es\/es\/producto\/cubo-de-reciclaje-de-6-litros-azul\/"]}]},{"@type":"ImageObject","inLanguage":"es","@id":"https:\/\/duett.es\/es\/producto\/cubo-de-reciclaje-de-6-litros-azul\/#primaryimage","url":"https:\/\/duett.es\/wp-content\/uploads\/998219-012-rgb.jpg","contentUrl":"https:\/\/duett.es\/wp-content\/uploads\/998219-012-rgb.jpg","width":3164,"height":3059},{"@type":"BreadcrumbList","@id":"https:\/\/duett.es\/es\/producto\/cubo-de-reciclaje-de-6-litros-azul\/#breadcrumb","itemListElement":[{"@type":"ListItem","position":1,"name":"Portada","item":"https:\/\/duett.es\/es\/"},{"@type":"ListItem","position":2,"name":"Tienda","item":"https:\/\/duett.es\/es\/tienda\/"},{"@type":"ListItem","position":3,"name":"Cubo de reciclaje de 6 litros, azul"}]},{"@type":"WebSite","@id":"https:\/\/duett.es\/es\/#website","url":"https:\/\/duett.es\/es\/","name":"Duett","description":"","publisher":{"@id":"https:\/\/duett.es\/es\/#organization"},"potentialAction":[{"@type":"SearchAction","target":{"@type":"EntryPoint","urlTemplate":"https:\/\/duett.es\/es\/?s={search_term_string}"},"query-input":{"@type":"PropertyValueSpecification","valueRequired":true,"valueName":"search_term_string"}}],"inLanguage":"es"},{"@type":"Organization","@id":"https:\/\/duett.es\/es\/#organization","name":"Duett","url":"https:\/\/duett.es\/es\/","logo":{"@type":"ImageObject","inLanguage":"es","@id":"https:\/\/duett.es\/es\/#\/schema\/logo\/image\/","url":"https:\/\/duett.es\/wp-content\/uploads\/logo-duett.svg","contentUrl":"https:\/\/duett.es\/wp-content\/uploads\/logo-duett.svg","width":122,"height":34,"caption":"Duett"},"image":{"@id":"https:\/\/duett.es\/es\/#\/schema\/logo\/image\/"}}]}},"_links":{"self":[{"href":"https:\/\/duett.es\/es\/wp-json\/wp\/v2\/product\/962","targetHints":{"allow":["GET"]}}],"collection":[{"href":"https:\/\/duett.es\/es\/wp-json\/wp\/v2\/product"}],"about":[{"href":"https:\/\/duett.es\/es\/wp-json\/wp\/v2\/types\/product"}],"replies":[{"embeddable":true,"href":"https:\/\/duett.es\/es\/wp-json\/wp\/v2\/comments?post=962"}],"wp:featuredmedia":[{"embeddable":true,"href":"https:\/\/duett.es\/es\/wp-json\/wp\/v2\/media\/1945"}],"wp:attachment":[{"href":"https:\/\/duett.es\/es\/wp-json\/wp\/v2\/media?parent=962"}],"wp:term":[{"taxonomy":"product_brand","embeddable":true,"href":"https:\/\/duett.es\/es\/wp-json\/wp\/v2\/product_brand?post=962"},{"taxonomy":"product_cat","embeddable":true,"href":"https:\/\/duett.es\/es\/wp-json\/wp\/v2\/product_cat?post=962"},{"taxonomy":"product_tag","embeddable":true,"href":"https:\/\/duett.es\/es\/wp-json\/wp\/v2\/product_tag?post=962"}],"curies":[{"name":"wp","href":"https:\/\/api.w.org\/{rel}","templated":true}]}}