{"id":971,"date":"2025-06-05T08:18:38","date_gmt":"2025-06-05T08:18:38","guid":{"rendered":"https:\/\/duett.es\/product\/cubo-de-reciclaje-de-20-litros-marron\/"},"modified":"2025-12-11T14:20:13","modified_gmt":"2025-12-11T14:20:13","slug":"cubo-de-reciclaje-de-20-litros-marron","status":"publish","type":"product","link":"https:\/\/duett.es\/es\/producto\/cubo-de-reciclaje-de-20-litros-marron\/","title":{"rendered":"Cubo de reciclaje de 20 litros, marr\u00f3n"},"content":{"rendered":"","protected":false},"excerpt":{"rendered":"<p>Duett presenta la nueva gama de cubos especialmente dise\u00f1ada para la gesti\u00f3n de residuos. La gran variedad de tama\u00f1os y capacidades permiten crear un sistema de clasificaci\u00f3n a medida de las necesidades de cada hogar. Todos los cubos vienen equipados con un marco extra\u00edble para fijar la bolsa de la basura en el interior y un accesorio de soporte para el montaje mural.<\/p>\n<p>Capacidad 20 litros<\/p>\n","protected":false},"featured_media":1961,"comment_status":"closed","ping_status":"closed","template":"","meta":{"_acf_changed":false},"product_brand":[],"product_cat":[61],"product_tag":[],"class_list":{"0":"post-971","1":"product","2":"type-product","3":"status-publish","4":"has-post-thumbnail","6":"product_cat-cubos-de-reciclaje","8":"first","9":"instock","10":"taxable","11":"shipping-taxable","12":"purchasable","13":"product-type-simple"},"acf":[],"yoast_head":"<!-- This site is optimized with the Yoast SEO plugin v27.3 - https:\/\/yoast.com\/product\/yoast-seo-wordpress\/ -->\n<title>Cubo de reciclaje de 20 litros, marr\u00f3n - Duett<\/title>\n<meta name=\"description\" content=\"Duett presenta la nueva gama de cubos especialmente dise\u00f1ada para la gesti\u00f3n de residuos. La gran variedad de tama\u00f1os y capacidades permiten crear un sistema de clasificaci\u00f3n a medida de las necesidades de cada hogar. Todos los cubos vienen equipados con un marco extra\u00edble para fijar la bolsa de la basura en el interior y un accesorio de soporte para el montaje mural.  Capacidad 20 litros\" \/>\n<meta name=\"robots\" content=\"index, follow, max-snippet:-1, max-image-preview:large, max-video-preview:-1\" \/>\n<link rel=\"canonical\" href=\"https:\/\/duett.es\/es\/producto\/cubo-de-reciclaje-de-20-litros-marron\/\" \/>\n<meta property=\"og:locale\" content=\"es_ES\" \/>\n<meta property=\"og:type\" content=\"article\" \/>\n<meta property=\"og:title\" content=\"Cubo de reciclaje de 20 litros, marr\u00f3n - Duett\" \/>\n<meta property=\"og:description\" content=\"Duett presenta la nueva gama de cubos especialmente dise\u00f1ada para la gesti\u00f3n de residuos. La gran variedad de tama\u00f1os y capacidades permiten crear un sistema de clasificaci\u00f3n a medida de las necesidades de cada hogar. Todos los cubos vienen equipados con un marco extra\u00edble para fijar la bolsa de la basura en el interior y un accesorio de soporte para el montaje mural.  Capacidad 20 litros\" \/>\n<meta property=\"og:url\" content=\"https:\/\/duett.es\/es\/producto\/cubo-de-reciclaje-de-20-litros-marron\/\" \/>\n<meta property=\"og:site_name\" content=\"Duett\" \/>\n<meta property=\"article:modified_time\" content=\"2025-12-11T14:20:13+00:00\" \/>\n<meta property=\"og:image\" content=\"https:\/\/duett.es\/wp-content\/uploads\/998221-011-rgb-724x1024.jpg\" \/>\n\t<meta property=\"og:image:width\" content=\"724\" \/>\n\t<meta property=\"og:image:height\" content=\"1024\" \/>\n\t<meta property=\"og:image:type\" content=\"image\/jpeg\" \/>\n<meta name=\"twitter:card\" content=\"summary_large_image\" \/>\n<meta name=\"twitter:label1\" content=\"Tiempo de lectura\" \/>\n\t<meta name=\"twitter:data1\" content=\"1 minuto\" \/>\n<script type=\"application\/ld+json\" class=\"yoast-schema-graph\">{\"@context\":\"https:\\\/\\\/schema.org\",\"@graph\":[{\"@type\":\"WebPage\",\"@id\":\"https:\\\/\\\/duett.es\\\/es\\\/producto\\\/cubo-de-reciclaje-de-20-litros-marron\\\/\",\"url\":\"https:\\\/\\\/duett.es\\\/es\\\/producto\\\/cubo-de-reciclaje-de-20-litros-marron\\\/\",\"name\":\"Cubo de reciclaje de 20 litros, marr\u00f3n - Duett\",\"isPartOf\":{\"@id\":\"https:\\\/\\\/duett.es\\\/es\\\/#website\"},\"primaryImageOfPage\":{\"@id\":\"https:\\\/\\\/duett.es\\\/es\\\/producto\\\/cubo-de-reciclaje-de-20-litros-marron\\\/#primaryimage\"},\"image\":{\"@id\":\"https:\\\/\\\/duett.es\\\/es\\\/producto\\\/cubo-de-reciclaje-de-20-litros-marron\\\/#primaryimage\"},\"thumbnailUrl\":\"https:\\\/\\\/duett.es\\\/wp-content\\\/uploads\\\/998221-011-rgb.jpg\",\"datePublished\":\"2025-06-05T08:18:38+00:00\",\"dateModified\":\"2025-12-11T14:20:13+00:00\",\"description\":\"Duett presenta la nueva gama de cubos especialmente dise\u00f1ada para la gesti\u00f3n de residuos. La gran variedad de tama\u00f1os y capacidades permiten crear un sistema de clasificaci\u00f3n a medida de las necesidades de cada hogar. Todos los cubos vienen equipados con un marco extra\u00edble para fijar la bolsa de la basura en el interior y un accesorio de soporte para el montaje mural. Capacidad 20 litros\",\"breadcrumb\":{\"@id\":\"https:\\\/\\\/duett.es\\\/es\\\/producto\\\/cubo-de-reciclaje-de-20-litros-marron\\\/#breadcrumb\"},\"inLanguage\":\"es\",\"potentialAction\":[{\"@type\":\"ReadAction\",\"target\":[\"https:\\\/\\\/duett.es\\\/es\\\/producto\\\/cubo-de-reciclaje-de-20-litros-marron\\\/\"]}]},{\"@type\":\"ImageObject\",\"inLanguage\":\"es\",\"@id\":\"https:\\\/\\\/duett.es\\\/es\\\/producto\\\/cubo-de-reciclaje-de-20-litros-marron\\\/#primaryimage\",\"url\":\"https:\\\/\\\/duett.es\\\/wp-content\\\/uploads\\\/998221-011-rgb.jpg\",\"contentUrl\":\"https:\\\/\\\/duett.es\\\/wp-content\\\/uploads\\\/998221-011-rgb.jpg\",\"width\":3420,\"height\":4838},{\"@type\":\"BreadcrumbList\",\"@id\":\"https:\\\/\\\/duett.es\\\/es\\\/producto\\\/cubo-de-reciclaje-de-20-litros-marron\\\/#breadcrumb\",\"itemListElement\":[{\"@type\":\"ListItem\",\"position\":1,\"name\":\"Portada\",\"item\":\"https:\\\/\\\/duett.es\\\/es\\\/\"},{\"@type\":\"ListItem\",\"position\":2,\"name\":\"Tienda\",\"item\":\"https:\\\/\\\/duett.es\\\/es\\\/tienda\\\/\"},{\"@type\":\"ListItem\",\"position\":3,\"name\":\"Cubo de reciclaje de 20 litros, marr\u00f3n\"}]},{\"@type\":\"WebSite\",\"@id\":\"https:\\\/\\\/duett.es\\\/es\\\/#website\",\"url\":\"https:\\\/\\\/duett.es\\\/es\\\/\",\"name\":\"Duett\",\"description\":\"\",\"publisher\":{\"@id\":\"https:\\\/\\\/duett.es\\\/es\\\/#organization\"},\"potentialAction\":[{\"@type\":\"SearchAction\",\"target\":{\"@type\":\"EntryPoint\",\"urlTemplate\":\"https:\\\/\\\/duett.es\\\/es\\\/?s={search_term_string}\"},\"query-input\":{\"@type\":\"PropertyValueSpecification\",\"valueRequired\":true,\"valueName\":\"search_term_string\"}}],\"inLanguage\":\"es\"},{\"@type\":\"Organization\",\"@id\":\"https:\\\/\\\/duett.es\\\/es\\\/#organization\",\"name\":\"Duett\",\"url\":\"https:\\\/\\\/duett.es\\\/es\\\/\",\"logo\":{\"@type\":\"ImageObject\",\"inLanguage\":\"es\",\"@id\":\"https:\\\/\\\/duett.es\\\/es\\\/#\\\/schema\\\/logo\\\/image\\\/\",\"url\":\"https:\\\/\\\/duett.es\\\/wp-content\\\/uploads\\\/logo-duett.svg\",\"contentUrl\":\"https:\\\/\\\/duett.es\\\/wp-content\\\/uploads\\\/logo-duett.svg\",\"width\":122,\"height\":34,\"caption\":\"Duett\"},\"image\":{\"@id\":\"https:\\\/\\\/duett.es\\\/es\\\/#\\\/schema\\\/logo\\\/image\\\/\"}}]}<\/script>\n<!-- \/ Yoast SEO plugin. -->","yoast_head_json":{"title":"Cubo de reciclaje de 20 litros, marr\u00f3n - Duett","description":"Duett presenta la nueva gama de cubos especialmente dise\u00f1ada para la gesti\u00f3n de residuos. La gran variedad de tama\u00f1os y capacidades permiten crear un sistema de clasificaci\u00f3n a medida de las necesidades de cada hogar. Todos los cubos vienen equipados con un marco extra\u00edble para fijar la bolsa de la basura en el interior y un accesorio de soporte para el montaje mural.  Capacidad 20 litros","robots":{"index":"index","follow":"follow","max-snippet":"max-snippet:-1","max-image-preview":"max-image-preview:large","max-video-preview":"max-video-preview:-1"},"canonical":"https:\/\/duett.es\/es\/producto\/cubo-de-reciclaje-de-20-litros-marron\/","og_locale":"es_ES","og_type":"article","og_title":"Cubo de reciclaje de 20 litros, marr\u00f3n - Duett","og_description":"Duett presenta la nueva gama de cubos especialmente dise\u00f1ada para la gesti\u00f3n de residuos. La gran variedad de tama\u00f1os y capacidades permiten crear un sistema de clasificaci\u00f3n a medida de las necesidades de cada hogar. Todos los cubos vienen equipados con un marco extra\u00edble para fijar la bolsa de la basura en el interior y un accesorio de soporte para el montaje mural.  Capacidad 20 litros","og_url":"https:\/\/duett.es\/es\/producto\/cubo-de-reciclaje-de-20-litros-marron\/","og_site_name":"Duett","article_modified_time":"2025-12-11T14:20:13+00:00","og_image":[{"width":724,"height":1024,"url":"https:\/\/duett.es\/wp-content\/uploads\/998221-011-rgb-724x1024.jpg","type":"image\/jpeg"}],"twitter_card":"summary_large_image","twitter_misc":{"Tiempo de lectura":"1 minuto"},"schema":{"@context":"https:\/\/schema.org","@graph":[{"@type":"WebPage","@id":"https:\/\/duett.es\/es\/producto\/cubo-de-reciclaje-de-20-litros-marron\/","url":"https:\/\/duett.es\/es\/producto\/cubo-de-reciclaje-de-20-litros-marron\/","name":"Cubo de reciclaje de 20 litros, marr\u00f3n - Duett","isPartOf":{"@id":"https:\/\/duett.es\/es\/#website"},"primaryImageOfPage":{"@id":"https:\/\/duett.es\/es\/producto\/cubo-de-reciclaje-de-20-litros-marron\/#primaryimage"},"image":{"@id":"https:\/\/duett.es\/es\/producto\/cubo-de-reciclaje-de-20-litros-marron\/#primaryimage"},"thumbnailUrl":"https:\/\/duett.es\/wp-content\/uploads\/998221-011-rgb.jpg","datePublished":"2025-06-05T08:18:38+00:00","dateModified":"2025-12-11T14:20:13+00:00","description":"Duett presenta la nueva gama de cubos especialmente dise\u00f1ada para la gesti\u00f3n de residuos. La gran variedad de tama\u00f1os y capacidades permiten crear un sistema de clasificaci\u00f3n a medida de las necesidades de cada hogar. Todos los cubos vienen equipados con un marco extra\u00edble para fijar la bolsa de la basura en el interior y un accesorio de soporte para el montaje mural. Capacidad 20 litros","breadcrumb":{"@id":"https:\/\/duett.es\/es\/producto\/cubo-de-reciclaje-de-20-litros-marron\/#breadcrumb"},"inLanguage":"es","potentialAction":[{"@type":"ReadAction","target":["https:\/\/duett.es\/es\/producto\/cubo-de-reciclaje-de-20-litros-marron\/"]}]},{"@type":"ImageObject","inLanguage":"es","@id":"https:\/\/duett.es\/es\/producto\/cubo-de-reciclaje-de-20-litros-marron\/#primaryimage","url":"https:\/\/duett.es\/wp-content\/uploads\/998221-011-rgb.jpg","contentUrl":"https:\/\/duett.es\/wp-content\/uploads\/998221-011-rgb.jpg","width":3420,"height":4838},{"@type":"BreadcrumbList","@id":"https:\/\/duett.es\/es\/producto\/cubo-de-reciclaje-de-20-litros-marron\/#breadcrumb","itemListElement":[{"@type":"ListItem","position":1,"name":"Portada","item":"https:\/\/duett.es\/es\/"},{"@type":"ListItem","position":2,"name":"Tienda","item":"https:\/\/duett.es\/es\/tienda\/"},{"@type":"ListItem","position":3,"name":"Cubo de reciclaje de 20 litros, marr\u00f3n"}]},{"@type":"WebSite","@id":"https:\/\/duett.es\/es\/#website","url":"https:\/\/duett.es\/es\/","name":"Duett","description":"","publisher":{"@id":"https:\/\/duett.es\/es\/#organization"},"potentialAction":[{"@type":"SearchAction","target":{"@type":"EntryPoint","urlTemplate":"https:\/\/duett.es\/es\/?s={search_term_string}"},"query-input":{"@type":"PropertyValueSpecification","valueRequired":true,"valueName":"search_term_string"}}],"inLanguage":"es"},{"@type":"Organization","@id":"https:\/\/duett.es\/es\/#organization","name":"Duett","url":"https:\/\/duett.es\/es\/","logo":{"@type":"ImageObject","inLanguage":"es","@id":"https:\/\/duett.es\/es\/#\/schema\/logo\/image\/","url":"https:\/\/duett.es\/wp-content\/uploads\/logo-duett.svg","contentUrl":"https:\/\/duett.es\/wp-content\/uploads\/logo-duett.svg","width":122,"height":34,"caption":"Duett"},"image":{"@id":"https:\/\/duett.es\/es\/#\/schema\/logo\/image\/"}}]}},"_links":{"self":[{"href":"https:\/\/duett.es\/es\/wp-json\/wp\/v2\/product\/971","targetHints":{"allow":["GET"]}}],"collection":[{"href":"https:\/\/duett.es\/es\/wp-json\/wp\/v2\/product"}],"about":[{"href":"https:\/\/duett.es\/es\/wp-json\/wp\/v2\/types\/product"}],"replies":[{"embeddable":true,"href":"https:\/\/duett.es\/es\/wp-json\/wp\/v2\/comments?post=971"}],"wp:featuredmedia":[{"embeddable":true,"href":"https:\/\/duett.es\/es\/wp-json\/wp\/v2\/media\/1961"}],"wp:attachment":[{"href":"https:\/\/duett.es\/es\/wp-json\/wp\/v2\/media?parent=971"}],"wp:term":[{"taxonomy":"product_brand","embeddable":true,"href":"https:\/\/duett.es\/es\/wp-json\/wp\/v2\/product_brand?post=971"},{"taxonomy":"product_cat","embeddable":true,"href":"https:\/\/duett.es\/es\/wp-json\/wp\/v2\/product_cat?post=971"},{"taxonomy":"product_tag","embeddable":true,"href":"https:\/\/duett.es\/es\/wp-json\/wp\/v2\/product_tag?post=971"}],"curies":[{"name":"wp","href":"https:\/\/api.w.org\/{rel}","templated":true}]}}