{"id":980,"date":"2025-06-05T08:18:47","date_gmt":"2025-06-05T08:18:47","guid":{"rendered":"https:\/\/duett.es\/product\/set-de-4-cubos-de-reciclaje-de-12-litros\/"},"modified":"2026-01-09T08:55:09","modified_gmt":"2026-01-09T08:55:09","slug":"set-de-4-cubos-de-reciclaje-de-12-litros","status":"publish","type":"product","link":"https:\/\/duett.es\/es\/producto\/set-de-4-cubos-de-reciclaje-de-12-litros\/","title":{"rendered":"Set de 4 cubos de reciclaje de 12 litros"},"content":{"rendered":"","protected":false},"excerpt":{"rendered":"<p>Set de 4 cubos de 12 litros para la gesti\u00f3n de residuos. Cada set viene equipado con:<br \/>\n4 tapas de distintos colores (amarillo, azul, verde y marr\u00f3n)<br \/>\n4 marcos extra\u00edbles para fijar la bolsa de basura<br \/>\n4 accesorios de soporte y montaje mural<\/p>\n","protected":false},"featured_media":1979,"comment_status":"closed","ping_status":"closed","template":"","meta":{"_acf_changed":false},"product_brand":[],"product_cat":[382],"product_tag":[],"class_list":{"0":"post-980","1":"product","2":"type-product","3":"status-publish","4":"has-post-thumbnail","6":"product_cat-outlet","8":"first","9":"instock","10":"purchasable","11":"product-type-simple"},"acf":[],"yoast_head":"<!-- This site is optimized with the Yoast SEO plugin v27.1.1 - https:\/\/yoast.com\/product\/yoast-seo-wordpress\/ -->\n<title>Set de 4 cubos de reciclaje de 12 litros - Duett<\/title>\n<meta name=\"description\" content=\"Set de 4 cubos de 12 litros para la gesti\u00f3n de residuos. Cada set viene equipado con: 4 tapas de distintos colores (amarillo, azul, verde y marr\u00f3n) 4 marcos extra\u00edbles para fijar la bolsa de basura 4 accesorios de soporte y montaje mural\" \/>\n<meta name=\"robots\" content=\"index, follow, max-snippet:-1, max-image-preview:large, max-video-preview:-1\" \/>\n<link rel=\"canonical\" href=\"https:\/\/duett.es\/es\/producto\/set-de-4-cubos-de-reciclaje-de-12-litros\/\" \/>\n<meta property=\"og:locale\" content=\"es_ES\" \/>\n<meta property=\"og:type\" content=\"article\" \/>\n<meta property=\"og:title\" content=\"Set de 4 cubos de reciclaje de 12 litros - Duett\" \/>\n<meta property=\"og:description\" content=\"Set de 4 cubos de 12 litros para la gesti\u00f3n de residuos. Cada set viene equipado con: 4 tapas de distintos colores (amarillo, azul, verde y marr\u00f3n) 4 marcos extra\u00edbles para fijar la bolsa de basura 4 accesorios de soporte y montaje mural\" \/>\n<meta property=\"og:url\" content=\"https:\/\/duett.es\/es\/producto\/set-de-4-cubos-de-reciclaje-de-12-litros\/\" \/>\n<meta property=\"og:site_name\" content=\"Duett\" \/>\n<meta property=\"article:modified_time\" content=\"2026-01-09T08:55:09+00:00\" \/>\n<meta property=\"og:image\" content=\"https:\/\/duett.es\/wp-content\/uploads\/998223-001-set-rgb-649x1024.jpg\" \/>\n\t<meta property=\"og:image:width\" content=\"649\" \/>\n\t<meta property=\"og:image:height\" content=\"1024\" \/>\n\t<meta property=\"og:image:type\" content=\"image\/jpeg\" \/>\n<meta name=\"twitter:card\" content=\"summary_large_image\" \/>\n<meta name=\"twitter:label1\" content=\"Tiempo de lectura\" \/>\n\t<meta name=\"twitter:data1\" content=\"1 minuto\" \/>\n<script type=\"application\/ld+json\" class=\"yoast-schema-graph\">{\"@context\":\"https:\/\/schema.org\",\"@graph\":[{\"@type\":\"WebPage\",\"@id\":\"https:\/\/duett.es\/es\/producto\/set-de-4-cubos-de-reciclaje-de-12-litros\/\",\"url\":\"https:\/\/duett.es\/es\/producto\/set-de-4-cubos-de-reciclaje-de-12-litros\/\",\"name\":\"Set de 4 cubos de reciclaje de 12 litros - Duett\",\"isPartOf\":{\"@id\":\"https:\/\/duett.es\/es\/#website\"},\"primaryImageOfPage\":{\"@id\":\"https:\/\/duett.es\/es\/producto\/set-de-4-cubos-de-reciclaje-de-12-litros\/#primaryimage\"},\"image\":{\"@id\":\"https:\/\/duett.es\/es\/producto\/set-de-4-cubos-de-reciclaje-de-12-litros\/#primaryimage\"},\"thumbnailUrl\":\"https:\/\/duett.es\/wp-content\/uploads\/998223-001-set-rgb.jpg\",\"datePublished\":\"2025-06-05T08:18:47+00:00\",\"dateModified\":\"2026-01-09T08:55:09+00:00\",\"description\":\"Set de 4 cubos de 12 litros para la gesti\u00f3n de residuos. Cada set viene equipado con: 4 tapas de distintos colores (amarillo, azul, verde y marr\u00f3n) 4 marcos extra\u00edbles para fijar la bolsa de basura 4 accesorios de soporte y montaje mural\",\"breadcrumb\":{\"@id\":\"https:\/\/duett.es\/es\/producto\/set-de-4-cubos-de-reciclaje-de-12-litros\/#breadcrumb\"},\"inLanguage\":\"es\",\"potentialAction\":[{\"@type\":\"ReadAction\",\"target\":[\"https:\/\/duett.es\/es\/producto\/set-de-4-cubos-de-reciclaje-de-12-litros\/\"]}]},{\"@type\":\"ImageObject\",\"inLanguage\":\"es\",\"@id\":\"https:\/\/duett.es\/es\/producto\/set-de-4-cubos-de-reciclaje-de-12-litros\/#primaryimage\",\"url\":\"https:\/\/duett.es\/wp-content\/uploads\/998223-001-set-rgb.jpg\",\"contentUrl\":\"https:\/\/duett.es\/wp-content\/uploads\/998223-001-set-rgb.jpg\",\"width\":3000,\"height\":4734},{\"@type\":\"BreadcrumbList\",\"@id\":\"https:\/\/duett.es\/es\/producto\/set-de-4-cubos-de-reciclaje-de-12-litros\/#breadcrumb\",\"itemListElement\":[{\"@type\":\"ListItem\",\"position\":1,\"name\":\"Portada\",\"item\":\"https:\/\/duett.es\/es\/\"},{\"@type\":\"ListItem\",\"position\":2,\"name\":\"Tienda\",\"item\":\"https:\/\/duett.es\/es\/tienda\/\"},{\"@type\":\"ListItem\",\"position\":3,\"name\":\"Set de 4 cubos de reciclaje de 12 litros\"}]},{\"@type\":\"WebSite\",\"@id\":\"https:\/\/duett.es\/es\/#website\",\"url\":\"https:\/\/duett.es\/es\/\",\"name\":\"Duett\",\"description\":\"\",\"publisher\":{\"@id\":\"https:\/\/duett.es\/es\/#organization\"},\"potentialAction\":[{\"@type\":\"SearchAction\",\"target\":{\"@type\":\"EntryPoint\",\"urlTemplate\":\"https:\/\/duett.es\/es\/?s={search_term_string}\"},\"query-input\":{\"@type\":\"PropertyValueSpecification\",\"valueRequired\":true,\"valueName\":\"search_term_string\"}}],\"inLanguage\":\"es\"},{\"@type\":\"Organization\",\"@id\":\"https:\/\/duett.es\/es\/#organization\",\"name\":\"Duett\",\"url\":\"https:\/\/duett.es\/es\/\",\"logo\":{\"@type\":\"ImageObject\",\"inLanguage\":\"es\",\"@id\":\"https:\/\/duett.es\/es\/#\/schema\/logo\/image\/\",\"url\":\"https:\/\/duett.es\/wp-content\/uploads\/logo-duett.svg\",\"contentUrl\":\"https:\/\/duett.es\/wp-content\/uploads\/logo-duett.svg\",\"width\":122,\"height\":34,\"caption\":\"Duett\"},\"image\":{\"@id\":\"https:\/\/duett.es\/es\/#\/schema\/logo\/image\/\"}}]}<\/script>\n<!-- \/ Yoast SEO plugin. -->","yoast_head_json":{"title":"Set de 4 cubos de reciclaje de 12 litros - Duett","description":"Set de 4 cubos de 12 litros para la gesti\u00f3n de residuos. Cada set viene equipado con: 4 tapas de distintos colores (amarillo, azul, verde y marr\u00f3n) 4 marcos extra\u00edbles para fijar la bolsa de basura 4 accesorios de soporte y montaje mural","robots":{"index":"index","follow":"follow","max-snippet":"max-snippet:-1","max-image-preview":"max-image-preview:large","max-video-preview":"max-video-preview:-1"},"canonical":"https:\/\/duett.es\/es\/producto\/set-de-4-cubos-de-reciclaje-de-12-litros\/","og_locale":"es_ES","og_type":"article","og_title":"Set de 4 cubos de reciclaje de 12 litros - Duett","og_description":"Set de 4 cubos de 12 litros para la gesti\u00f3n de residuos. Cada set viene equipado con: 4 tapas de distintos colores (amarillo, azul, verde y marr\u00f3n) 4 marcos extra\u00edbles para fijar la bolsa de basura 4 accesorios de soporte y montaje mural","og_url":"https:\/\/duett.es\/es\/producto\/set-de-4-cubos-de-reciclaje-de-12-litros\/","og_site_name":"Duett","article_modified_time":"2026-01-09T08:55:09+00:00","og_image":[{"width":649,"height":1024,"url":"https:\/\/duett.es\/wp-content\/uploads\/998223-001-set-rgb-649x1024.jpg","type":"image\/jpeg"}],"twitter_card":"summary_large_image","twitter_misc":{"Tiempo de lectura":"1 minuto"},"schema":{"@context":"https:\/\/schema.org","@graph":[{"@type":"WebPage","@id":"https:\/\/duett.es\/es\/producto\/set-de-4-cubos-de-reciclaje-de-12-litros\/","url":"https:\/\/duett.es\/es\/producto\/set-de-4-cubos-de-reciclaje-de-12-litros\/","name":"Set de 4 cubos de reciclaje de 12 litros - Duett","isPartOf":{"@id":"https:\/\/duett.es\/es\/#website"},"primaryImageOfPage":{"@id":"https:\/\/duett.es\/es\/producto\/set-de-4-cubos-de-reciclaje-de-12-litros\/#primaryimage"},"image":{"@id":"https:\/\/duett.es\/es\/producto\/set-de-4-cubos-de-reciclaje-de-12-litros\/#primaryimage"},"thumbnailUrl":"https:\/\/duett.es\/wp-content\/uploads\/998223-001-set-rgb.jpg","datePublished":"2025-06-05T08:18:47+00:00","dateModified":"2026-01-09T08:55:09+00:00","description":"Set de 4 cubos de 12 litros para la gesti\u00f3n de residuos. Cada set viene equipado con: 4 tapas de distintos colores (amarillo, azul, verde y marr\u00f3n) 4 marcos extra\u00edbles para fijar la bolsa de basura 4 accesorios de soporte y montaje mural","breadcrumb":{"@id":"https:\/\/duett.es\/es\/producto\/set-de-4-cubos-de-reciclaje-de-12-litros\/#breadcrumb"},"inLanguage":"es","potentialAction":[{"@type":"ReadAction","target":["https:\/\/duett.es\/es\/producto\/set-de-4-cubos-de-reciclaje-de-12-litros\/"]}]},{"@type":"ImageObject","inLanguage":"es","@id":"https:\/\/duett.es\/es\/producto\/set-de-4-cubos-de-reciclaje-de-12-litros\/#primaryimage","url":"https:\/\/duett.es\/wp-content\/uploads\/998223-001-set-rgb.jpg","contentUrl":"https:\/\/duett.es\/wp-content\/uploads\/998223-001-set-rgb.jpg","width":3000,"height":4734},{"@type":"BreadcrumbList","@id":"https:\/\/duett.es\/es\/producto\/set-de-4-cubos-de-reciclaje-de-12-litros\/#breadcrumb","itemListElement":[{"@type":"ListItem","position":1,"name":"Portada","item":"https:\/\/duett.es\/es\/"},{"@type":"ListItem","position":2,"name":"Tienda","item":"https:\/\/duett.es\/es\/tienda\/"},{"@type":"ListItem","position":3,"name":"Set de 4 cubos de reciclaje de 12 litros"}]},{"@type":"WebSite","@id":"https:\/\/duett.es\/es\/#website","url":"https:\/\/duett.es\/es\/","name":"Duett","description":"","publisher":{"@id":"https:\/\/duett.es\/es\/#organization"},"potentialAction":[{"@type":"SearchAction","target":{"@type":"EntryPoint","urlTemplate":"https:\/\/duett.es\/es\/?s={search_term_string}"},"query-input":{"@type":"PropertyValueSpecification","valueRequired":true,"valueName":"search_term_string"}}],"inLanguage":"es"},{"@type":"Organization","@id":"https:\/\/duett.es\/es\/#organization","name":"Duett","url":"https:\/\/duett.es\/es\/","logo":{"@type":"ImageObject","inLanguage":"es","@id":"https:\/\/duett.es\/es\/#\/schema\/logo\/image\/","url":"https:\/\/duett.es\/wp-content\/uploads\/logo-duett.svg","contentUrl":"https:\/\/duett.es\/wp-content\/uploads\/logo-duett.svg","width":122,"height":34,"caption":"Duett"},"image":{"@id":"https:\/\/duett.es\/es\/#\/schema\/logo\/image\/"}}]}},"_links":{"self":[{"href":"https:\/\/duett.es\/es\/wp-json\/wp\/v2\/product\/980","targetHints":{"allow":["GET"]}}],"collection":[{"href":"https:\/\/duett.es\/es\/wp-json\/wp\/v2\/product"}],"about":[{"href":"https:\/\/duett.es\/es\/wp-json\/wp\/v2\/types\/product"}],"replies":[{"embeddable":true,"href":"https:\/\/duett.es\/es\/wp-json\/wp\/v2\/comments?post=980"}],"wp:featuredmedia":[{"embeddable":true,"href":"https:\/\/duett.es\/es\/wp-json\/wp\/v2\/media\/1979"}],"wp:attachment":[{"href":"https:\/\/duett.es\/es\/wp-json\/wp\/v2\/media?parent=980"}],"wp:term":[{"taxonomy":"product_brand","embeddable":true,"href":"https:\/\/duett.es\/es\/wp-json\/wp\/v2\/product_brand?post=980"},{"taxonomy":"product_cat","embeddable":true,"href":"https:\/\/duett.es\/es\/wp-json\/wp\/v2\/product_cat?post=980"},{"taxonomy":"product_tag","embeddable":true,"href":"https:\/\/duett.es\/es\/wp-json\/wp\/v2\/product_tag?post=980"}],"curies":[{"name":"wp","href":"https:\/\/api.w.org\/{rel}","templated":true}]}}